{"id":831,"date":"2021-07-22T10:37:17","date_gmt":"2021-07-22T13:37:17","guid":{"rendered":"https:\/\/homologacao.clarustactical.com.br\/wordpress\/?post_type=product&#038;p=831"},"modified":"2026-01-23T09:06:35","modified_gmt":"2026-01-23T12:06:35","slug":"clarus-tactical-vegelub-protection-k1-spray-60ml-2","status":"publish","type":"product","link":"https:\/\/clarustactical.com\/loja\/produto\/clarus-tactical-vegelub-protection-k1-spray-60ml-2\/","title":{"rendered":"Protetivo Anticorrosivo para Armas \u2013 ProArmas By CLARUS Tactical \u2013 Spray &#8211; 60ml"},"content":{"rendered":"<p><strong>Protetivo Anticorrosivo &#8211; ProArmas By CLARUS Tactical. Prote\u00e7\u00e3o para Armas e Cutelaria. Ideal para armazenamento e colecionismo. Pel\u00edcula protetiva de longa dura\u00e7\u00e3o. Repele umidade.<\/strong>\u00a0At\u00f3xico e N\u00e3o Inflam\u00e1vel. Embalagem: frasco spray de 60ml.<\/p>\n<p><iframe loading=\"lazy\" title=\"YouTube video player\" src=\"https:\/\/www.youtube.com\/embed\/gsAC321Mw64?&amp;iv_load_policy=1&amp;modestbranding=0&amp;rel=0&amp;showinfo=0&amp;theme=dark&amp;vq=default\" width=\"560\" height=\"315\" frameborder=\"0\" allowfullscreen=\"allowfullscreen\"><span data-mce-type=\"bookmark\" style=\"display: inline-block; width: 0px; overflow: hidden; line-height: 0;\" class=\"mce_SELRES_start\">\ufeff<\/span><span data-mce-type=\"bookmark\" style=\"display: inline-block; width: 0px; overflow: hidden; line-height: 0;\" class=\"mce_SELRES_start\">\ufeff<\/span><\/iframe><\/p>\n<p><strong>Informa\u00e7\u00f5es sobre o produto:<\/strong><\/p>\n<p>Protetivo Anticorrosivo para Armas &#8211; L\u00edquido proporciona prote\u00e7\u00e3o anticorrosiva de longa dura\u00e7\u00e3o, ideal para armas, equipamentos t\u00e1ticos (EDC) e cutelaria, inclusive para uso de colecionadores. Ideal para prote\u00e7\u00e3o de partes internas e externas das armas, inclusive cano e mecanismos. M\u00faltipla a\u00e7\u00e3o: forma uma pel\u00edcula lubrificante e protetiva. Ideal mesmo em ambientes corrosivos ou quando sujeitas a intemp\u00e9ries severas.<\/p>\n<p><strong>Propriedades:<\/strong><\/p>\n<ul>\n<li>N\u00e3o inflam\u00e1vel. (atende NR-16 e 20);<\/li>\n<li>N\u00e3o insalubre. At\u00f3xico. (atende NR-15);<\/li>\n<li>Biodegrad\u00e1vel. Isento de \u00f3leos minerais;<\/li>\n<li>Protetivo Anticorrosivo Extremo: alta ader\u00eancia e resist\u00eancia, inclusive a maresia.<\/li>\n<li>Devido \u00e0 sua colora\u00e7\u00e3o, permite a visualiza\u00e7\u00e3o das \u00e1reas j\u00e1 protegidas;<\/li>\n<li>Forma\u00e7\u00e3o de um filme protetivo resistente em ambientes de alta corrosividade;<\/li>\n<li>Resistente a intemp\u00e9ries salinas;<\/li>\n<li>Protege as superf\u00edcies durante longos per\u00edodos de exposi\u00e7\u00e3o cont\u00ednua;<\/li>\n<li>N\u00e3o ataca as superf\u00edcies em geral. (pinturas, pl\u00e1sticos, borrachas e metais);<\/li>\n<li>Diferente de protetivos de pel\u00edcula seca, pode ser facilmente removido com solvente ecol\u00f3gico ap\u00f3s a utiliza\u00e7\u00e3o.<\/li>\n<\/ul>\n<p><strong>Campo de aplica\u00e7\u00e3o:<\/strong><\/p>\n<p>Ideal para prote\u00e7\u00e3o de partes internas das armas, inclusive cano e mecanismos;<br \/>\nM\u00faltipla a\u00e7\u00e3o: forma uma pel\u00edcula lubrificante e protetiva.<br \/>\nIdeal mesmo em ambientes corrosivos ou quando sujeitas a intemp\u00e9ries severas.<\/p>\n<p><strong>Embalagem:<\/strong> frasco spray de 60ml.<\/p>\n<p><strong style=\"line-height: 1.5;\">Especifica\u00e7\u00e3o T\u00e9cnica:<\/strong><\/p>\n<p>Classifica\u00e7\u00e3o do produto: N\u00e3o classificado.<br \/>\nFabricante: CLARUS Technology do Brasil.<\/p>\n<p><strong style=\"line-height: 1.5;\">Envio:<\/strong><\/p>\n<p>Seu pedido ser\u00e1 enviado \u00e0 transportadora em at\u00e9 5 dias \u00fateis ap\u00f3s a confirma\u00e7\u00e3o do pagamento. O prazo de entrega poder\u00e1 variar dependendo da regi\u00e3o e forma de envio escolhida. Sujeito a disponibilidade do Fornecedor.<\/p>\n<p>Refer\u00eancia do nome\u00a0anterior do produto: <strong>CLARUS Tactical VegeLub Protection K1<\/strong><\/p>\n","protected":false},"excerpt":{"rendered":"<p>Spray protetivo anticorrosivo. Prote\u00e7\u00e3o para Armas e Cutelaria. At\u00f3xico e N\u00e3o Inflam\u00e1vel. Embalagem: 60ml.<\/p>\n","protected":false},"featured_media":914,"comment_status":"closed","ping_status":"closed","template":"","meta":[],"product_cat":[191,195],"product_tag":[],"brands":[{"id":172,"name":"ProArmas By CLARUS Tactical","slug":"proarmas-by-clarus-tactical"}],"yoast_head":"<!-- This site is optimized with the Yoast SEO plugin v17.1 - https:\/\/yoast.com\/wordpress\/plugins\/seo\/ -->\n<title>Protetivo Anticorrosivo para Armas \u2013 ProArmas By CLARUS Tactical \u2013 Spray - 60ml &ndash; CLARUS Tactical - Loja Oficial<\/title>\n<meta name=\"robots\" content=\"index, follow, max-snippet:-1, max-image-preview:large, max-video-preview:-1\" \/>\n<link rel=\"canonical\" href=\"https:\/\/clarustactical.com\/loja\/produto\/clarus-tactical-vegelub-protection-k1-spray-60ml-2\/\" \/>\n<meta property=\"og:locale\" content=\"pt_BR\" \/>\n<meta property=\"og:type\" content=\"article\" \/>\n<meta property=\"og:title\" content=\"Protetivo Anticorrosivo para Armas \u2013 ProArmas By CLARUS Tactical \u2013 Spray - 60ml &ndash; CLARUS Tactical - Loja Oficial\" \/>\n<meta property=\"og:description\" content=\"Spray protetivo anticorrosivo. Prote\u00e7\u00e3o para Armas e Cutelaria. At\u00f3xico e N\u00e3o Inflam\u00e1vel. Embalagem: 60ml.\" \/>\n<meta property=\"og:url\" content=\"https:\/\/clarustactical.com\/loja\/produto\/clarus-tactical-vegelub-protection-k1-spray-60ml-2\/\" \/>\n<meta property=\"og:site_name\" content=\"CLARUS Tactical - Loja Oficial\" \/>\n<meta property=\"article:modified_time\" content=\"2026-01-23T12:06:35+00:00\" \/>\n<meta property=\"og:image\" content=\"https:\/\/clarustactical.com\/loja\/wp-content\/uploads\/2021\/07\/proarmas-protetivo.png\" \/>\n\t<meta property=\"og:image:width\" content=\"950\" \/>\n\t<meta property=\"og:image:height\" content=\"950\" \/>\n<meta name=\"twitter:card\" content=\"summary_large_image\" \/>\n<meta name=\"twitter:label1\" content=\"Est. reading time\" \/>\n\t<meta name=\"twitter:data1\" content=\"2 minutos\" \/>\n<script type=\"application\/ld+json\" class=\"yoast-schema-graph\">{\"@context\":\"https:\/\/schema.org\",\"@graph\":[{\"@type\":\"WebSite\",\"@id\":\"https:\/\/clarustactical.com\/loja\/#website\",\"url\":\"https:\/\/clarustactical.com\/loja\/\",\"name\":\"ProArmas by CLARUS Tactical\",\"description\":\"Produtos para Manuten\\u00e7\\u00e3o de Armas\",\"potentialAction\":[{\"@type\":\"SearchAction\",\"target\":{\"@type\":\"EntryPoint\",\"urlTemplate\":\"https:\/\/clarustactical.com\/loja\/?s={search_term_string}\"},\"query-input\":\"required name=search_term_string\"}],\"inLanguage\":\"pt-BR\"},{\"@type\":\"ImageObject\",\"@id\":\"https:\/\/clarustactical.com\/loja\/produto\/clarus-tactical-vegelub-protection-k1-spray-60ml-2\/#primaryimage\",\"inLanguage\":\"pt-BR\",\"url\":\"https:\/\/clarustactical.com\/loja\/wp-content\/uploads\/2021\/07\/proarmas-protetivo.png\",\"contentUrl\":\"https:\/\/clarustactical.com\/loja\/wp-content\/uploads\/2021\/07\/proarmas-protetivo.png\",\"width\":950,\"height\":950},{\"@type\":\"WebPage\",\"@id\":\"https:\/\/clarustactical.com\/loja\/produto\/clarus-tactical-vegelub-protection-k1-spray-60ml-2\/#webpage\",\"url\":\"https:\/\/clarustactical.com\/loja\/produto\/clarus-tactical-vegelub-protection-k1-spray-60ml-2\/\",\"name\":\"Protetivo Anticorrosivo para Armas \\u2013 ProArmas By CLARUS Tactical \\u2013 Spray - 60ml &ndash; CLARUS Tactical - Loja Oficial\",\"isPartOf\":{\"@id\":\"https:\/\/clarustactical.com\/loja\/#website\"},\"primaryImageOfPage\":{\"@id\":\"https:\/\/clarustactical.com\/loja\/produto\/clarus-tactical-vegelub-protection-k1-spray-60ml-2\/#primaryimage\"},\"datePublished\":\"2021-07-22T13:37:17+00:00\",\"dateModified\":\"2026-01-23T12:06:35+00:00\",\"breadcrumb\":{\"@id\":\"https:\/\/clarustactical.com\/loja\/produto\/clarus-tactical-vegelub-protection-k1-spray-60ml-2\/#breadcrumb\"},\"inLanguage\":\"pt-BR\",\"potentialAction\":[{\"@type\":\"ReadAction\",\"target\":[\"https:\/\/clarustactical.com\/loja\/produto\/clarus-tactical-vegelub-protection-k1-spray-60ml-2\/\"]}]},{\"@type\":\"BreadcrumbList\",\"@id\":\"https:\/\/clarustactical.com\/loja\/produto\/clarus-tactical-vegelub-protection-k1-spray-60ml-2\/#breadcrumb\",\"itemListElement\":[{\"@type\":\"ListItem\",\"position\":1,\"name\":\"Home\",\"item\":\"https:\/\/clarustactical.com\/loja\/\"},{\"@type\":\"ListItem\",\"position\":2,\"name\":\"Shop\",\"item\":\"https:\/\/clarustactical.com\/loja\/shop\/\"},{\"@type\":\"ListItem\",\"position\":3,\"name\":\"Protetivo Anticorrosivo para Armas \\u2013 ProArmas By CLARUS Tactical \\u2013 Spray &#8211; 60ml\"}]}]}<\/script>\n<!-- \/ Yoast SEO plugin. -->","yoast_head_json":{"title":"Protetivo Anticorrosivo para Armas \u2013 ProArmas By CLARUS Tactical \u2013 Spray - 60ml &ndash; CLARUS Tactical - Loja Oficial","robots":{"index":"index","follow":"follow","max-snippet":"max-snippet:-1","max-image-preview":"max-image-preview:large","max-video-preview":"max-video-preview:-1"},"canonical":"https:\/\/clarustactical.com\/loja\/produto\/clarus-tactical-vegelub-protection-k1-spray-60ml-2\/","og_locale":"pt_BR","og_type":"article","og_title":"Protetivo Anticorrosivo para Armas \u2013 ProArmas By CLARUS Tactical \u2013 Spray - 60ml &ndash; CLARUS Tactical - Loja Oficial","og_description":"Spray protetivo anticorrosivo. Prote\u00e7\u00e3o para Armas e Cutelaria. At\u00f3xico e N\u00e3o Inflam\u00e1vel. Embalagem: 60ml.","og_url":"https:\/\/clarustactical.com\/loja\/produto\/clarus-tactical-vegelub-protection-k1-spray-60ml-2\/","og_site_name":"CLARUS Tactical - Loja Oficial","article_modified_time":"2026-01-23T12:06:35+00:00","og_image":[{"width":950,"height":950,"url":"https:\/\/clarustactical.com\/loja\/wp-content\/uploads\/2021\/07\/proarmas-protetivo.png","path":"\/var\/www\/html\/w3-clarustactical\/loja\/wp-content\/uploads\/2021\/07\/proarmas-protetivo.png","size":"full","id":914,"alt":"","pixels":902500,"type":"image\/png"}],"twitter_card":"summary_large_image","twitter_misc":{"Est. reading time":"2 minutos"},"schema":{"@context":"https:\/\/schema.org","@graph":[{"@type":"WebSite","@id":"https:\/\/clarustactical.com\/loja\/#website","url":"https:\/\/clarustactical.com\/loja\/","name":"ProArmas by CLARUS Tactical","description":"Produtos para Manuten\u00e7\u00e3o de Armas","potentialAction":[{"@type":"SearchAction","target":{"@type":"EntryPoint","urlTemplate":"https:\/\/clarustactical.com\/loja\/?s={search_term_string}"},"query-input":"required name=search_term_string"}],"inLanguage":"pt-BR"},{"@type":"ImageObject","@id":"https:\/\/clarustactical.com\/loja\/produto\/clarus-tactical-vegelub-protection-k1-spray-60ml-2\/#primaryimage","inLanguage":"pt-BR","url":"https:\/\/clarustactical.com\/loja\/wp-content\/uploads\/2021\/07\/proarmas-protetivo.png","contentUrl":"https:\/\/clarustactical.com\/loja\/wp-content\/uploads\/2021\/07\/proarmas-protetivo.png","width":950,"height":950},{"@type":"WebPage","@id":"https:\/\/clarustactical.com\/loja\/produto\/clarus-tactical-vegelub-protection-k1-spray-60ml-2\/#webpage","url":"https:\/\/clarustactical.com\/loja\/produto\/clarus-tactical-vegelub-protection-k1-spray-60ml-2\/","name":"Protetivo Anticorrosivo para Armas \u2013 ProArmas By CLARUS Tactical \u2013 Spray - 60ml &ndash; CLARUS Tactical - Loja Oficial","isPartOf":{"@id":"https:\/\/clarustactical.com\/loja\/#website"},"primaryImageOfPage":{"@id":"https:\/\/clarustactical.com\/loja\/produto\/clarus-tactical-vegelub-protection-k1-spray-60ml-2\/#primaryimage"},"datePublished":"2021-07-22T13:37:17+00:00","dateModified":"2026-01-23T12:06:35+00:00","breadcrumb":{"@id":"https:\/\/clarustactical.com\/loja\/produto\/clarus-tactical-vegelub-protection-k1-spray-60ml-2\/#breadcrumb"},"inLanguage":"pt-BR","potentialAction":[{"@type":"ReadAction","target":["https:\/\/clarustactical.com\/loja\/produto\/clarus-tactical-vegelub-protection-k1-spray-60ml-2\/"]}]},{"@type":"BreadcrumbList","@id":"https:\/\/clarustactical.com\/loja\/produto\/clarus-tactical-vegelub-protection-k1-spray-60ml-2\/#breadcrumb","itemListElement":[{"@type":"ListItem","position":1,"name":"Home","item":"https:\/\/clarustactical.com\/loja\/"},{"@type":"ListItem","position":2,"name":"Shop","item":"https:\/\/clarustactical.com\/loja\/shop\/"},{"@type":"ListItem","position":3,"name":"Protetivo Anticorrosivo para Armas \u2013 ProArmas By CLARUS Tactical \u2013 Spray &#8211; 60ml"}]}]}},"_links":{"self":[{"href":"https:\/\/clarustactical.com\/loja\/wp-json\/wp\/v2\/product\/831"}],"collection":[{"href":"https:\/\/clarustactical.com\/loja\/wp-json\/wp\/v2\/product"}],"about":[{"href":"https:\/\/clarustactical.com\/loja\/wp-json\/wp\/v2\/types\/product"}],"replies":[{"embeddable":true,"href":"https:\/\/clarustactical.com\/loja\/wp-json\/wp\/v2\/comments?post=831"}],"wp:featuredmedia":[{"embeddable":true,"href":"https:\/\/clarustactical.com\/loja\/wp-json\/wp\/v2\/media\/914"}],"wp:attachment":[{"href":"https:\/\/clarustactical.com\/loja\/wp-json\/wp\/v2\/media?parent=831"}],"wp:term":[{"taxonomy":"product_cat","embeddable":true,"href":"https:\/\/clarustactical.com\/loja\/wp-json\/wp\/v2\/product_cat?post=831"},{"taxonomy":"product_tag","embeddable":true,"href":"https:\/\/clarustactical.com\/loja\/wp-json\/wp\/v2\/product_tag?post=831"}],"curies":[{"name":"wp","href":"https:\/\/api.w.org\/{rel}","templated":true}]}}