{"id":7624,"date":"2022-10-07T13:32:05","date_gmt":"2022-10-07T16:32:05","guid":{"rendered":"https:\/\/clarustactical.com\/loja\/?post_type=product&#038;p=7624"},"modified":"2026-01-23T09:06:32","modified_gmt":"2026-01-23T12:06:32","slug":"protetivo-para-canos-de-rifles-ptfe-shield-proarmas-by-clarus-tactical-15ml","status":"publish","type":"product","link":"https:\/\/clarustactical.com\/loja\/produto\/protetivo-para-canos-de-rifles-ptfe-shield-proarmas-by-clarus-tactical-15ml\/","title":{"rendered":"Protetivo para Canos de Rifles PTFE Shield \u2013 ProArmas By CLARUS Tactical \u2013 15ml"},"content":{"rendered":"<p><strong>Protetivo para Canos de Rifles PTFE Shield <\/strong>\u00e9 um produto inovador para<strong> proteger <\/strong>a superf\u00edcie interna do cano de rifles , especialmente de precis\u00e3o, evitando oxida\u00e7\u00e3o e auxiliando <strong>na redu\u00e7\u00e3o do efeito cold fire \/ cold bore shift<\/strong>, contribuindo para melhor agrupamento dos tiros. Aditivado com PTFE. Inodoro, At\u00f3xico.<\/p>\n<p><strong>Caracter\u00edsticas:<\/strong><\/p>\n<ul>\n<li>Ideal para proteger a superf\u00edcie interna e raiamentos do cano das armas (especialmente de rifles de precis\u00e3o).<\/li>\n<li>Ideal para armas de canos longos e de precis\u00e3o.<\/li>\n<li>Pel\u00edcula protetiva de longa dura\u00e7\u00e3o contra oxida\u00e7\u00e3o.<\/li>\n<li>Auxilia na redu\u00e7\u00e3o do efeito cold fire \/ cold bore shift. Ajuda a melhorar o agrupamento dos tiros.<\/li>\n<li>Aditivado com PTFE.<\/li>\n<li>Reduz a incrusta\u00e7\u00e3o de carbono, chumbo e cobre.<\/li>\n<li>Biodegrad\u00e1vel. At\u00f3xico (atende NR-15). N\u00e3o insalubre.<\/li>\n<\/ul>\n<p><strong>Embalagem:<\/strong> Frasco de 15 mL.<\/p>\n<p>Aplique uma gota do produto em um patch e passe-o pelo interior do cano da arma com uma vareta, protegendo a superf\u00edcie interna do cano. Em seguida passar um patch seco pelo cano, para polir. Se necess\u00e1rio, repita a opera\u00e7\u00e3o at\u00e9 o patch sair seco.<\/p>\n<p><strong style=\"line-height: 1.5;\">Especifica\u00e7\u00e3o T\u00e9cnica:<\/strong><\/p>\n<p>Fabricante: CLARUS Technology do Brasil.<\/p>\n<p><strong style=\"line-height: 1.5;\">Envio:<\/strong><\/p>\n<p>Seu pedido ser\u00e1 enviado \u00e0 transportadora em at\u00e9 2 dias \u00fateis ap\u00f3s a confirma\u00e7\u00e3o do pagamento. O prazo de entrega poder\u00e1 variar dependendo da regi\u00e3o e forma de envio escolhida. Sujeito a disponibilidade do Fornecedor.<\/p>\n","protected":false},"excerpt":{"rendered":"<p>Protetivo seco para o interior do cano de rifles de precis\u00e3o. Inodoro e At\u00f3xico. Embalagem: 15ml<\/p>\n","protected":false},"featured_media":7626,"comment_status":"closed","ping_status":"closed","template":"","meta":[],"product_cat":[191,195],"product_tag":[],"brands":[{"id":172,"name":"ProArmas By CLARUS Tactical","slug":"proarmas-by-clarus-tactical"}],"yoast_head":"<!-- This site is optimized with the Yoast SEO plugin v17.1 - https:\/\/yoast.com\/wordpress\/plugins\/seo\/ -->\n<title>Protetivo para Canos de Rifles PTFE Shield \u2013 ProArmas By CLARUS Tactical \u2013 15ml &ndash; CLARUS Tactical - Loja Oficial<\/title>\n<meta name=\"robots\" content=\"index, follow, max-snippet:-1, max-image-preview:large, max-video-preview:-1\" \/>\n<link rel=\"canonical\" href=\"https:\/\/clarustactical.com\/loja\/produto\/protetivo-para-canos-de-rifles-ptfe-shield-proarmas-by-clarus-tactical-15ml\/\" \/>\n<meta property=\"og:locale\" content=\"pt_BR\" \/>\n<meta property=\"og:type\" content=\"article\" \/>\n<meta property=\"og:title\" content=\"Protetivo para Canos de Rifles PTFE Shield \u2013 ProArmas By CLARUS Tactical \u2013 15ml &ndash; CLARUS Tactical - Loja Oficial\" \/>\n<meta property=\"og:description\" content=\"Protetivo seco para o interior do cano de rifles de precis\u00e3o. Inodoro e At\u00f3xico. Embalagem: 15ml\" \/>\n<meta property=\"og:url\" content=\"https:\/\/clarustactical.com\/loja\/produto\/protetivo-para-canos-de-rifles-ptfe-shield-proarmas-by-clarus-tactical-15ml\/\" \/>\n<meta property=\"og:site_name\" content=\"CLARUS Tactical - Loja Oficial\" \/>\n<meta property=\"article:modified_time\" content=\"2026-01-23T12:06:32+00:00\" \/>\n<meta property=\"og:image\" content=\"https:\/\/clarustactical.com\/loja\/wp-content\/uploads\/2022\/10\/ptfe-shield-canos-proarmas-15ml-loja.png\" \/>\n\t<meta property=\"og:image:width\" content=\"762\" \/>\n\t<meta property=\"og:image:height\" content=\"761\" \/>\n<meta name=\"twitter:card\" content=\"summary_large_image\" \/>\n<meta name=\"twitter:label1\" content=\"Est. reading time\" \/>\n\t<meta name=\"twitter:data1\" content=\"1 minuto\" \/>\n<script type=\"application\/ld+json\" class=\"yoast-schema-graph\">{\"@context\":\"https:\/\/schema.org\",\"@graph\":[{\"@type\":\"WebSite\",\"@id\":\"https:\/\/clarustactical.com\/loja\/#website\",\"url\":\"https:\/\/clarustactical.com\/loja\/\",\"name\":\"ProArmas by CLARUS Tactical\",\"description\":\"Produtos para Manuten\\u00e7\\u00e3o de Armas\",\"potentialAction\":[{\"@type\":\"SearchAction\",\"target\":{\"@type\":\"EntryPoint\",\"urlTemplate\":\"https:\/\/clarustactical.com\/loja\/?s={search_term_string}\"},\"query-input\":\"required name=search_term_string\"}],\"inLanguage\":\"pt-BR\"},{\"@type\":\"ImageObject\",\"@id\":\"https:\/\/clarustactical.com\/loja\/produto\/protetivo-para-canos-de-rifles-ptfe-shield-proarmas-by-clarus-tactical-15ml\/#primaryimage\",\"inLanguage\":\"pt-BR\",\"url\":\"https:\/\/clarustactical.com\/loja\/wp-content\/uploads\/2022\/10\/ptfe-shield-canos-proarmas-15ml-loja.png\",\"contentUrl\":\"https:\/\/clarustactical.com\/loja\/wp-content\/uploads\/2022\/10\/ptfe-shield-canos-proarmas-15ml-loja.png\",\"width\":762,\"height\":761},{\"@type\":\"WebPage\",\"@id\":\"https:\/\/clarustactical.com\/loja\/produto\/protetivo-para-canos-de-rifles-ptfe-shield-proarmas-by-clarus-tactical-15ml\/#webpage\",\"url\":\"https:\/\/clarustactical.com\/loja\/produto\/protetivo-para-canos-de-rifles-ptfe-shield-proarmas-by-clarus-tactical-15ml\/\",\"name\":\"Protetivo para Canos de Rifles PTFE Shield \\u2013 ProArmas By CLARUS Tactical \\u2013 15ml &ndash; CLARUS Tactical - Loja Oficial\",\"isPartOf\":{\"@id\":\"https:\/\/clarustactical.com\/loja\/#website\"},\"primaryImageOfPage\":{\"@id\":\"https:\/\/clarustactical.com\/loja\/produto\/protetivo-para-canos-de-rifles-ptfe-shield-proarmas-by-clarus-tactical-15ml\/#primaryimage\"},\"datePublished\":\"2022-10-07T16:32:05+00:00\",\"dateModified\":\"2026-01-23T12:06:32+00:00\",\"breadcrumb\":{\"@id\":\"https:\/\/clarustactical.com\/loja\/produto\/protetivo-para-canos-de-rifles-ptfe-shield-proarmas-by-clarus-tactical-15ml\/#breadcrumb\"},\"inLanguage\":\"pt-BR\",\"potentialAction\":[{\"@type\":\"ReadAction\",\"target\":[\"https:\/\/clarustactical.com\/loja\/produto\/protetivo-para-canos-de-rifles-ptfe-shield-proarmas-by-clarus-tactical-15ml\/\"]}]},{\"@type\":\"BreadcrumbList\",\"@id\":\"https:\/\/clarustactical.com\/loja\/produto\/protetivo-para-canos-de-rifles-ptfe-shield-proarmas-by-clarus-tactical-15ml\/#breadcrumb\",\"itemListElement\":[{\"@type\":\"ListItem\",\"position\":1,\"name\":\"Home\",\"item\":\"https:\/\/clarustactical.com\/loja\/\"},{\"@type\":\"ListItem\",\"position\":2,\"name\":\"Shop\",\"item\":\"https:\/\/clarustactical.com\/loja\/shop\/\"},{\"@type\":\"ListItem\",\"position\":3,\"name\":\"Protetivo para Canos de Rifles PTFE Shield \\u2013 ProArmas By CLARUS Tactical \\u2013 15ml\"}]}]}<\/script>\n<!-- \/ Yoast SEO plugin. -->","yoast_head_json":{"title":"Protetivo para Canos de Rifles PTFE Shield \u2013 ProArmas By CLARUS Tactical \u2013 15ml &ndash; CLARUS Tactical - Loja Oficial","robots":{"index":"index","follow":"follow","max-snippet":"max-snippet:-1","max-image-preview":"max-image-preview:large","max-video-preview":"max-video-preview:-1"},"canonical":"https:\/\/clarustactical.com\/loja\/produto\/protetivo-para-canos-de-rifles-ptfe-shield-proarmas-by-clarus-tactical-15ml\/","og_locale":"pt_BR","og_type":"article","og_title":"Protetivo para Canos de Rifles PTFE Shield \u2013 ProArmas By CLARUS Tactical \u2013 15ml &ndash; CLARUS Tactical - Loja Oficial","og_description":"Protetivo seco para o interior do cano de rifles de precis\u00e3o. Inodoro e At\u00f3xico. Embalagem: 15ml","og_url":"https:\/\/clarustactical.com\/loja\/produto\/protetivo-para-canos-de-rifles-ptfe-shield-proarmas-by-clarus-tactical-15ml\/","og_site_name":"CLARUS Tactical - Loja Oficial","article_modified_time":"2026-01-23T12:06:32+00:00","og_image":[{"width":762,"height":761,"url":"https:\/\/clarustactical.com\/loja\/wp-content\/uploads\/2022\/10\/ptfe-shield-canos-proarmas-15ml-loja.png","path":"\/var\/www\/html\/w3-clarustactical\/loja\/wp-content\/uploads\/2022\/10\/ptfe-shield-canos-proarmas-15ml-loja.png","size":"full","id":7626,"alt":"","pixels":579882,"type":"image\/png"}],"twitter_card":"summary_large_image","twitter_misc":{"Est. reading time":"1 minuto"},"schema":{"@context":"https:\/\/schema.org","@graph":[{"@type":"WebSite","@id":"https:\/\/clarustactical.com\/loja\/#website","url":"https:\/\/clarustactical.com\/loja\/","name":"ProArmas by CLARUS Tactical","description":"Produtos para Manuten\u00e7\u00e3o de Armas","potentialAction":[{"@type":"SearchAction","target":{"@type":"EntryPoint","urlTemplate":"https:\/\/clarustactical.com\/loja\/?s={search_term_string}"},"query-input":"required name=search_term_string"}],"inLanguage":"pt-BR"},{"@type":"ImageObject","@id":"https:\/\/clarustactical.com\/loja\/produto\/protetivo-para-canos-de-rifles-ptfe-shield-proarmas-by-clarus-tactical-15ml\/#primaryimage","inLanguage":"pt-BR","url":"https:\/\/clarustactical.com\/loja\/wp-content\/uploads\/2022\/10\/ptfe-shield-canos-proarmas-15ml-loja.png","contentUrl":"https:\/\/clarustactical.com\/loja\/wp-content\/uploads\/2022\/10\/ptfe-shield-canos-proarmas-15ml-loja.png","width":762,"height":761},{"@type":"WebPage","@id":"https:\/\/clarustactical.com\/loja\/produto\/protetivo-para-canos-de-rifles-ptfe-shield-proarmas-by-clarus-tactical-15ml\/#webpage","url":"https:\/\/clarustactical.com\/loja\/produto\/protetivo-para-canos-de-rifles-ptfe-shield-proarmas-by-clarus-tactical-15ml\/","name":"Protetivo para Canos de Rifles PTFE Shield \u2013 ProArmas By CLARUS Tactical \u2013 15ml &ndash; CLARUS Tactical - Loja Oficial","isPartOf":{"@id":"https:\/\/clarustactical.com\/loja\/#website"},"primaryImageOfPage":{"@id":"https:\/\/clarustactical.com\/loja\/produto\/protetivo-para-canos-de-rifles-ptfe-shield-proarmas-by-clarus-tactical-15ml\/#primaryimage"},"datePublished":"2022-10-07T16:32:05+00:00","dateModified":"2026-01-23T12:06:32+00:00","breadcrumb":{"@id":"https:\/\/clarustactical.com\/loja\/produto\/protetivo-para-canos-de-rifles-ptfe-shield-proarmas-by-clarus-tactical-15ml\/#breadcrumb"},"inLanguage":"pt-BR","potentialAction":[{"@type":"ReadAction","target":["https:\/\/clarustactical.com\/loja\/produto\/protetivo-para-canos-de-rifles-ptfe-shield-proarmas-by-clarus-tactical-15ml\/"]}]},{"@type":"BreadcrumbList","@id":"https:\/\/clarustactical.com\/loja\/produto\/protetivo-para-canos-de-rifles-ptfe-shield-proarmas-by-clarus-tactical-15ml\/#breadcrumb","itemListElement":[{"@type":"ListItem","position":1,"name":"Home","item":"https:\/\/clarustactical.com\/loja\/"},{"@type":"ListItem","position":2,"name":"Shop","item":"https:\/\/clarustactical.com\/loja\/shop\/"},{"@type":"ListItem","position":3,"name":"Protetivo para Canos de Rifles PTFE Shield \u2013 ProArmas By CLARUS Tactical \u2013 15ml"}]}]}},"_links":{"self":[{"href":"https:\/\/clarustactical.com\/loja\/wp-json\/wp\/v2\/product\/7624"}],"collection":[{"href":"https:\/\/clarustactical.com\/loja\/wp-json\/wp\/v2\/product"}],"about":[{"href":"https:\/\/clarustactical.com\/loja\/wp-json\/wp\/v2\/types\/product"}],"replies":[{"embeddable":true,"href":"https:\/\/clarustactical.com\/loja\/wp-json\/wp\/v2\/comments?post=7624"}],"wp:featuredmedia":[{"embeddable":true,"href":"https:\/\/clarustactical.com\/loja\/wp-json\/wp\/v2\/media\/7626"}],"wp:attachment":[{"href":"https:\/\/clarustactical.com\/loja\/wp-json\/wp\/v2\/media?parent=7624"}],"wp:term":[{"taxonomy":"product_cat","embeddable":true,"href":"https:\/\/clarustactical.com\/loja\/wp-json\/wp\/v2\/product_cat?post=7624"},{"taxonomy":"product_tag","embeddable":true,"href":"https:\/\/clarustactical.com\/loja\/wp-json\/wp\/v2\/product_tag?post=7624"}],"curies":[{"name":"wp","href":"https:\/\/api.w.org\/{rel}","templated":true}]}}