{"id":6153,"date":"2022-06-10T17:53:45","date_gmt":"2022-06-10T20:53:45","guid":{"rendered":"https:\/\/clarustactical.com\/loja\/?post_type=product&#038;p=6153"},"modified":"2026-01-23T09:06:32","modified_gmt":"2026-01-23T12:06:32","slug":"removedor-de-cobre-para-cano-de-armas-proarmas-by-clarus-tactical-120ml","status":"publish","type":"product","link":"https:\/\/clarustactical.com\/loja\/produto\/removedor-de-cobre-para-cano-de-armas-proarmas-by-clarus-tactical-120ml\/","title":{"rendered":"Removedor de Cobre para Cano de Armas &#8211; ProArmas By CLARUS Tactical &#8211; 120ml"},"content":{"rendered":"<p><strong>Removedor de Cobre para Cano de Armas &#8211; ProArmas By CLARUS Tactical<\/strong>\u00a0\u00e9 ideal para eliminar\u00a0rapidamente res\u00edduos de cobre e outros metais amarelos incrustados em canos de armas, devido ao atrito com os estojos dos cartuchos.<br \/>\nIdeal para limpeza de rifles, carabinas, fuzis e pistolas.<br \/>\nLimpeza f\u00e1cil e r\u00e1pida.<\/p>\n<p><strong>Propriedades:<\/strong><\/p>\n<ul>\n<li>N\u00e3o inflam\u00e1vel. (atende NR-16 e 20);<\/li>\n<li>Biodegrad\u00e1vel.<\/li>\n<li>Ideal para remo\u00e7\u00e3o de cobre e metais amarelos.<\/li>\n<\/ul>\n<p><strong>Modo de usar:<\/strong><\/p>\n<p>1. Realize a limpeza convencional da arma com limpadores especiais ProArmas By CLARUS Tactical, removendo carbono e res\u00edduos de propelente.<br \/>\n2. Aplique o Removedor de Cobre para Cano em um patch ou tecido que n\u00e3o deixe fibras e proceda com a limpeza interna do cano realizando movimentos curtos com vareta. Adicione mais produto ao patch na sa\u00edda do cano.<br \/>\n3. Repita o procedimento com um patch limpo saturado com o produto e deixe descansar por 5 a 10 minutos. Caso necess\u00e1rio, utilize escovas para auxiliar o processo de limpeza e remo\u00e7\u00e3o de res\u00edduos.<br \/>\n4. Limpe com um patch seco atrav\u00e9s do cano. Repita todo o processo at\u00e9 que ele n\u00e3o saia com as cores verde\/azul.<br \/>\n5. Ap\u00f3s o patch sair limpo, recomenda-se aplicar o produto Espuma Limpadora para Canos no cano para evitar que a rea\u00e7\u00e3o qu\u00edmica ataque os acess\u00f3rios.<br \/>\n6. Antes de guardar a arma, recomenda-se aplicar Protetivo Anticorrosivo ProArmas By CLARUS Tactical.<br \/>\nImportante: nunca deixe o produto em contato com o cano por per\u00edodos prolongados.<\/p>\n<p><strong>Envio:<\/strong><\/p>\n<p>Seu pedido ser\u00e1 enviado \u00e0 transportadora em at\u00e9 2 dias \u00fateis ap\u00f3s a confirma\u00e7\u00e3o do pagamento. O prazo de entrega poder\u00e1 variar dependendo da regi\u00e3o e forma de envio escolhida. Sujeito a disponibilidade do Fornecedor.<\/p>\n<p>Refer\u00eancia do nome\u00a0anterior do produto: <strong>CLARUS Tactical AquaSolv Copper Remover<\/strong><\/p>\n","protected":false},"excerpt":{"rendered":"<p>Removedor de cobre de canos de armas. 120ml<\/p>\n","protected":false},"featured_media":6154,"comment_status":"closed","ping_status":"closed","template":"","meta":[],"product_cat":[193,191],"product_tag":[],"brands":[{"id":172,"name":"ProArmas By CLARUS Tactical","slug":"proarmas-by-clarus-tactical"}],"yoast_head":"<!-- This site is optimized with the Yoast SEO plugin v17.1 - https:\/\/yoast.com\/wordpress\/plugins\/seo\/ -->\n<title>Removedor de Cobre para Cano de Armas - ProArmas By CLARUS Tactical - 120ml &ndash; CLARUS Tactical - Loja Oficial<\/title>\n<meta name=\"robots\" content=\"index, follow, max-snippet:-1, max-image-preview:large, max-video-preview:-1\" \/>\n<link rel=\"canonical\" href=\"https:\/\/clarustactical.com\/loja\/produto\/removedor-de-cobre-para-cano-de-armas-proarmas-by-clarus-tactical-120ml\/\" \/>\n<meta property=\"og:locale\" content=\"pt_BR\" \/>\n<meta property=\"og:type\" content=\"article\" \/>\n<meta property=\"og:title\" content=\"Removedor de Cobre para Cano de Armas - ProArmas By CLARUS Tactical - 120ml &ndash; CLARUS Tactical - Loja Oficial\" \/>\n<meta property=\"og:description\" content=\"Removedor de cobre de canos de armas. 120ml\" \/>\n<meta property=\"og:url\" content=\"https:\/\/clarustactical.com\/loja\/produto\/removedor-de-cobre-para-cano-de-armas-proarmas-by-clarus-tactical-120ml\/\" \/>\n<meta property=\"og:site_name\" content=\"CLARUS Tactical - Loja Oficial\" \/>\n<meta property=\"article:modified_time\" content=\"2026-01-23T12:06:32+00:00\" \/>\n<meta property=\"og:image\" content=\"https:\/\/clarustactical.com\/loja\/wp-content\/uploads\/2022\/06\/IMG_20220610_175222270_HDR.png\" \/>\n\t<meta property=\"og:image:width\" content=\"950\" \/>\n\t<meta property=\"og:image:height\" content=\"950\" \/>\n<meta name=\"twitter:card\" content=\"summary_large_image\" \/>\n<meta name=\"twitter:label1\" content=\"Est. reading time\" \/>\n\t<meta name=\"twitter:data1\" content=\"2 minutos\" \/>\n<script type=\"application\/ld+json\" class=\"yoast-schema-graph\">{\"@context\":\"https:\/\/schema.org\",\"@graph\":[{\"@type\":\"WebSite\",\"@id\":\"https:\/\/clarustactical.com\/loja\/#website\",\"url\":\"https:\/\/clarustactical.com\/loja\/\",\"name\":\"ProArmas by CLARUS Tactical\",\"description\":\"Produtos para Manuten\\u00e7\\u00e3o de Armas\",\"potentialAction\":[{\"@type\":\"SearchAction\",\"target\":{\"@type\":\"EntryPoint\",\"urlTemplate\":\"https:\/\/clarustactical.com\/loja\/?s={search_term_string}\"},\"query-input\":\"required name=search_term_string\"}],\"inLanguage\":\"pt-BR\"},{\"@type\":\"ImageObject\",\"@id\":\"https:\/\/clarustactical.com\/loja\/produto\/removedor-de-cobre-para-cano-de-armas-proarmas-by-clarus-tactical-120ml\/#primaryimage\",\"inLanguage\":\"pt-BR\",\"url\":\"https:\/\/clarustactical.com\/loja\/wp-content\/uploads\/2022\/06\/IMG_20220610_175222270_HDR.png\",\"contentUrl\":\"https:\/\/clarustactical.com\/loja\/wp-content\/uploads\/2022\/06\/IMG_20220610_175222270_HDR.png\",\"width\":950,\"height\":950},{\"@type\":\"WebPage\",\"@id\":\"https:\/\/clarustactical.com\/loja\/produto\/removedor-de-cobre-para-cano-de-armas-proarmas-by-clarus-tactical-120ml\/#webpage\",\"url\":\"https:\/\/clarustactical.com\/loja\/produto\/removedor-de-cobre-para-cano-de-armas-proarmas-by-clarus-tactical-120ml\/\",\"name\":\"Removedor de Cobre para Cano de Armas - ProArmas By CLARUS Tactical - 120ml &ndash; CLARUS Tactical - Loja Oficial\",\"isPartOf\":{\"@id\":\"https:\/\/clarustactical.com\/loja\/#website\"},\"primaryImageOfPage\":{\"@id\":\"https:\/\/clarustactical.com\/loja\/produto\/removedor-de-cobre-para-cano-de-armas-proarmas-by-clarus-tactical-120ml\/#primaryimage\"},\"datePublished\":\"2022-06-10T20:53:45+00:00\",\"dateModified\":\"2026-01-23T12:06:32+00:00\",\"breadcrumb\":{\"@id\":\"https:\/\/clarustactical.com\/loja\/produto\/removedor-de-cobre-para-cano-de-armas-proarmas-by-clarus-tactical-120ml\/#breadcrumb\"},\"inLanguage\":\"pt-BR\",\"potentialAction\":[{\"@type\":\"ReadAction\",\"target\":[\"https:\/\/clarustactical.com\/loja\/produto\/removedor-de-cobre-para-cano-de-armas-proarmas-by-clarus-tactical-120ml\/\"]}]},{\"@type\":\"BreadcrumbList\",\"@id\":\"https:\/\/clarustactical.com\/loja\/produto\/removedor-de-cobre-para-cano-de-armas-proarmas-by-clarus-tactical-120ml\/#breadcrumb\",\"itemListElement\":[{\"@type\":\"ListItem\",\"position\":1,\"name\":\"Home\",\"item\":\"https:\/\/clarustactical.com\/loja\/\"},{\"@type\":\"ListItem\",\"position\":2,\"name\":\"Shop\",\"item\":\"https:\/\/clarustactical.com\/loja\/shop\/\"},{\"@type\":\"ListItem\",\"position\":3,\"name\":\"Removedor de Cobre para Cano de Armas &#8211; ProArmas By CLARUS Tactical &#8211; 120ml\"}]}]}<\/script>\n<!-- \/ Yoast SEO plugin. -->","yoast_head_json":{"title":"Removedor de Cobre para Cano de Armas - ProArmas By CLARUS Tactical - 120ml &ndash; CLARUS Tactical - Loja Oficial","robots":{"index":"index","follow":"follow","max-snippet":"max-snippet:-1","max-image-preview":"max-image-preview:large","max-video-preview":"max-video-preview:-1"},"canonical":"https:\/\/clarustactical.com\/loja\/produto\/removedor-de-cobre-para-cano-de-armas-proarmas-by-clarus-tactical-120ml\/","og_locale":"pt_BR","og_type":"article","og_title":"Removedor de Cobre para Cano de Armas - ProArmas By CLARUS Tactical - 120ml &ndash; CLARUS Tactical - Loja Oficial","og_description":"Removedor de cobre de canos de armas. 120ml","og_url":"https:\/\/clarustactical.com\/loja\/produto\/removedor-de-cobre-para-cano-de-armas-proarmas-by-clarus-tactical-120ml\/","og_site_name":"CLARUS Tactical - Loja Oficial","article_modified_time":"2026-01-23T12:06:32+00:00","og_image":[{"width":950,"height":950,"url":"https:\/\/clarustactical.com\/loja\/wp-content\/uploads\/2022\/06\/IMG_20220610_175222270_HDR.png","path":"\/var\/www\/html\/w3-clarustactical\/loja\/wp-content\/uploads\/2022\/06\/IMG_20220610_175222270_HDR.png","size":"full","id":6154,"alt":"","pixels":902500,"type":"image\/png"}],"twitter_card":"summary_large_image","twitter_misc":{"Est. reading time":"2 minutos"},"schema":{"@context":"https:\/\/schema.org","@graph":[{"@type":"WebSite","@id":"https:\/\/clarustactical.com\/loja\/#website","url":"https:\/\/clarustactical.com\/loja\/","name":"ProArmas by CLARUS Tactical","description":"Produtos para Manuten\u00e7\u00e3o de Armas","potentialAction":[{"@type":"SearchAction","target":{"@type":"EntryPoint","urlTemplate":"https:\/\/clarustactical.com\/loja\/?s={search_term_string}"},"query-input":"required name=search_term_string"}],"inLanguage":"pt-BR"},{"@type":"ImageObject","@id":"https:\/\/clarustactical.com\/loja\/produto\/removedor-de-cobre-para-cano-de-armas-proarmas-by-clarus-tactical-120ml\/#primaryimage","inLanguage":"pt-BR","url":"https:\/\/clarustactical.com\/loja\/wp-content\/uploads\/2022\/06\/IMG_20220610_175222270_HDR.png","contentUrl":"https:\/\/clarustactical.com\/loja\/wp-content\/uploads\/2022\/06\/IMG_20220610_175222270_HDR.png","width":950,"height":950},{"@type":"WebPage","@id":"https:\/\/clarustactical.com\/loja\/produto\/removedor-de-cobre-para-cano-de-armas-proarmas-by-clarus-tactical-120ml\/#webpage","url":"https:\/\/clarustactical.com\/loja\/produto\/removedor-de-cobre-para-cano-de-armas-proarmas-by-clarus-tactical-120ml\/","name":"Removedor de Cobre para Cano de Armas - ProArmas By CLARUS Tactical - 120ml &ndash; CLARUS Tactical - Loja Oficial","isPartOf":{"@id":"https:\/\/clarustactical.com\/loja\/#website"},"primaryImageOfPage":{"@id":"https:\/\/clarustactical.com\/loja\/produto\/removedor-de-cobre-para-cano-de-armas-proarmas-by-clarus-tactical-120ml\/#primaryimage"},"datePublished":"2022-06-10T20:53:45+00:00","dateModified":"2026-01-23T12:06:32+00:00","breadcrumb":{"@id":"https:\/\/clarustactical.com\/loja\/produto\/removedor-de-cobre-para-cano-de-armas-proarmas-by-clarus-tactical-120ml\/#breadcrumb"},"inLanguage":"pt-BR","potentialAction":[{"@type":"ReadAction","target":["https:\/\/clarustactical.com\/loja\/produto\/removedor-de-cobre-para-cano-de-armas-proarmas-by-clarus-tactical-120ml\/"]}]},{"@type":"BreadcrumbList","@id":"https:\/\/clarustactical.com\/loja\/produto\/removedor-de-cobre-para-cano-de-armas-proarmas-by-clarus-tactical-120ml\/#breadcrumb","itemListElement":[{"@type":"ListItem","position":1,"name":"Home","item":"https:\/\/clarustactical.com\/loja\/"},{"@type":"ListItem","position":2,"name":"Shop","item":"https:\/\/clarustactical.com\/loja\/shop\/"},{"@type":"ListItem","position":3,"name":"Removedor de Cobre para Cano de Armas &#8211; ProArmas By CLARUS Tactical &#8211; 120ml"}]}]}},"_links":{"self":[{"href":"https:\/\/clarustactical.com\/loja\/wp-json\/wp\/v2\/product\/6153"}],"collection":[{"href":"https:\/\/clarustactical.com\/loja\/wp-json\/wp\/v2\/product"}],"about":[{"href":"https:\/\/clarustactical.com\/loja\/wp-json\/wp\/v2\/types\/product"}],"replies":[{"embeddable":true,"href":"https:\/\/clarustactical.com\/loja\/wp-json\/wp\/v2\/comments?post=6153"}],"wp:featuredmedia":[{"embeddable":true,"href":"https:\/\/clarustactical.com\/loja\/wp-json\/wp\/v2\/media\/6154"}],"wp:attachment":[{"href":"https:\/\/clarustactical.com\/loja\/wp-json\/wp\/v2\/media?parent=6153"}],"wp:term":[{"taxonomy":"product_cat","embeddable":true,"href":"https:\/\/clarustactical.com\/loja\/wp-json\/wp\/v2\/product_cat?post=6153"},{"taxonomy":"product_tag","embeddable":true,"href":"https:\/\/clarustactical.com\/loja\/wp-json\/wp\/v2\/product_tag?post=6153"}],"curies":[{"name":"wp","href":"https:\/\/api.w.org\/{rel}","templated":true}]}}