{"id":3056,"date":"2021-10-07T21:47:15","date_gmt":"2021-10-08T00:47:15","guid":{"rendered":"https:\/\/clarustactical.com\/loja\/?post_type=product&#038;p=3056"},"modified":"2026-01-23T09:05:31","modified_gmt":"2026-01-23T12:05:31","slug":"kit-preguica-infoarmas-limpeza-extrema-aerossol-lubrificante-com-grafeno-35ml-protecao-total-ptfe-shield-aerossol","status":"publish","type":"product","link":"https:\/\/clarustactical.com\/loja\/produto\/kit-preguica-infoarmas-limpeza-extrema-aerossol-lubrificante-com-grafeno-35ml-protecao-total-ptfe-shield-aerossol\/","title":{"rendered":"Kit Pregui\u00e7a &#8211; Infoarmas: Limpeza Extrema Aerossol \/ Lubrificante com Grafeno 4ml \/ Prote\u00e7\u00e3o Total PTFE Shield &#8211; Aerossol"},"content":{"rendered":"<p>Kit Pregui\u00e7a &#8211; Infoarmas contendo 3 itens:<\/p>\n<ul>\n<li>Limpeza Extrema &#8211; Aerossol &#8211; Limpador<\/li>\n<li>Lubrificante com Grafeno &#8211; 4ml &#8211; Lubrificante<\/li>\n<li>Prote\u00e7\u00e3o Total PTFE Shield &#8211; 440ml- Protetivo Seco<\/li>\n<\/ul>\n<h3><strong>Limpeza Extrema &#8211; Aerossol<\/strong><\/h3>\n<p><strong>Informa\u00e7\u00f5es sobre o produto:<\/strong><\/p>\n<ul>\n<li>Limpeza extrema e manuten\u00e7\u00e3o em armas de fogo.<\/li>\n<li>M\u00e1ximo desempenho: ideal para<strong> uso profissional por armeiros.<\/strong><\/li>\n<li>Remove chumbamentos, incrusta\u00e7\u00f5es de carbono queimado e de fuligem. Dissolve res\u00edduos de p\u00f3lvora, lubrificantes sujos e detritos pegajosos.<\/li>\n<li>Alto poder de remo\u00e7\u00e3o de borrachas e pol\u00edmeros de muni\u00e7\u00f5es de baixa letalidade em lan\u00e7adores de granadas e similares.<\/li>\n<li>Ideal para todos os tipos de armas: pistolas, rev\u00f3lveres, fuzis, espingardas e carabinas.<\/li>\n<li>Remove tintas de marcadores de paintball.<\/li>\n<\/ul>\n<p><strong>Modo de usar:<\/strong><\/p>\n<ul>\n<li>Agitar o tubo. Distanciar 15 cm do local de aspers\u00e3o em posi\u00e7\u00e3o vertical. Aplique o produto diretamente sobre a parte a limpar.<\/li>\n<li>Utilize somente em armas descarregadas.<\/li>\n<li>Evite contato com partes pintadas, de pol\u00edmero ou madeira. Evitar contato prolongado com as superf\u00edcies.<\/li>\n<li>Ap\u00f3s a limpeza, recomenda-se utilizar o protetivo Prote\u00e7\u00e3o Total PTFE Shield para evitar ferrugem.<\/li>\n<\/ul>\n<p><strong>Embalagem:<\/strong>\u00a0Aerossol 440ml. Produto inflam\u00e1vel.<\/p>\n<h3><strong>Lubrificante com Grafeno &#8211; 4ml<\/strong><\/h3>\n<p><strong>Lubrificante com Grafeno para Armas <\/strong>proporciona desempenho m\u00e1ximo na lubrifica\u00e7\u00e3o de armas. Ideal para fuzis, rifles, ferrolhos rotativos, e outros.<br \/>\nForma pel\u00edcula bidimensional de nanopart\u00edculas de grafeno extremamente resistente e deslizante.<\/p>\n<ul>\n<li><strong>Grafeno:<\/strong>\u00a0a \u00faltima tecnologia em aditivos para lubrifica\u00e7\u00e3o.<\/li>\n<li><strong>Desempenho m\u00e1ximo<\/strong>\u00a0na lubrifica\u00e7\u00e3o de armas.<\/li>\n<li>Ideal para <strong>rev\u00f3lveres, pistolas, fuzis, carabinas, rifles e espingardas<\/strong>.<\/li>\n<li>Insuper\u00e1vel em <strong>rev\u00f3lveres e fuzis<\/strong>.<\/li>\n<\/ul>\n<p><strong>Propriedades:<\/strong><\/p>\n<ul>\n<li>Evita emperramento, e proporciona acionamento mais r\u00e1pido, inclusive em climas frios;<\/li>\n<li>Evita corros\u00e3o de componentes expostos ao clima;<\/li>\n<li>Repele \u00e1gua;<\/li>\n<li>Evita incrusta\u00e7\u00f5es de carbono, chumbo e cobre;<\/li>\n<li>Facilita a limpeza e manuten\u00e7\u00e3o ap\u00f3s uso.<\/li>\n<\/ul>\n<p>&nbsp;<\/p>\n<h3><strong>Prote\u00e7\u00e3o Total PTFE Shield &#8211; Aerossol<\/strong><\/h3>\n<p><strong>Prote\u00e7\u00e3o Total PTFE Shield <\/strong>\u00e9 um produto inovador para<strong>\u00a0proteger\u00a0<\/strong>contra\u00a0<strong>riscos e oxida\u00e7\u00e3o\u00a0<\/strong>e\u00a0<strong>renovar\u00a0<\/strong>o acabamento de sua arma. Lubrificante e protetivo seco, aditivado com PTFE. Inodoro, At\u00f3xico.<\/p>\n<p><strong>Caracter\u00edsticas:<\/strong><\/p>\n<ul>\n<li>Pel\u00edcula protetiva de longa dura\u00e7\u00e3o contra riscos (inclusive causados por coldres de Kydex), oxida\u00e7\u00e3o e \u00e1gua.<\/li>\n<li>Ideal para renovar o acabamento de armas de fogo (nitreta\u00e7\u00e3o \/ oxida\u00e7\u00e3o negra e outras)<\/li>\n<li>Protege contra incrusta\u00e7\u00f5es de terra e poeira, facilitando processo de limpeza da arma.<\/li>\n<li>Pel\u00edcula seca ideal para manuseio da arma: n\u00e3o deixa a arma pegajosa.<\/li>\n<li>Lubrificante e protetivo seco, aditivado com PTFE.<\/li>\n<li>Compat\u00edvel com partes de pol\u00edmero.<\/li>\n<li>Lubrifica os mecanismos internos.<\/li>\n<li>Reduz a incrusta\u00e7\u00e3o de carbono, chumbo e cobre, inclusive em inox fosco, facilitando a limpeza.<\/li>\n<li>Biodegrad\u00e1vel. At\u00f3xico (atende NR-15). N\u00e3o insalubre.<\/li>\n<\/ul>\n<p>Embalagem: Aerossol de 440 mL.<\/p>\n<p>Agitar o tubo. Distanciar 15 cm do local de aspers\u00e3o em posi\u00e7\u00e3o vertical. Aplique o produto diretamente sobre a parte a proteger ou lubrificar. Pel\u00edcula oleosa pode ser usada como protetivo. Remover com pano seco e limpo (polimento) para proporcionar prote\u00e7\u00e3o seca de PTFE.<\/p>\n<p><strong style=\"line-height: 1.5;\">Especifica\u00e7\u00e3o T\u00e9cnica:<\/strong><\/p>\n<p>Classifica\u00e7\u00e3o do produto: Propelente Inflam\u00e1vel.<br \/>\nFabricante: CLARUS Technology do Brasil.<\/p>\n<p><strong>Envio:<\/strong><\/p>\n<p>Seu pedido ser\u00e1 enviado \u00e0 transportadora em at\u00e9 2 dias \u00fateis ap\u00f3s a confirma\u00e7\u00e3o do pagamento. O prazo de entrega poder\u00e1 variar dependendo da regi\u00e3o e forma de envio escolhida. Sujeito a disponibilidade do Fornecedor.<\/p>\n","protected":false},"excerpt":{"rendered":"<p>Limpeza Extrema Aerossol \/ Lubrificante com Grafeno 4ml \/ Prote\u00e7\u00e3o Total PTFE Shield &#8211; Aerossol<\/p>\n","protected":false},"featured_media":3058,"comment_status":"open","ping_status":"closed","template":"","meta":[],"product_cat":[191],"product_tag":[],"brands":[{"id":172,"name":"ProArmas By CLARUS Tactical","slug":"proarmas-by-clarus-tactical"}],"yoast_head":"<!-- This site is optimized with the Yoast SEO plugin v17.1 - https:\/\/yoast.com\/wordpress\/plugins\/seo\/ -->\n<title>Kit Pregui\u00e7a - Infoarmas: Limpeza Extrema Aerossol \/ Lubrificante com Grafeno 4ml \/ Prote\u00e7\u00e3o Total PTFE Shield - Aerossol &ndash; CLARUS Tactical - Loja Oficial<\/title>\n<meta name=\"robots\" content=\"index, follow, max-snippet:-1, max-image-preview:large, max-video-preview:-1\" \/>\n<link rel=\"canonical\" href=\"https:\/\/clarustactical.com\/loja\/produto\/kit-preguica-infoarmas-limpeza-extrema-aerossol-lubrificante-com-grafeno-35ml-protecao-total-ptfe-shield-aerossol\/\" \/>\n<meta property=\"og:locale\" content=\"pt_BR\" \/>\n<meta property=\"og:type\" content=\"article\" \/>\n<meta property=\"og:title\" content=\"Kit Pregui\u00e7a - Infoarmas: Limpeza Extrema Aerossol \/ Lubrificante com Grafeno 4ml \/ Prote\u00e7\u00e3o Total PTFE Shield - Aerossol &ndash; CLARUS Tactical - Loja Oficial\" \/>\n<meta property=\"og:description\" content=\"Limpeza Extrema Aerossol \/ Lubrificante com Grafeno 4ml \/ Prote\u00e7\u00e3o Total PTFE Shield - Aerossol\" \/>\n<meta property=\"og:url\" content=\"https:\/\/clarustactical.com\/loja\/produto\/kit-preguica-infoarmas-limpeza-extrema-aerossol-lubrificante-com-grafeno-35ml-protecao-total-ptfe-shield-aerossol\/\" \/>\n<meta property=\"og:site_name\" content=\"CLARUS Tactical - Loja Oficial\" \/>\n<meta property=\"article:modified_time\" content=\"2026-01-23T12:05:31+00:00\" \/>\n<meta property=\"og:image\" content=\"https:\/\/clarustactical.com\/loja\/wp-content\/uploads\/2021\/10\/kit-preguica.png\" \/>\n\t<meta property=\"og:image:width\" content=\"950\" \/>\n\t<meta property=\"og:image:height\" content=\"950\" \/>\n<meta name=\"twitter:card\" content=\"summary_large_image\" \/>\n<meta name=\"twitter:label1\" content=\"Est. reading time\" \/>\n\t<meta name=\"twitter:data1\" content=\"3 minutos\" \/>\n<script type=\"application\/ld+json\" class=\"yoast-schema-graph\">{\"@context\":\"https:\/\/schema.org\",\"@graph\":[{\"@type\":\"WebSite\",\"@id\":\"https:\/\/clarustactical.com\/loja\/#website\",\"url\":\"https:\/\/clarustactical.com\/loja\/\",\"name\":\"ProArmas by CLARUS Tactical\",\"description\":\"Produtos para Manuten\\u00e7\\u00e3o de Armas\",\"potentialAction\":[{\"@type\":\"SearchAction\",\"target\":{\"@type\":\"EntryPoint\",\"urlTemplate\":\"https:\/\/clarustactical.com\/loja\/?s={search_term_string}\"},\"query-input\":\"required name=search_term_string\"}],\"inLanguage\":\"pt-BR\"},{\"@type\":\"ImageObject\",\"@id\":\"https:\/\/clarustactical.com\/loja\/produto\/kit-preguica-infoarmas-limpeza-extrema-aerossol-lubrificante-com-grafeno-35ml-protecao-total-ptfe-shield-aerossol\/#primaryimage\",\"inLanguage\":\"pt-BR\",\"url\":\"https:\/\/clarustactical.com\/loja\/wp-content\/uploads\/2021\/10\/kit-preguica.png\",\"contentUrl\":\"https:\/\/clarustactical.com\/loja\/wp-content\/uploads\/2021\/10\/kit-preguica.png\",\"width\":950,\"height\":950},{\"@type\":\"WebPage\",\"@id\":\"https:\/\/clarustactical.com\/loja\/produto\/kit-preguica-infoarmas-limpeza-extrema-aerossol-lubrificante-com-grafeno-35ml-protecao-total-ptfe-shield-aerossol\/#webpage\",\"url\":\"https:\/\/clarustactical.com\/loja\/produto\/kit-preguica-infoarmas-limpeza-extrema-aerossol-lubrificante-com-grafeno-35ml-protecao-total-ptfe-shield-aerossol\/\",\"name\":\"Kit Pregui\\u00e7a - Infoarmas: Limpeza Extrema Aerossol \/ Lubrificante com Grafeno 4ml \/ Prote\\u00e7\\u00e3o Total PTFE Shield - Aerossol &ndash; CLARUS Tactical - Loja Oficial\",\"isPartOf\":{\"@id\":\"https:\/\/clarustactical.com\/loja\/#website\"},\"primaryImageOfPage\":{\"@id\":\"https:\/\/clarustactical.com\/loja\/produto\/kit-preguica-infoarmas-limpeza-extrema-aerossol-lubrificante-com-grafeno-35ml-protecao-total-ptfe-shield-aerossol\/#primaryimage\"},\"datePublished\":\"2021-10-08T00:47:15+00:00\",\"dateModified\":\"2026-01-23T12:05:31+00:00\",\"breadcrumb\":{\"@id\":\"https:\/\/clarustactical.com\/loja\/produto\/kit-preguica-infoarmas-limpeza-extrema-aerossol-lubrificante-com-grafeno-35ml-protecao-total-ptfe-shield-aerossol\/#breadcrumb\"},\"inLanguage\":\"pt-BR\",\"potentialAction\":[{\"@type\":\"ReadAction\",\"target\":[\"https:\/\/clarustactical.com\/loja\/produto\/kit-preguica-infoarmas-limpeza-extrema-aerossol-lubrificante-com-grafeno-35ml-protecao-total-ptfe-shield-aerossol\/\"]}]},{\"@type\":\"BreadcrumbList\",\"@id\":\"https:\/\/clarustactical.com\/loja\/produto\/kit-preguica-infoarmas-limpeza-extrema-aerossol-lubrificante-com-grafeno-35ml-protecao-total-ptfe-shield-aerossol\/#breadcrumb\",\"itemListElement\":[{\"@type\":\"ListItem\",\"position\":1,\"name\":\"Home\",\"item\":\"https:\/\/clarustactical.com\/loja\/\"},{\"@type\":\"ListItem\",\"position\":2,\"name\":\"Shop\",\"item\":\"https:\/\/clarustactical.com\/loja\/shop\/\"},{\"@type\":\"ListItem\",\"position\":3,\"name\":\"Kit Pregui\\u00e7a &#8211; Infoarmas: Limpeza Extrema Aerossol \/ Lubrificante com Grafeno 4ml \/ Prote\\u00e7\\u00e3o Total PTFE Shield &#8211; Aerossol\"}]}]}<\/script>\n<!-- \/ Yoast SEO plugin. -->","yoast_head_json":{"title":"Kit Pregui\u00e7a - Infoarmas: Limpeza Extrema Aerossol \/ Lubrificante com Grafeno 4ml \/ Prote\u00e7\u00e3o Total PTFE Shield - Aerossol &ndash; CLARUS Tactical - Loja Oficial","robots":{"index":"index","follow":"follow","max-snippet":"max-snippet:-1","max-image-preview":"max-image-preview:large","max-video-preview":"max-video-preview:-1"},"canonical":"https:\/\/clarustactical.com\/loja\/produto\/kit-preguica-infoarmas-limpeza-extrema-aerossol-lubrificante-com-grafeno-35ml-protecao-total-ptfe-shield-aerossol\/","og_locale":"pt_BR","og_type":"article","og_title":"Kit Pregui\u00e7a - Infoarmas: Limpeza Extrema Aerossol \/ Lubrificante com Grafeno 4ml \/ Prote\u00e7\u00e3o Total PTFE Shield - Aerossol &ndash; CLARUS Tactical - Loja Oficial","og_description":"Limpeza Extrema Aerossol \/ Lubrificante com Grafeno 4ml \/ Prote\u00e7\u00e3o Total PTFE Shield - Aerossol","og_url":"https:\/\/clarustactical.com\/loja\/produto\/kit-preguica-infoarmas-limpeza-extrema-aerossol-lubrificante-com-grafeno-35ml-protecao-total-ptfe-shield-aerossol\/","og_site_name":"CLARUS Tactical - Loja Oficial","article_modified_time":"2026-01-23T12:05:31+00:00","og_image":[{"width":950,"height":950,"url":"https:\/\/clarustactical.com\/loja\/wp-content\/uploads\/2021\/10\/kit-preguica.png","path":"\/var\/www\/html\/w3-clarustactical\/loja\/wp-content\/uploads\/2021\/10\/kit-preguica.png","size":"full","id":3058,"alt":"","pixels":902500,"type":"image\/png"}],"twitter_card":"summary_large_image","twitter_misc":{"Est. reading time":"3 minutos"},"schema":{"@context":"https:\/\/schema.org","@graph":[{"@type":"WebSite","@id":"https:\/\/clarustactical.com\/loja\/#website","url":"https:\/\/clarustactical.com\/loja\/","name":"ProArmas by CLARUS Tactical","description":"Produtos para Manuten\u00e7\u00e3o de Armas","potentialAction":[{"@type":"SearchAction","target":{"@type":"EntryPoint","urlTemplate":"https:\/\/clarustactical.com\/loja\/?s={search_term_string}"},"query-input":"required name=search_term_string"}],"inLanguage":"pt-BR"},{"@type":"ImageObject","@id":"https:\/\/clarustactical.com\/loja\/produto\/kit-preguica-infoarmas-limpeza-extrema-aerossol-lubrificante-com-grafeno-35ml-protecao-total-ptfe-shield-aerossol\/#primaryimage","inLanguage":"pt-BR","url":"https:\/\/clarustactical.com\/loja\/wp-content\/uploads\/2021\/10\/kit-preguica.png","contentUrl":"https:\/\/clarustactical.com\/loja\/wp-content\/uploads\/2021\/10\/kit-preguica.png","width":950,"height":950},{"@type":"WebPage","@id":"https:\/\/clarustactical.com\/loja\/produto\/kit-preguica-infoarmas-limpeza-extrema-aerossol-lubrificante-com-grafeno-35ml-protecao-total-ptfe-shield-aerossol\/#webpage","url":"https:\/\/clarustactical.com\/loja\/produto\/kit-preguica-infoarmas-limpeza-extrema-aerossol-lubrificante-com-grafeno-35ml-protecao-total-ptfe-shield-aerossol\/","name":"Kit Pregui\u00e7a - Infoarmas: Limpeza Extrema Aerossol \/ Lubrificante com Grafeno 4ml \/ Prote\u00e7\u00e3o Total PTFE Shield - Aerossol &ndash; CLARUS Tactical - Loja Oficial","isPartOf":{"@id":"https:\/\/clarustactical.com\/loja\/#website"},"primaryImageOfPage":{"@id":"https:\/\/clarustactical.com\/loja\/produto\/kit-preguica-infoarmas-limpeza-extrema-aerossol-lubrificante-com-grafeno-35ml-protecao-total-ptfe-shield-aerossol\/#primaryimage"},"datePublished":"2021-10-08T00:47:15+00:00","dateModified":"2026-01-23T12:05:31+00:00","breadcrumb":{"@id":"https:\/\/clarustactical.com\/loja\/produto\/kit-preguica-infoarmas-limpeza-extrema-aerossol-lubrificante-com-grafeno-35ml-protecao-total-ptfe-shield-aerossol\/#breadcrumb"},"inLanguage":"pt-BR","potentialAction":[{"@type":"ReadAction","target":["https:\/\/clarustactical.com\/loja\/produto\/kit-preguica-infoarmas-limpeza-extrema-aerossol-lubrificante-com-grafeno-35ml-protecao-total-ptfe-shield-aerossol\/"]}]},{"@type":"BreadcrumbList","@id":"https:\/\/clarustactical.com\/loja\/produto\/kit-preguica-infoarmas-limpeza-extrema-aerossol-lubrificante-com-grafeno-35ml-protecao-total-ptfe-shield-aerossol\/#breadcrumb","itemListElement":[{"@type":"ListItem","position":1,"name":"Home","item":"https:\/\/clarustactical.com\/loja\/"},{"@type":"ListItem","position":2,"name":"Shop","item":"https:\/\/clarustactical.com\/loja\/shop\/"},{"@type":"ListItem","position":3,"name":"Kit Pregui\u00e7a &#8211; Infoarmas: Limpeza Extrema Aerossol \/ Lubrificante com Grafeno 4ml \/ Prote\u00e7\u00e3o Total PTFE Shield &#8211; Aerossol"}]}]}},"_links":{"self":[{"href":"https:\/\/clarustactical.com\/loja\/wp-json\/wp\/v2\/product\/3056"}],"collection":[{"href":"https:\/\/clarustactical.com\/loja\/wp-json\/wp\/v2\/product"}],"about":[{"href":"https:\/\/clarustactical.com\/loja\/wp-json\/wp\/v2\/types\/product"}],"replies":[{"embeddable":true,"href":"https:\/\/clarustactical.com\/loja\/wp-json\/wp\/v2\/comments?post=3056"}],"wp:featuredmedia":[{"embeddable":true,"href":"https:\/\/clarustactical.com\/loja\/wp-json\/wp\/v2\/media\/3058"}],"wp:attachment":[{"href":"https:\/\/clarustactical.com\/loja\/wp-json\/wp\/v2\/media?parent=3056"}],"wp:term":[{"taxonomy":"product_cat","embeddable":true,"href":"https:\/\/clarustactical.com\/loja\/wp-json\/wp\/v2\/product_cat?post=3056"},{"taxonomy":"product_tag","embeddable":true,"href":"https:\/\/clarustactical.com\/loja\/wp-json\/wp\/v2\/product_tag?post=3056"}],"curies":[{"name":"wp","href":"https:\/\/api.w.org\/{rel}","templated":true}]}}