{"id":2737,"date":"2021-09-14T13:33:40","date_gmt":"2021-09-14T16:33:40","guid":{"rendered":"https:\/\/clarustactical.com\/loja\/?post_type=product&#038;p=2737"},"modified":"2026-01-23T09:05:32","modified_gmt":"2026-01-23T12:05:32","slug":"estojo-tactical-basico-ptfe-estojo-exclusivo-com-solvente-ecologico-60ml-lubrificante-com-ptfe-4ml-protetivo-anticorrosivo-60ml","status":"publish","type":"product","link":"https:\/\/clarustactical.com\/loja\/produto\/estojo-tactical-basico-ptfe-estojo-exclusivo-com-solvente-ecologico-60ml-lubrificante-com-ptfe-4ml-protetivo-anticorrosivo-60ml\/","title":{"rendered":"Estojo Tactical B\u00e1sico PTFE: Estojo exclusivo com Solvente Ecol\u00f3gico &#8211; 60ml \/ Lubrificante com PTFE &#8211; 4ml \/ Protetivo Anticorrosivo &#8211; 60ml"},"content":{"rendered":"<p>Kit Estojo Tactical B\u00e1sico PTFE contendo 3 itens:<\/p>\n<ul>\n<li>Solvente Ecol\u00f3gico\u00a0 &#8211; 60ml &#8211; Limpador<\/li>\n<li>Lubrificante com PTFE &#8211; 4ml aplicador Pointer &#8211; Lubrificante<\/li>\n<li>Protetivo Anticorrosivo &#8211; 60ml &#8211; Protetivo Anticorrosivo<\/li>\n<\/ul>\n<p><iframe loading=\"lazy\" title=\"YouTube video player\" src=\"https:\/\/www.youtube.com\/embed\/NYBbCP4sOA4?rel=0&amp;showinfo=0&amp;\" width=\"560\" height=\"315\" frameborder=\"0\" allowfullscreen=\"allowfullscreen\"><\/iframe><\/p>\n<h3><strong>Solvente Ecol\u00f3gico 60ml<\/strong><\/h3>\n<p>Solvente ecol\u00f3gico substituto do querosene. Embalagem: Spray 60ml.<\/p>\n<p><strong>Informa\u00e7\u00f5es sobre o produto:<\/strong><\/p>\n<p><strong>Solvente Ecol\u00f3gico para Armas<\/strong>\u00a0\u00e9 um solvente ecol\u00f3gico, biodegrad\u00e1vel, substituto de querosene em opera\u00e7\u00f5es de desengraxe e limpeza. At\u00f3xico e n\u00e3o insalubre, ideal para limpeza e desengraxe de armas. N\u00e3o ataca pol\u00edmeros e auxilia na remo\u00e7\u00e3o de detritos e chumbamento.<\/p>\n<p><strong>Campo de aplica\u00e7\u00e3o:<\/strong><\/p>\n<ul>\n<li>Solvente ecol\u00f3gico e biodegrad\u00e1vel para limpeza de armas e outros equipamentos t\u00e1ticos.<\/li>\n<li>Auxilia na remo\u00e7\u00e3o de chumbo, propelente \/ p\u00f3lvora e outros res\u00edduos.<\/li>\n<li>Totalmente inodoro: ideal para limpeza de armas dentro de casa.<\/li>\n<li>Repele umidade.<\/li>\n<li>Seguro para pe\u00e7as de pol\u00edmeros.<\/li>\n<li>At\u00f3xico (atende NR-15).<\/li>\n<li>N\u00e3o inflam\u00e1vel (atende NR-16 e 20).<\/li>\n<li>Possui laudos de atoxicidade oral e cut\u00e2nea e de biodegradabilidade.<\/li>\n<\/ul>\n<p>Embalagem: Spray de 60 ml.<\/p>\n<p><strong>Solvente Ecol\u00f3gico para Armas<\/strong> deve ser aplicado puro, com pincel, pano ou por imers\u00e3o sobre as partes a serem limpas. Pode ser utilizado em locais pouco arejados.<\/p>\n<p><strong style=\"line-height: 1.5;\">Especifica\u00e7\u00e3o T\u00e9cnica:<\/strong><\/p>\n<p>Classifica\u00e7\u00e3o do produto: N\u00e3o classificado.<br \/>\nFabricante: CLARUS Technology do Brasil.<\/p>\n<h3><strong>Protetivo Anticorrosivo &#8211; 60ml<\/strong><\/h3>\n<p><strong>Protetivo Anticorrosivo para Armas. Prote\u00e7\u00e3o para Armas e Cutelaria. Ideal para armazenamento e colecionismo. Pel\u00edcula protetiva de longa dura\u00e7\u00e3o. Repele umidade.<\/strong>\u00a0At\u00f3xico e N\u00e3o Inflam\u00e1vel. Embalagem: frasco spray de 60ml.<\/p>\n<p><strong>Informa\u00e7\u00f5es sobre o produto:<\/strong><\/p>\n<p>Protetivo Anticorrosivo para Armas &#8211; L\u00edquido proporciona prote\u00e7\u00e3o anticorrosiva de longa dura\u00e7\u00e3o, ideal para armas, equipamentos t\u00e1ticos (EDC) e cutelaria, inclusive para uso de colecionadores. Ideal para prote\u00e7\u00e3o de partes internas e externas das armas, inclusive cano e mecanismos. M\u00faltipla a\u00e7\u00e3o: forma uma pel\u00edcula lubrificante e protetiva. Ideal mesmo em ambientes corrosivos ou quando sujeitas a intemp\u00e9ries severas.<\/p>\n<p><strong>Propriedades:<\/strong><\/p>\n<ul>\n<li>N\u00e3o inflam\u00e1vel. (atende NR-16 e 20);<\/li>\n<li>N\u00e3o insalubre. At\u00f3xico. (atende NR-15);<\/li>\n<li>Biodegrad\u00e1vel. Isento de \u00f3leos minerais;<\/li>\n<li>Protetivo Anticorrosivo Extremo: alta ader\u00eancia e resist\u00eancia, inclusive a maresia.<\/li>\n<li>Devido \u00e0 sua colora\u00e7\u00e3o, permite a visualiza\u00e7\u00e3o das \u00e1reas j\u00e1 protegidas;<\/li>\n<li>Forma\u00e7\u00e3o de um filme protetivo resistente em ambientes de alta corrosividade;<\/li>\n<li>Resistente a intemp\u00e9ries salinas;<\/li>\n<li>Protege as superf\u00edcies durante longos per\u00edodos de exposi\u00e7\u00e3o cont\u00ednua;<\/li>\n<li>N\u00e3o ataca as superf\u00edcies em geral. (pinturas, pl\u00e1sticos, borrachas e metais);<\/li>\n<li>Diferente de protetivos de pel\u00edcula seca, pode ser facilmente removido com solvente ecol\u00f3gico ap\u00f3s a utiliza\u00e7\u00e3o.<\/li>\n<\/ul>\n<p><strong>Campo de aplica\u00e7\u00e3o:<\/strong><\/p>\n<p>Ideal para prote\u00e7\u00e3o de partes internas das armas, inclusive cano e mecanismos;<br \/>\nM\u00faltipla a\u00e7\u00e3o: forma uma pel\u00edcula lubrificante e protetiva.<br \/>\nIdeal mesmo em ambientes corrosivos ou quando sujeitas a intemp\u00e9ries severas.<\/p>\n<p><strong>Embalagem:<\/strong> frasco spray de 60ml.<\/p>\n<p><strong style=\"line-height: 1.5;\">Especifica\u00e7\u00e3o T\u00e9cnica:<\/strong><\/p>\n<p>Classifica\u00e7\u00e3o do produto: N\u00e3o classificado.<br \/>\nFabricante: CLARUS Technology do Brasil.<\/p>\n<h3><strong>Lubrificante com PTFE &#8211; 4ml &#8211; Aplicador Pointer<\/strong><\/h3>\n<p><strong>Lubrificante para armas com PTFE\u00a0<\/strong><strong>\u00a0<\/strong>\u00e9 um lubrificante de alta tecnologia para armas, aditivado com PTFE. Proporciona uma lubrifica\u00e7\u00e3o de longa dura\u00e7\u00e3o, limpa e\u00a0livre de petr\u00f3leo.\u00a0<strong>N\u00e3o suja, n\u00e3o mancha, n\u00e3o escorre.\u00a0<\/strong><\/p>\n<p><strong>Propriedades:<\/strong><\/p>\n<ul>\n<li>Evita emperramento, e proporciona acionamento mais r\u00e1pido, inclusive em climas frios;<\/li>\n<li>Evita corros\u00e3o de componentes expostos ao clima;<\/li>\n<li>Repele \u00e1gua;<\/li>\n<li>Evita incrusta\u00e7\u00f5es de carbono, chumbo e cobre;<\/li>\n<li>Facilita a limpeza e manuten\u00e7\u00e3o ap\u00f3s uso;<\/li>\n<li>Aditivo de alt\u00edssimo desempenho.<\/li>\n<li>Ideal para rev\u00f3lveres, pistolas, fuzis, carabinas, rifles e espingardas.\u00a0<strong>Insuper\u00e1vel em pistolas.<\/strong><\/li>\n<li>Acionamento mais r\u00e1pido: evita emperramento.<\/li>\n<\/ul>\n<p><strong>Envio:<\/strong><\/p>\n<p>Seu pedido ser\u00e1 enviado \u00e0 transportadora em at\u00e9 2 dias \u00fateis ap\u00f3s a confirma\u00e7\u00e3o do pagamento. O prazo de entrega poder\u00e1 variar dependendo da regi\u00e3o e forma de envio escolhida. Sujeito a disponibilidade do Fornecedor.<\/p>\n","protected":false},"excerpt":{"rendered":"<p>Estojo exclusivo com Solvente Ecol\u00f3gico &#8211; 60ml &#8211; Limpador \/ Lubrificante com PTFE &#8211; 4ml &#8211; Lubrificante \/ Protetivo Anticorrosivo &#8211; 60ml<\/p>\n","protected":false},"featured_media":5033,"comment_status":"open","ping_status":"closed","template":"","meta":[],"product_cat":[191],"product_tag":[],"brands":[{"id":172,"name":"ProArmas By CLARUS Tactical","slug":"proarmas-by-clarus-tactical"}],"yoast_head":"<!-- This site is optimized with the Yoast SEO plugin v17.1 - https:\/\/yoast.com\/wordpress\/plugins\/seo\/ -->\n<title>Estojo Tactical B\u00e1sico PTFE: Estojo exclusivo com Solvente Ecol\u00f3gico - 60ml \/ Lubrificante com PTFE - 4ml \/ Protetivo Anticorrosivo - 60ml &ndash; CLARUS Tactical - Loja Oficial<\/title>\n<meta name=\"robots\" content=\"index, follow, max-snippet:-1, max-image-preview:large, max-video-preview:-1\" \/>\n<link rel=\"canonical\" href=\"https:\/\/clarustactical.com\/loja\/produto\/estojo-tactical-basico-ptfe-estojo-exclusivo-com-solvente-ecologico-60ml-lubrificante-com-ptfe-4ml-protetivo-anticorrosivo-60ml\/\" \/>\n<meta property=\"og:locale\" content=\"pt_BR\" \/>\n<meta property=\"og:type\" content=\"article\" \/>\n<meta property=\"og:title\" content=\"Estojo Tactical B\u00e1sico PTFE: Estojo exclusivo com Solvente Ecol\u00f3gico - 60ml \/ Lubrificante com PTFE - 4ml \/ Protetivo Anticorrosivo - 60ml &ndash; CLARUS Tactical - Loja Oficial\" \/>\n<meta property=\"og:description\" content=\"Estojo exclusivo com Solvente Ecol\u00f3gico - 60ml - Limpador \/ Lubrificante com PTFE - 4ml - Lubrificante \/ Protetivo Anticorrosivo - 60ml\" \/>\n<meta property=\"og:url\" content=\"https:\/\/clarustactical.com\/loja\/produto\/estojo-tactical-basico-ptfe-estojo-exclusivo-com-solvente-ecologico-60ml-lubrificante-com-ptfe-4ml-protetivo-anticorrosivo-60ml\/\" \/>\n<meta property=\"og:site_name\" content=\"CLARUS Tactical - Loja Oficial\" \/>\n<meta property=\"article:modified_time\" content=\"2026-01-23T12:05:32+00:00\" \/>\n<meta property=\"og:image\" content=\"https:\/\/clarustactical.com\/loja\/wp-content\/uploads\/2021\/09\/P1220073-min.png\" \/>\n\t<meta property=\"og:image:width\" content=\"950\" \/>\n\t<meta property=\"og:image:height\" content=\"950\" \/>\n<meta name=\"twitter:card\" content=\"summary_large_image\" \/>\n<meta name=\"twitter:label1\" content=\"Est. reading time\" \/>\n\t<meta name=\"twitter:data1\" content=\"3 minutos\" \/>\n<script type=\"application\/ld+json\" class=\"yoast-schema-graph\">{\"@context\":\"https:\/\/schema.org\",\"@graph\":[{\"@type\":\"WebSite\",\"@id\":\"https:\/\/clarustactical.com\/loja\/#website\",\"url\":\"https:\/\/clarustactical.com\/loja\/\",\"name\":\"ProArmas by CLARUS Tactical\",\"description\":\"Produtos para Manuten\\u00e7\\u00e3o de Armas\",\"potentialAction\":[{\"@type\":\"SearchAction\",\"target\":{\"@type\":\"EntryPoint\",\"urlTemplate\":\"https:\/\/clarustactical.com\/loja\/?s={search_term_string}\"},\"query-input\":\"required name=search_term_string\"}],\"inLanguage\":\"pt-BR\"},{\"@type\":\"ImageObject\",\"@id\":\"https:\/\/clarustactical.com\/loja\/produto\/estojo-tactical-basico-ptfe-estojo-exclusivo-com-solvente-ecologico-60ml-lubrificante-com-ptfe-4ml-protetivo-anticorrosivo-60ml\/#primaryimage\",\"inLanguage\":\"pt-BR\",\"url\":\"https:\/\/clarustactical.com\/loja\/wp-content\/uploads\/2021\/09\/P1220073-min.png\",\"contentUrl\":\"https:\/\/clarustactical.com\/loja\/wp-content\/uploads\/2021\/09\/P1220073-min.png\",\"width\":950,\"height\":950},{\"@type\":\"WebPage\",\"@id\":\"https:\/\/clarustactical.com\/loja\/produto\/estojo-tactical-basico-ptfe-estojo-exclusivo-com-solvente-ecologico-60ml-lubrificante-com-ptfe-4ml-protetivo-anticorrosivo-60ml\/#webpage\",\"url\":\"https:\/\/clarustactical.com\/loja\/produto\/estojo-tactical-basico-ptfe-estojo-exclusivo-com-solvente-ecologico-60ml-lubrificante-com-ptfe-4ml-protetivo-anticorrosivo-60ml\/\",\"name\":\"Estojo Tactical B\\u00e1sico PTFE: Estojo exclusivo com Solvente Ecol\\u00f3gico - 60ml \/ Lubrificante com PTFE - 4ml \/ Protetivo Anticorrosivo - 60ml &ndash; CLARUS Tactical - Loja Oficial\",\"isPartOf\":{\"@id\":\"https:\/\/clarustactical.com\/loja\/#website\"},\"primaryImageOfPage\":{\"@id\":\"https:\/\/clarustactical.com\/loja\/produto\/estojo-tactical-basico-ptfe-estojo-exclusivo-com-solvente-ecologico-60ml-lubrificante-com-ptfe-4ml-protetivo-anticorrosivo-60ml\/#primaryimage\"},\"datePublished\":\"2021-09-14T16:33:40+00:00\",\"dateModified\":\"2026-01-23T12:05:32+00:00\",\"breadcrumb\":{\"@id\":\"https:\/\/clarustactical.com\/loja\/produto\/estojo-tactical-basico-ptfe-estojo-exclusivo-com-solvente-ecologico-60ml-lubrificante-com-ptfe-4ml-protetivo-anticorrosivo-60ml\/#breadcrumb\"},\"inLanguage\":\"pt-BR\",\"potentialAction\":[{\"@type\":\"ReadAction\",\"target\":[\"https:\/\/clarustactical.com\/loja\/produto\/estojo-tactical-basico-ptfe-estojo-exclusivo-com-solvente-ecologico-60ml-lubrificante-com-ptfe-4ml-protetivo-anticorrosivo-60ml\/\"]}]},{\"@type\":\"BreadcrumbList\",\"@id\":\"https:\/\/clarustactical.com\/loja\/produto\/estojo-tactical-basico-ptfe-estojo-exclusivo-com-solvente-ecologico-60ml-lubrificante-com-ptfe-4ml-protetivo-anticorrosivo-60ml\/#breadcrumb\",\"itemListElement\":[{\"@type\":\"ListItem\",\"position\":1,\"name\":\"Home\",\"item\":\"https:\/\/clarustactical.com\/loja\/\"},{\"@type\":\"ListItem\",\"position\":2,\"name\":\"Shop\",\"item\":\"https:\/\/clarustactical.com\/loja\/shop\/\"},{\"@type\":\"ListItem\",\"position\":3,\"name\":\"Estojo Tactical B\\u00e1sico PTFE: Estojo exclusivo com Solvente Ecol\\u00f3gico &#8211; 60ml \/ Lubrificante com PTFE &#8211; 4ml \/ Protetivo Anticorrosivo &#8211; 60ml\"}]}]}<\/script>\n<!-- \/ Yoast SEO plugin. -->","yoast_head_json":{"title":"Estojo Tactical B\u00e1sico PTFE: Estojo exclusivo com Solvente Ecol\u00f3gico - 60ml \/ Lubrificante com PTFE - 4ml \/ Protetivo Anticorrosivo - 60ml &ndash; CLARUS Tactical - Loja Oficial","robots":{"index":"index","follow":"follow","max-snippet":"max-snippet:-1","max-image-preview":"max-image-preview:large","max-video-preview":"max-video-preview:-1"},"canonical":"https:\/\/clarustactical.com\/loja\/produto\/estojo-tactical-basico-ptfe-estojo-exclusivo-com-solvente-ecologico-60ml-lubrificante-com-ptfe-4ml-protetivo-anticorrosivo-60ml\/","og_locale":"pt_BR","og_type":"article","og_title":"Estojo Tactical B\u00e1sico PTFE: Estojo exclusivo com Solvente Ecol\u00f3gico - 60ml \/ Lubrificante com PTFE - 4ml \/ Protetivo Anticorrosivo - 60ml &ndash; CLARUS Tactical - Loja Oficial","og_description":"Estojo exclusivo com Solvente Ecol\u00f3gico - 60ml - Limpador \/ Lubrificante com PTFE - 4ml - Lubrificante \/ Protetivo Anticorrosivo - 60ml","og_url":"https:\/\/clarustactical.com\/loja\/produto\/estojo-tactical-basico-ptfe-estojo-exclusivo-com-solvente-ecologico-60ml-lubrificante-com-ptfe-4ml-protetivo-anticorrosivo-60ml\/","og_site_name":"CLARUS Tactical - Loja Oficial","article_modified_time":"2026-01-23T12:05:32+00:00","og_image":[{"width":950,"height":950,"url":"https:\/\/clarustactical.com\/loja\/wp-content\/uploads\/2021\/09\/P1220073-min.png","path":"\/var\/www\/html\/w3-clarustactical\/loja\/wp-content\/uploads\/2021\/09\/P1220073-min.png","size":"full","id":5033,"alt":"","pixels":902500,"type":"image\/png"}],"twitter_card":"summary_large_image","twitter_misc":{"Est. reading time":"3 minutos"},"schema":{"@context":"https:\/\/schema.org","@graph":[{"@type":"WebSite","@id":"https:\/\/clarustactical.com\/loja\/#website","url":"https:\/\/clarustactical.com\/loja\/","name":"ProArmas by CLARUS Tactical","description":"Produtos para Manuten\u00e7\u00e3o de Armas","potentialAction":[{"@type":"SearchAction","target":{"@type":"EntryPoint","urlTemplate":"https:\/\/clarustactical.com\/loja\/?s={search_term_string}"},"query-input":"required name=search_term_string"}],"inLanguage":"pt-BR"},{"@type":"ImageObject","@id":"https:\/\/clarustactical.com\/loja\/produto\/estojo-tactical-basico-ptfe-estojo-exclusivo-com-solvente-ecologico-60ml-lubrificante-com-ptfe-4ml-protetivo-anticorrosivo-60ml\/#primaryimage","inLanguage":"pt-BR","url":"https:\/\/clarustactical.com\/loja\/wp-content\/uploads\/2021\/09\/P1220073-min.png","contentUrl":"https:\/\/clarustactical.com\/loja\/wp-content\/uploads\/2021\/09\/P1220073-min.png","width":950,"height":950},{"@type":"WebPage","@id":"https:\/\/clarustactical.com\/loja\/produto\/estojo-tactical-basico-ptfe-estojo-exclusivo-com-solvente-ecologico-60ml-lubrificante-com-ptfe-4ml-protetivo-anticorrosivo-60ml\/#webpage","url":"https:\/\/clarustactical.com\/loja\/produto\/estojo-tactical-basico-ptfe-estojo-exclusivo-com-solvente-ecologico-60ml-lubrificante-com-ptfe-4ml-protetivo-anticorrosivo-60ml\/","name":"Estojo Tactical B\u00e1sico PTFE: Estojo exclusivo com Solvente Ecol\u00f3gico - 60ml \/ Lubrificante com PTFE - 4ml \/ Protetivo Anticorrosivo - 60ml &ndash; CLARUS Tactical - Loja Oficial","isPartOf":{"@id":"https:\/\/clarustactical.com\/loja\/#website"},"primaryImageOfPage":{"@id":"https:\/\/clarustactical.com\/loja\/produto\/estojo-tactical-basico-ptfe-estojo-exclusivo-com-solvente-ecologico-60ml-lubrificante-com-ptfe-4ml-protetivo-anticorrosivo-60ml\/#primaryimage"},"datePublished":"2021-09-14T16:33:40+00:00","dateModified":"2026-01-23T12:05:32+00:00","breadcrumb":{"@id":"https:\/\/clarustactical.com\/loja\/produto\/estojo-tactical-basico-ptfe-estojo-exclusivo-com-solvente-ecologico-60ml-lubrificante-com-ptfe-4ml-protetivo-anticorrosivo-60ml\/#breadcrumb"},"inLanguage":"pt-BR","potentialAction":[{"@type":"ReadAction","target":["https:\/\/clarustactical.com\/loja\/produto\/estojo-tactical-basico-ptfe-estojo-exclusivo-com-solvente-ecologico-60ml-lubrificante-com-ptfe-4ml-protetivo-anticorrosivo-60ml\/"]}]},{"@type":"BreadcrumbList","@id":"https:\/\/clarustactical.com\/loja\/produto\/estojo-tactical-basico-ptfe-estojo-exclusivo-com-solvente-ecologico-60ml-lubrificante-com-ptfe-4ml-protetivo-anticorrosivo-60ml\/#breadcrumb","itemListElement":[{"@type":"ListItem","position":1,"name":"Home","item":"https:\/\/clarustactical.com\/loja\/"},{"@type":"ListItem","position":2,"name":"Shop","item":"https:\/\/clarustactical.com\/loja\/shop\/"},{"@type":"ListItem","position":3,"name":"Estojo Tactical B\u00e1sico PTFE: Estojo exclusivo com Solvente Ecol\u00f3gico &#8211; 60ml \/ Lubrificante com PTFE &#8211; 4ml \/ Protetivo Anticorrosivo &#8211; 60ml"}]}]}},"_links":{"self":[{"href":"https:\/\/clarustactical.com\/loja\/wp-json\/wp\/v2\/product\/2737"}],"collection":[{"href":"https:\/\/clarustactical.com\/loja\/wp-json\/wp\/v2\/product"}],"about":[{"href":"https:\/\/clarustactical.com\/loja\/wp-json\/wp\/v2\/types\/product"}],"replies":[{"embeddable":true,"href":"https:\/\/clarustactical.com\/loja\/wp-json\/wp\/v2\/comments?post=2737"}],"wp:featuredmedia":[{"embeddable":true,"href":"https:\/\/clarustactical.com\/loja\/wp-json\/wp\/v2\/media\/5033"}],"wp:attachment":[{"href":"https:\/\/clarustactical.com\/loja\/wp-json\/wp\/v2\/media?parent=2737"}],"wp:term":[{"taxonomy":"product_cat","embeddable":true,"href":"https:\/\/clarustactical.com\/loja\/wp-json\/wp\/v2\/product_cat?post=2737"},{"taxonomy":"product_tag","embeddable":true,"href":"https:\/\/clarustactical.com\/loja\/wp-json\/wp\/v2\/product_tag?post=2737"}],"curies":[{"name":"wp","href":"https:\/\/api.w.org\/{rel}","templated":true}]}}