{"id":2569,"date":"2021-09-01T16:03:57","date_gmt":"2021-09-01T19:03:57","guid":{"rendered":"https:\/\/clarustactical.com\/loja\/?post_type=product&#038;p=2569"},"modified":"2026-01-23T09:06:33","modified_gmt":"2026-01-23T12:06:33","slug":"kit-total-proarmas-by-clarus-tactical-edicao-limitada-com-caixa-exclusiva","status":"publish","type":"product","link":"https:\/\/clarustactical.com\/loja\/produto\/kit-total-proarmas-by-clarus-tactical-edicao-limitada-com-caixa-exclusiva\/","title":{"rendered":"Kit Total &#8211; ProArmas By CLARUS Tactical: Edi\u00e7\u00e3o Limitada com Caixa Exclusiva"},"content":{"rendered":"<p>Kit Total &#8211; ProArmas By CLARUS Tactical: Edi\u00e7\u00e3o Limitada com Caixa Exclusiva.<\/p>\n<p><iframe loading=\"lazy\" title=\"YouTube video player\" src=\"https:\/\/www.youtube.com\/embed\/U2VisfM-9Mo?&amp;iv_load_policy=1&amp;modestbranding=0&amp;rel=0&amp;showinfo=0&amp;theme=dark&amp;vq=default\" width=\"560\" height=\"315\" frameborder=\"0\" allowfullscreen=\"allowfullscreen\"><span data-mce-type=\"bookmark\" style=\"display: inline-block; width: 0px; overflow: hidden; line-height: 0;\" class=\"mce_SELRES_start\">\ufeff<\/span><span data-mce-type=\"bookmark\" style=\"display: inline-block; width: 0px; overflow: hidden; line-height: 0;\" class=\"mce_SELRES_start\">\ufeff<\/span><span data-mce-type=\"bookmark\" style=\"display: inline-block; width: 0px; overflow: hidden; line-height: 0;\" class=\"mce_SELRES_start\">\ufeff<\/span><span data-mce-type=\"bookmark\" style=\"display: inline-block; width: 0px; overflow: hidden; line-height: 0;\" class=\"mce_SELRES_start\">\ufeff<\/span><span data-mce-type=\"bookmark\" style=\"display: inline-block; width: 0px; overflow: hidden; line-height: 0;\" class=\"mce_SELRES_start\">\ufeff<\/span><\/iframe><\/p>\n<p>Cont\u00e9m 19 itens:<\/p>\n<ul>\n<li><strong>SOLVENTE ECOL\u00d3GICO &#8211; 1L e Spray 60ml<\/strong><br \/>\nSubstituto ecol\u00f3gico de querosene para limpeza.<br \/>\nSubstitui querosene na limpeza geral de armas. Auxilia na remo\u00e7\u00e3o de chumbamentos e detritos em geral. At\u00f3xico e n\u00e3o inflam\u00e1vel<br \/>\nSeguro para partes compostas por pol\u00edmeros.<\/li>\n<li><strong>LIMPADOR SECATIVO &#8211; Aerossol 440ml<\/strong><br \/>\nLimpa instantaneamente e com precis\u00e3o todas as partes da arma<br \/>\nEvapora rapidamente, sem deixar res\u00edduos. Odor suave. Vol\u00e1til e secativo.<\/li>\n<li><strong>LIMPEZA EXTREMA &#8211; Aerossol 440ml<\/strong><br \/>\nSolvente para limpeza com evapora\u00e7\u00e3o controlada. Ideal para limpeza com m\u00e1ximo desempenho. Remove incrusta\u00e7\u00f5es de carbono e de fuligem em espingardas e carabinas. Dissolve res\u00edduos de p\u00f3lvora, lubrificantes sujos, dep\u00f3sitos de carbono queimado e detritos pegajosos.<\/li>\n<li><strong>LUBRIFICANTE COM GRAFENO &#8211; 35ml e 4ml com aplicador Pointer<\/strong><br \/>\nLubrificante e protetivo de alta tecnologia aditivado com Grafeno. Evita emperramento, e proporciona acionamento mais r\u00e1pido, inclusive em climas frios; Evita corros\u00e3o de componentes expostos ao clima; Repele \u00e1gua; Evita incrusta\u00e7\u00f5es de carbono, chumbo e cobre; Facilita a limpeza e manuten\u00e7\u00e3o ap\u00f3s uso.<\/li>\n<li><strong>LUBRIFICANTE COM PTFE &#8211; 35ml e 4ml com aplicador Pointer<\/strong><br \/>\nLubrificante e protetivo de alta tecnologia aditivado com PTFE. Evita emperramento, e proporciona acionamento mais r\u00e1pido, inclusive em climas frios. Evita corros\u00e3o de componentes expostos ao clima. Repele \u00e1gua. Evita incrusta\u00e7\u00f5es de carbono, chumbo e cobre.<\/li>\n<li><strong>DESENGRIPANTE AT\u00d3XICO &#8211; Aerossol 440ml <\/strong><br \/>\nLimpa, lubrifica, protege, solta partes emperradas e repele umidade<br \/>\nDissolve res\u00edduos de p\u00f3lvora, cobre, chumbo, lat\u00e3o e zinco. Forma pel\u00edcula protetiva contra a ferrugem e a corros\u00e3o. N\u00e3o atrai poeira e n\u00e3o deixa res\u00edduos pegajosos.<\/li>\n<li><strong>PROTETIVO ANTICORROSIVO &#8211; 1L e Spray 60ml <\/strong><br \/>\nProte\u00e7\u00e3o extrema para armas e cutelaria.<br \/>\nLimpeza, prote\u00e7\u00e3o e lubrifica\u00e7\u00e3o de armas, equipamentos t\u00e1ticos e cutelaria. N\u00e3o ataca as superf\u00edcies em geral (pinturas, pl\u00e1sticos, borrachas e metais). Ideal para colecionadores.<\/li>\n<li><strong>PROTETIVO ANTICORROSIVO WIPES &#8211; Pote com 75 toalhas umedecidas<\/strong><br \/>\nProte\u00e7\u00e3o extrema para armas e cutelaria. Limpeza, prote\u00e7\u00e3o e lubrifica\u00e7\u00e3o de armas, equipamentos t\u00e1ticos e cutelaria. N\u00e3o ataca as superf\u00edcies em geral (pinturas, pl\u00e1sticos, borrachas e metais). Ideal para colecionadores.<\/li>\n<li><strong>HIGIENIZADOR T\u00c1TICO E DESINFETANTE &#8211; 500ml<\/strong><br \/>\nDesinfetante para m\u00faltiplos usos, limpador e higienizador de superf\u00edcies em geral e de sistemas de ar condicionado.\u00a0Elimina micro-organismos causadores de doen\u00e7as e maus odores. Laudo de A\u00e7\u00e3o Virucida (COVID-19):\u00a0eficaz na inativa\u00e7\u00e3o de part\u00edculas virais do Coronav\u00edrus, agente causador da COVID-19, auxiliando no combate \u00e0 doen\u00e7a.<\/li>\n<li><strong>ESPUMA LIMPADORA PARA CANOS &#8211; Aerossol 335ml<\/strong><br \/>\nEspuma limpadora para canos de armas. M\u00e1xima praticidade na limpeza de canos e partes met\u00e1licas. Dissolve e remove res\u00edduos de p\u00f3lvora. At\u00f3xico.<\/li>\n<li><strong>PROTE\u00c7\u00c3O TOTAL PTFE SHIELD &#8211; Aerossol 440ml <\/strong><br \/>\nLubrificante em aerossol aditivado com PTFE. Lubrificante e deslizante seco de alta tecnologia com PTFE. Proporciona pel\u00edcula protetiva duradoura, protegendo armas contra oxida\u00e7\u00e3o, inibindo corros\u00e3o. Resistente \u00e0 \u00e1gua. Biodegrad\u00e1vel. At\u00f3xico.<\/li>\n<li><strong>LUBRIFICANTE PARA CALIBRAR ESTOJOS &#8211; 100ml<\/strong><br \/>\nIdeal para resizing. Evita que estojos fiquem presos na prensa de recarga. Sol\u00favel em \u00e1gua, facilitando o processo de limpeza posterior do cartucho recarregado.<\/li>\n<li><strong>LIMPADOR DE ESTOJOS &#8211; 1Kg<\/strong><br \/>\nLimpa e d\u00e1 brilho nos estojos antes da recarga. Ideal para estojos de lat\u00e3o. Remove oxida\u00e7\u00e3o, manchas e incrusta\u00e7\u00f5es de carbono. Compat\u00edvel com tamboreadores e equipamentos de ultrassom.<\/li>\n<li><strong>REMOVEDOR DE COBRE DO CANO &#8211; 500ml <\/strong><br \/>\nRemove res\u00edduos de cobre e metais dourados. Limpeza f\u00e1cil e r\u00e1pida do cano de rifles, carabinas, fuzis e pistolas. N\u00e3o inflam\u00e1vel.<\/li>\n<\/ul>\n<p><strong>Envio:<\/strong><\/p>\n<p>Seu pedido ser\u00e1 enviado \u00e0 transportadora em at\u00e9 2 dias \u00fateis ap\u00f3s a confirma\u00e7\u00e3o do pagamento. O prazo de entrega poder\u00e1 variar dependendo da regi\u00e3o e forma de envio escolhida. Sujeito a disponibilidade do Fornecedor.<\/p>\n","protected":false},"excerpt":{"rendered":"<p>Kit completo com todos os produtos da linha ProArmas By CLARUS Tactical, em uma caixa exclusiva e limitada.<\/p>\n","protected":false},"featured_media":2571,"comment_status":"open","ping_status":"closed","template":"","meta":[],"product_cat":[185,24,191],"product_tag":[],"brands":[{"id":172,"name":"ProArmas By CLARUS Tactical","slug":"proarmas-by-clarus-tactical"}],"yoast_head":"<!-- This site is optimized with the Yoast SEO plugin v17.1 - https:\/\/yoast.com\/wordpress\/plugins\/seo\/ -->\n<title>Kit Total - ProArmas By CLARUS Tactical: Edi\u00e7\u00e3o Limitada com Caixa Exclusiva &ndash; CLARUS Tactical - Loja Oficial<\/title>\n<meta name=\"robots\" content=\"index, follow, max-snippet:-1, max-image-preview:large, max-video-preview:-1\" \/>\n<link rel=\"canonical\" href=\"https:\/\/clarustactical.com\/loja\/produto\/kit-total-proarmas-by-clarus-tactical-edicao-limitada-com-caixa-exclusiva\/\" \/>\n<meta property=\"og:locale\" content=\"pt_BR\" \/>\n<meta property=\"og:type\" content=\"article\" \/>\n<meta property=\"og:title\" content=\"Kit Total - ProArmas By CLARUS Tactical: Edi\u00e7\u00e3o Limitada com Caixa Exclusiva &ndash; CLARUS Tactical - Loja Oficial\" \/>\n<meta property=\"og:description\" content=\"Kit completo com todos os produtos da linha ProArmas By CLARUS Tactical, em uma caixa exclusiva e limitada.\" \/>\n<meta property=\"og:url\" content=\"https:\/\/clarustactical.com\/loja\/produto\/kit-total-proarmas-by-clarus-tactical-edicao-limitada-com-caixa-exclusiva\/\" \/>\n<meta property=\"og:site_name\" content=\"CLARUS Tactical - Loja Oficial\" \/>\n<meta property=\"article:modified_time\" content=\"2026-01-23T12:06:33+00:00\" \/>\n<meta property=\"og:image\" content=\"https:\/\/clarustactical.com\/loja\/wp-content\/uploads\/2021\/09\/P1210227-b.jpg\" \/>\n\t<meta property=\"og:image:width\" content=\"950\" \/>\n\t<meta property=\"og:image:height\" content=\"950\" \/>\n<meta name=\"twitter:card\" content=\"summary_large_image\" \/>\n<meta name=\"twitter:label1\" content=\"Est. reading time\" \/>\n\t<meta name=\"twitter:data1\" content=\"3 minutos\" \/>\n<script type=\"application\/ld+json\" class=\"yoast-schema-graph\">{\"@context\":\"https:\/\/schema.org\",\"@graph\":[{\"@type\":\"WebSite\",\"@id\":\"https:\/\/clarustactical.com\/loja\/#website\",\"url\":\"https:\/\/clarustactical.com\/loja\/\",\"name\":\"ProArmas by CLARUS Tactical\",\"description\":\"Produtos para Manuten\\u00e7\\u00e3o de Armas\",\"potentialAction\":[{\"@type\":\"SearchAction\",\"target\":{\"@type\":\"EntryPoint\",\"urlTemplate\":\"https:\/\/clarustactical.com\/loja\/?s={search_term_string}\"},\"query-input\":\"required name=search_term_string\"}],\"inLanguage\":\"pt-BR\"},{\"@type\":\"ImageObject\",\"@id\":\"https:\/\/clarustactical.com\/loja\/produto\/kit-total-proarmas-by-clarus-tactical-edicao-limitada-com-caixa-exclusiva\/#primaryimage\",\"inLanguage\":\"pt-BR\",\"url\":\"https:\/\/clarustactical.com\/loja\/wp-content\/uploads\/2021\/09\/P1210227-b.jpg\",\"contentUrl\":\"https:\/\/clarustactical.com\/loja\/wp-content\/uploads\/2021\/09\/P1210227-b.jpg\",\"width\":950,\"height\":950},{\"@type\":\"WebPage\",\"@id\":\"https:\/\/clarustactical.com\/loja\/produto\/kit-total-proarmas-by-clarus-tactical-edicao-limitada-com-caixa-exclusiva\/#webpage\",\"url\":\"https:\/\/clarustactical.com\/loja\/produto\/kit-total-proarmas-by-clarus-tactical-edicao-limitada-com-caixa-exclusiva\/\",\"name\":\"Kit Total - ProArmas By CLARUS Tactical: Edi\\u00e7\\u00e3o Limitada com Caixa Exclusiva &ndash; CLARUS Tactical - Loja Oficial\",\"isPartOf\":{\"@id\":\"https:\/\/clarustactical.com\/loja\/#website\"},\"primaryImageOfPage\":{\"@id\":\"https:\/\/clarustactical.com\/loja\/produto\/kit-total-proarmas-by-clarus-tactical-edicao-limitada-com-caixa-exclusiva\/#primaryimage\"},\"datePublished\":\"2021-09-01T19:03:57+00:00\",\"dateModified\":\"2026-01-23T12:06:33+00:00\",\"breadcrumb\":{\"@id\":\"https:\/\/clarustactical.com\/loja\/produto\/kit-total-proarmas-by-clarus-tactical-edicao-limitada-com-caixa-exclusiva\/#breadcrumb\"},\"inLanguage\":\"pt-BR\",\"potentialAction\":[{\"@type\":\"ReadAction\",\"target\":[\"https:\/\/clarustactical.com\/loja\/produto\/kit-total-proarmas-by-clarus-tactical-edicao-limitada-com-caixa-exclusiva\/\"]}]},{\"@type\":\"BreadcrumbList\",\"@id\":\"https:\/\/clarustactical.com\/loja\/produto\/kit-total-proarmas-by-clarus-tactical-edicao-limitada-com-caixa-exclusiva\/#breadcrumb\",\"itemListElement\":[{\"@type\":\"ListItem\",\"position\":1,\"name\":\"Home\",\"item\":\"https:\/\/clarustactical.com\/loja\/\"},{\"@type\":\"ListItem\",\"position\":2,\"name\":\"Shop\",\"item\":\"https:\/\/clarustactical.com\/loja\/shop\/\"},{\"@type\":\"ListItem\",\"position\":3,\"name\":\"Kit Total &#8211; ProArmas By CLARUS Tactical: Edi\\u00e7\\u00e3o Limitada com Caixa Exclusiva\"}]}]}<\/script>\n<!-- \/ Yoast SEO plugin. -->","yoast_head_json":{"title":"Kit Total - ProArmas By CLARUS Tactical: Edi\u00e7\u00e3o Limitada com Caixa Exclusiva &ndash; CLARUS Tactical - Loja Oficial","robots":{"index":"index","follow":"follow","max-snippet":"max-snippet:-1","max-image-preview":"max-image-preview:large","max-video-preview":"max-video-preview:-1"},"canonical":"https:\/\/clarustactical.com\/loja\/produto\/kit-total-proarmas-by-clarus-tactical-edicao-limitada-com-caixa-exclusiva\/","og_locale":"pt_BR","og_type":"article","og_title":"Kit Total - ProArmas By CLARUS Tactical: Edi\u00e7\u00e3o Limitada com Caixa Exclusiva &ndash; CLARUS Tactical - Loja Oficial","og_description":"Kit completo com todos os produtos da linha ProArmas By CLARUS Tactical, em uma caixa exclusiva e limitada.","og_url":"https:\/\/clarustactical.com\/loja\/produto\/kit-total-proarmas-by-clarus-tactical-edicao-limitada-com-caixa-exclusiva\/","og_site_name":"CLARUS Tactical - Loja Oficial","article_modified_time":"2026-01-23T12:06:33+00:00","og_image":[{"width":950,"height":950,"url":"https:\/\/clarustactical.com\/loja\/wp-content\/uploads\/2021\/09\/P1210227-b.jpg","path":"\/var\/www\/html\/w3-clarustactical\/loja\/wp-content\/uploads\/2021\/09\/P1210227-b.jpg","size":"full","id":2571,"alt":"","pixels":902500,"type":"image\/jpeg"}],"twitter_card":"summary_large_image","twitter_misc":{"Est. reading time":"3 minutos"},"schema":{"@context":"https:\/\/schema.org","@graph":[{"@type":"WebSite","@id":"https:\/\/clarustactical.com\/loja\/#website","url":"https:\/\/clarustactical.com\/loja\/","name":"ProArmas by CLARUS Tactical","description":"Produtos para Manuten\u00e7\u00e3o de Armas","potentialAction":[{"@type":"SearchAction","target":{"@type":"EntryPoint","urlTemplate":"https:\/\/clarustactical.com\/loja\/?s={search_term_string}"},"query-input":"required name=search_term_string"}],"inLanguage":"pt-BR"},{"@type":"ImageObject","@id":"https:\/\/clarustactical.com\/loja\/produto\/kit-total-proarmas-by-clarus-tactical-edicao-limitada-com-caixa-exclusiva\/#primaryimage","inLanguage":"pt-BR","url":"https:\/\/clarustactical.com\/loja\/wp-content\/uploads\/2021\/09\/P1210227-b.jpg","contentUrl":"https:\/\/clarustactical.com\/loja\/wp-content\/uploads\/2021\/09\/P1210227-b.jpg","width":950,"height":950},{"@type":"WebPage","@id":"https:\/\/clarustactical.com\/loja\/produto\/kit-total-proarmas-by-clarus-tactical-edicao-limitada-com-caixa-exclusiva\/#webpage","url":"https:\/\/clarustactical.com\/loja\/produto\/kit-total-proarmas-by-clarus-tactical-edicao-limitada-com-caixa-exclusiva\/","name":"Kit Total - ProArmas By CLARUS Tactical: Edi\u00e7\u00e3o Limitada com Caixa Exclusiva &ndash; CLARUS Tactical - Loja Oficial","isPartOf":{"@id":"https:\/\/clarustactical.com\/loja\/#website"},"primaryImageOfPage":{"@id":"https:\/\/clarustactical.com\/loja\/produto\/kit-total-proarmas-by-clarus-tactical-edicao-limitada-com-caixa-exclusiva\/#primaryimage"},"datePublished":"2021-09-01T19:03:57+00:00","dateModified":"2026-01-23T12:06:33+00:00","breadcrumb":{"@id":"https:\/\/clarustactical.com\/loja\/produto\/kit-total-proarmas-by-clarus-tactical-edicao-limitada-com-caixa-exclusiva\/#breadcrumb"},"inLanguage":"pt-BR","potentialAction":[{"@type":"ReadAction","target":["https:\/\/clarustactical.com\/loja\/produto\/kit-total-proarmas-by-clarus-tactical-edicao-limitada-com-caixa-exclusiva\/"]}]},{"@type":"BreadcrumbList","@id":"https:\/\/clarustactical.com\/loja\/produto\/kit-total-proarmas-by-clarus-tactical-edicao-limitada-com-caixa-exclusiva\/#breadcrumb","itemListElement":[{"@type":"ListItem","position":1,"name":"Home","item":"https:\/\/clarustactical.com\/loja\/"},{"@type":"ListItem","position":2,"name":"Shop","item":"https:\/\/clarustactical.com\/loja\/shop\/"},{"@type":"ListItem","position":3,"name":"Kit Total &#8211; ProArmas By CLARUS Tactical: Edi\u00e7\u00e3o Limitada com Caixa Exclusiva"}]}]}},"_links":{"self":[{"href":"https:\/\/clarustactical.com\/loja\/wp-json\/wp\/v2\/product\/2569"}],"collection":[{"href":"https:\/\/clarustactical.com\/loja\/wp-json\/wp\/v2\/product"}],"about":[{"href":"https:\/\/clarustactical.com\/loja\/wp-json\/wp\/v2\/types\/product"}],"replies":[{"embeddable":true,"href":"https:\/\/clarustactical.com\/loja\/wp-json\/wp\/v2\/comments?post=2569"}],"wp:featuredmedia":[{"embeddable":true,"href":"https:\/\/clarustactical.com\/loja\/wp-json\/wp\/v2\/media\/2571"}],"wp:attachment":[{"href":"https:\/\/clarustactical.com\/loja\/wp-json\/wp\/v2\/media?parent=2569"}],"wp:term":[{"taxonomy":"product_cat","embeddable":true,"href":"https:\/\/clarustactical.com\/loja\/wp-json\/wp\/v2\/product_cat?post=2569"},{"taxonomy":"product_tag","embeddable":true,"href":"https:\/\/clarustactical.com\/loja\/wp-json\/wp\/v2\/product_tag?post=2569"}],"curies":[{"name":"wp","href":"https:\/\/api.w.org\/{rel}","templated":true}]}}