{"id":1979,"date":"2021-07-30T18:06:31","date_gmt":"2021-07-30T21:06:31","guid":{"rendered":"https:\/\/clarustactical.com\/loja\/?post_type=product&#038;p=1979"},"modified":"2026-01-23T09:06:33","modified_gmt":"2026-01-23T12:06:33","slug":"limpador-extremo-440ml","status":"publish","type":"product","link":"https:\/\/clarustactical.com\/loja\/produto\/limpador-extremo-440ml\/","title":{"rendered":"Limpeza Extrema &#8211; ProArmas By CLARUS Tactical &#8211; 440ml"},"content":{"rendered":"<p><strong>Informa\u00e7\u00f5es sobre o produto:<\/strong><\/p>\n<ul>\n<li>Limpeza extrema e manuten\u00e7\u00e3o em armas de fogo.<\/li>\n<li>M\u00e1ximo desempenho: ideal para<strong> uso profissional por armeiros.<\/strong><\/li>\n<li>Remove chumbamentos, incrusta\u00e7\u00f5es de carbono queimado e de fuligem. Dissolve res\u00edduos de p\u00f3lvora, lubrificantes sujos e detritos pegajosos.<\/li>\n<li>Alto poder de remo\u00e7\u00e3o de borrachas e pol\u00edmeros de muni\u00e7\u00f5es de baixa letalidade em lan\u00e7adores de granadas e similares.<\/li>\n<li>Ideal para todos os tipos de armas: pistolas, rev\u00f3lveres, fuzis, espingardas e carabinas.<\/li>\n<li>Remove tintas de marcadores de paintball.<\/li>\n<\/ul>\n<p><iframe loading=\"lazy\" title=\"YouTube video player\" src=\"https:\/\/www.youtube.com\/embed\/LFrH6zxuWsw?&amp;iv_load_policy=1&amp;modestbranding=0&amp;rel=0&amp;showinfo=0&amp;theme=dark&amp;vq=default\" width=\"560\" height=\"315\" frameborder=\"0\" allowfullscreen=\"allowfullscreen\"><span data-mce-type=\"bookmark\" style=\"display: inline-block; width: 0px; overflow: hidden; line-height: 0;\" class=\"mce_SELRES_start\">\ufeff<\/span><span data-mce-type=\"bookmark\" style=\"display: inline-block; width: 0px; overflow: hidden; line-height: 0;\" class=\"mce_SELRES_start\">\ufeff<\/span><\/iframe><\/p>\n<p><strong>Modo de usar:<\/strong><\/p>\n<ul>\n<li>Agitar o tubo. Distanciar 15 cm do local de aspers\u00e3o em posi\u00e7\u00e3o vertical. Aplique o produto diretamente sobre a parte a limpar.<\/li>\n<li>Utilize somente em armas descarregadas.<\/li>\n<li>Evite contato com partes pintadas, de pol\u00edmero ou madeira. Evitar contato prolongado com as superf\u00edcies.<\/li>\n<li>Ap\u00f3s a limpeza, recomenda-se utilizar o protetivo Prote\u00e7\u00e3o Total PTFE Shield para evitar ferrugem.<\/li>\n<\/ul>\n<p>&nbsp;<\/p>\n<p><strong>Embalagem:<\/strong>\u00a0Aerossol 440ml. Produto inflam\u00e1vel.<\/p>\n<p>Refer\u00eancia do nome\u00a0anterior do produto:\u00a0<strong>CLARUS SolventMax STX-08<\/strong><\/p>\n","protected":false},"excerpt":{"rendered":"<p>Limpador Extremo para Armas. Ideal para uso por Armeiros.<\/p>\n","protected":false},"featured_media":2052,"comment_status":"open","ping_status":"closed","template":"","meta":[],"product_cat":[192,191],"product_tag":[],"brands":[{"id":172,"name":"ProArmas By CLARUS Tactical","slug":"proarmas-by-clarus-tactical"}],"yoast_head":"<!-- This site is optimized with the Yoast SEO plugin v17.1 - https:\/\/yoast.com\/wordpress\/plugins\/seo\/ -->\n<title>Limpeza Extrema - ProArmas By CLARUS Tactical - 440ml &ndash; CLARUS Tactical - Loja Oficial<\/title>\n<meta name=\"robots\" content=\"index, follow, max-snippet:-1, max-image-preview:large, max-video-preview:-1\" \/>\n<link rel=\"canonical\" href=\"https:\/\/clarustactical.com\/loja\/produto\/limpador-extremo-440ml\/\" \/>\n<meta property=\"og:locale\" content=\"pt_BR\" \/>\n<meta property=\"og:type\" content=\"article\" \/>\n<meta property=\"og:title\" content=\"Limpeza Extrema - ProArmas By CLARUS Tactical - 440ml &ndash; CLARUS Tactical - Loja Oficial\" \/>\n<meta property=\"og:description\" content=\"Limpador Extremo para Armas. Ideal para uso por Armeiros.\" \/>\n<meta property=\"og:url\" content=\"https:\/\/clarustactical.com\/loja\/produto\/limpador-extremo-440ml\/\" \/>\n<meta property=\"og:site_name\" content=\"CLARUS Tactical - Loja Oficial\" \/>\n<meta property=\"article:modified_time\" content=\"2026-01-23T12:06:33+00:00\" \/>\n<meta property=\"og:image\" content=\"https:\/\/clarustactical.com\/loja\/wp-content\/uploads\/2021\/07\/proarmas-limpeza-extrema.png\" \/>\n\t<meta property=\"og:image:width\" content=\"1500\" \/>\n\t<meta property=\"og:image:height\" content=\"1500\" \/>\n<meta name=\"twitter:card\" content=\"summary_large_image\" \/>\n<meta name=\"twitter:label1\" content=\"Est. reading time\" \/>\n\t<meta name=\"twitter:data1\" content=\"1 minuto\" \/>\n<script type=\"application\/ld+json\" class=\"yoast-schema-graph\">{\"@context\":\"https:\/\/schema.org\",\"@graph\":[{\"@type\":\"WebSite\",\"@id\":\"https:\/\/clarustactical.com\/loja\/#website\",\"url\":\"https:\/\/clarustactical.com\/loja\/\",\"name\":\"ProArmas by CLARUS Tactical\",\"description\":\"Produtos para Manuten\\u00e7\\u00e3o de Armas\",\"potentialAction\":[{\"@type\":\"SearchAction\",\"target\":{\"@type\":\"EntryPoint\",\"urlTemplate\":\"https:\/\/clarustactical.com\/loja\/?s={search_term_string}\"},\"query-input\":\"required name=search_term_string\"}],\"inLanguage\":\"pt-BR\"},{\"@type\":\"ImageObject\",\"@id\":\"https:\/\/clarustactical.com\/loja\/produto\/limpador-extremo-440ml\/#primaryimage\",\"inLanguage\":\"pt-BR\",\"url\":\"https:\/\/clarustactical.com\/loja\/wp-content\/uploads\/2021\/07\/proarmas-limpeza-extrema.png\",\"contentUrl\":\"https:\/\/clarustactical.com\/loja\/wp-content\/uploads\/2021\/07\/proarmas-limpeza-extrema.png\",\"width\":1500,\"height\":1500},{\"@type\":\"WebPage\",\"@id\":\"https:\/\/clarustactical.com\/loja\/produto\/limpador-extremo-440ml\/#webpage\",\"url\":\"https:\/\/clarustactical.com\/loja\/produto\/limpador-extremo-440ml\/\",\"name\":\"Limpeza Extrema - ProArmas By CLARUS Tactical - 440ml &ndash; CLARUS Tactical - Loja Oficial\",\"isPartOf\":{\"@id\":\"https:\/\/clarustactical.com\/loja\/#website\"},\"primaryImageOfPage\":{\"@id\":\"https:\/\/clarustactical.com\/loja\/produto\/limpador-extremo-440ml\/#primaryimage\"},\"datePublished\":\"2021-07-30T21:06:31+00:00\",\"dateModified\":\"2026-01-23T12:06:33+00:00\",\"breadcrumb\":{\"@id\":\"https:\/\/clarustactical.com\/loja\/produto\/limpador-extremo-440ml\/#breadcrumb\"},\"inLanguage\":\"pt-BR\",\"potentialAction\":[{\"@type\":\"ReadAction\",\"target\":[\"https:\/\/clarustactical.com\/loja\/produto\/limpador-extremo-440ml\/\"]}]},{\"@type\":\"BreadcrumbList\",\"@id\":\"https:\/\/clarustactical.com\/loja\/produto\/limpador-extremo-440ml\/#breadcrumb\",\"itemListElement\":[{\"@type\":\"ListItem\",\"position\":1,\"name\":\"Home\",\"item\":\"https:\/\/clarustactical.com\/loja\/\"},{\"@type\":\"ListItem\",\"position\":2,\"name\":\"Shop\",\"item\":\"https:\/\/clarustactical.com\/loja\/shop\/\"},{\"@type\":\"ListItem\",\"position\":3,\"name\":\"Limpeza Extrema &#8211; ProArmas By CLARUS Tactical &#8211; 440ml\"}]}]}<\/script>\n<!-- \/ Yoast SEO plugin. -->","yoast_head_json":{"title":"Limpeza Extrema - ProArmas By CLARUS Tactical - 440ml &ndash; CLARUS Tactical - Loja Oficial","robots":{"index":"index","follow":"follow","max-snippet":"max-snippet:-1","max-image-preview":"max-image-preview:large","max-video-preview":"max-video-preview:-1"},"canonical":"https:\/\/clarustactical.com\/loja\/produto\/limpador-extremo-440ml\/","og_locale":"pt_BR","og_type":"article","og_title":"Limpeza Extrema - ProArmas By CLARUS Tactical - 440ml &ndash; CLARUS Tactical - Loja Oficial","og_description":"Limpador Extremo para Armas. Ideal para uso por Armeiros.","og_url":"https:\/\/clarustactical.com\/loja\/produto\/limpador-extremo-440ml\/","og_site_name":"CLARUS Tactical - Loja Oficial","article_modified_time":"2026-01-23T12:06:33+00:00","og_image":[{"width":1500,"height":1500,"url":"https:\/\/clarustactical.com\/loja\/wp-content\/uploads\/2021\/07\/proarmas-limpeza-extrema.png","path":"\/var\/www\/html\/w3-clarustactical\/loja\/wp-content\/uploads\/2021\/07\/proarmas-limpeza-extrema.png","size":"full","id":2052,"alt":"","pixels":2250000,"type":"image\/png"}],"twitter_card":"summary_large_image","twitter_misc":{"Est. reading time":"1 minuto"},"schema":{"@context":"https:\/\/schema.org","@graph":[{"@type":"WebSite","@id":"https:\/\/clarustactical.com\/loja\/#website","url":"https:\/\/clarustactical.com\/loja\/","name":"ProArmas by CLARUS Tactical","description":"Produtos para Manuten\u00e7\u00e3o de Armas","potentialAction":[{"@type":"SearchAction","target":{"@type":"EntryPoint","urlTemplate":"https:\/\/clarustactical.com\/loja\/?s={search_term_string}"},"query-input":"required name=search_term_string"}],"inLanguage":"pt-BR"},{"@type":"ImageObject","@id":"https:\/\/clarustactical.com\/loja\/produto\/limpador-extremo-440ml\/#primaryimage","inLanguage":"pt-BR","url":"https:\/\/clarustactical.com\/loja\/wp-content\/uploads\/2021\/07\/proarmas-limpeza-extrema.png","contentUrl":"https:\/\/clarustactical.com\/loja\/wp-content\/uploads\/2021\/07\/proarmas-limpeza-extrema.png","width":1500,"height":1500},{"@type":"WebPage","@id":"https:\/\/clarustactical.com\/loja\/produto\/limpador-extremo-440ml\/#webpage","url":"https:\/\/clarustactical.com\/loja\/produto\/limpador-extremo-440ml\/","name":"Limpeza Extrema - ProArmas By CLARUS Tactical - 440ml &ndash; CLARUS Tactical - Loja Oficial","isPartOf":{"@id":"https:\/\/clarustactical.com\/loja\/#website"},"primaryImageOfPage":{"@id":"https:\/\/clarustactical.com\/loja\/produto\/limpador-extremo-440ml\/#primaryimage"},"datePublished":"2021-07-30T21:06:31+00:00","dateModified":"2026-01-23T12:06:33+00:00","breadcrumb":{"@id":"https:\/\/clarustactical.com\/loja\/produto\/limpador-extremo-440ml\/#breadcrumb"},"inLanguage":"pt-BR","potentialAction":[{"@type":"ReadAction","target":["https:\/\/clarustactical.com\/loja\/produto\/limpador-extremo-440ml\/"]}]},{"@type":"BreadcrumbList","@id":"https:\/\/clarustactical.com\/loja\/produto\/limpador-extremo-440ml\/#breadcrumb","itemListElement":[{"@type":"ListItem","position":1,"name":"Home","item":"https:\/\/clarustactical.com\/loja\/"},{"@type":"ListItem","position":2,"name":"Shop","item":"https:\/\/clarustactical.com\/loja\/shop\/"},{"@type":"ListItem","position":3,"name":"Limpeza Extrema &#8211; ProArmas By CLARUS Tactical &#8211; 440ml"}]}]}},"_links":{"self":[{"href":"https:\/\/clarustactical.com\/loja\/wp-json\/wp\/v2\/product\/1979"}],"collection":[{"href":"https:\/\/clarustactical.com\/loja\/wp-json\/wp\/v2\/product"}],"about":[{"href":"https:\/\/clarustactical.com\/loja\/wp-json\/wp\/v2\/types\/product"}],"replies":[{"embeddable":true,"href":"https:\/\/clarustactical.com\/loja\/wp-json\/wp\/v2\/comments?post=1979"}],"wp:featuredmedia":[{"embeddable":true,"href":"https:\/\/clarustactical.com\/loja\/wp-json\/wp\/v2\/media\/2052"}],"wp:attachment":[{"href":"https:\/\/clarustactical.com\/loja\/wp-json\/wp\/v2\/media?parent=1979"}],"wp:term":[{"taxonomy":"product_cat","embeddable":true,"href":"https:\/\/clarustactical.com\/loja\/wp-json\/wp\/v2\/product_cat?post=1979"},{"taxonomy":"product_tag","embeddable":true,"href":"https:\/\/clarustactical.com\/loja\/wp-json\/wp\/v2\/product_tag?post=1979"}],"curies":[{"name":"wp","href":"https:\/\/api.w.org\/{rel}","templated":true}]}}