{"id":11570,"date":"2025-07-04T09:30:07","date_gmt":"2025-07-04T12:30:07","guid":{"rendered":"https:\/\/clarustactical.com\/loja\/?post_type=product&#038;p=11570"},"modified":"2026-03-02T17:26:17","modified_gmt":"2026-03-02T20:26:17","slug":"vegelub-protection-k1-wipes-protetivo-anticorrosivo-para-armas-clarus-tactical-75-toalhas","status":"publish","type":"product","link":"https:\/\/clarustactical.com\/loja\/produto\/vegelub-protection-k1-wipes-protetivo-anticorrosivo-para-armas-clarus-tactical-75-toalhas\/","title":{"rendered":"VegeLub Protection K1 Wipes \u2013 Protetivo Anticorrosivo para Armas \u2013 CLARUS Tactical \u2013 50 toalhas"},"content":{"rendered":"<p><strong>VegeLub Protection K1 Wipes \u2013 CLARUS Tactical <\/strong>proporciona prote\u00e7\u00e3o anticorrosiva de longa dura\u00e7\u00e3o, ideal para armas, equipamentos t\u00e1ticos (EDC) e cutelaria,\u00a0inclusive para uso de colecionadores. Ideal para prote\u00e7\u00e3o de partes internas das armas, inclusive cano e mecanismos. M\u00faltipla a\u00e7\u00e3o: forma uma pel\u00edcula lubrificante e protetiva. Ideal mesmo em ambientes corrosivos ou quando sujeitas a intemp\u00e9ries severas. Pode ser utilizado para limpeza inicial leve.<\/p>\n<p><strong>Propriedades:<\/strong><\/p>\n<ul>\n<li>N\u00e3o inflam\u00e1veis. (atende NR-16 e 20);<\/li>\n<li>N\u00e3o insalubre. At\u00f3xico. (atende NR-15);<\/li>\n<li>Biodegrad\u00e1vel. Isento de \u00f3leos minerais;<\/li>\n<li>Protetivo Anticorrosivo Extremo: alta ader\u00eancia e resist\u00eancia, inclusive a maresia.<\/li>\n<li>Devido \u00e0 sua colora\u00e7\u00e3o, permite a visualiza\u00e7\u00e3o das \u00e1reas j\u00e1 protegidas;<\/li>\n<li>Forma\u00e7\u00e3o de um filme protetivo resistente em ambientes de alta corrosividade;<\/li>\n<li>Resistente a intemp\u00e9ries salinas;<\/li>\n<li>Protege as superf\u00edcies durante longos per\u00edodos de exposi\u00e7\u00e3o cont\u00ednua;<\/li>\n<li>N\u00e3o ataca as superf\u00edcies em geral. (pinturas, pl\u00e1sticos, borrachas e metais);<\/li>\n<li>Diferente de protetivos de pel\u00edcula seca, pode ser facilmente removido com solvente ecol\u00f3gico ap\u00f3s a utiliza\u00e7\u00e3o.<\/li>\n<\/ul>\n<p><strong>Modo de usar:<\/strong><\/p>\n<ul>\n<li><strong>VegeLub Protection K1 Wipes <\/strong>\u00e9 ideal para prote\u00e7\u00e3o anticorrosiva das partes met\u00e1licas das armas. Aplique a toalha uniformemente sobre as partes a serem protegidas. Recomenda-se envolver o item protegido em um pl\u00e1stico para armazenamento mais prolongado.<\/li>\n<\/ul>\n<p><strong>Embalagem:<\/strong> Pote com 50 toalhas<\/p>\n<p><strong style=\"line-height: 1.5;\">Especifica\u00e7\u00e3o T\u00e9cnica:<\/strong><\/p>\n<p>Classifica\u00e7\u00e3o do produto: N\u00e3o classificado.<br \/>\nFabricante: CLARUS Technology do Brasil.<\/p>\n<p><strong style=\"line-height: 1.5;\">Envio:<\/strong><\/p>\n<p>Seu pedido ser\u00e1 enviado \u00e0 transportadora em at\u00e9 2 dias \u00fateis ap\u00f3s a confirma\u00e7\u00e3o do pagamento. O prazo de entrega poder\u00e1 variar dependendo da regi\u00e3o e forma de envio escolhida. Sujeito a disponibilidade do Fornecedor.<\/p>\n","protected":false},"excerpt":{"rendered":"<p>Toalhas umedecidas para prote\u00e7\u00e3o de armas e cutelaria. Pote com 50 toalhas.<\/p>\n","protected":false},"featured_media":11569,"comment_status":"closed","ping_status":"closed","template":"","meta":[],"product_cat":[24,97],"product_tag":[],"brands":[{"id":190,"name":"CLARUS Tactical","slug":"clarus-tactical"}],"yoast_head":"<!-- This site is optimized with the Yoast SEO plugin v17.1 - https:\/\/yoast.com\/wordpress\/plugins\/seo\/ -->\n<title>VegeLub Protection K1 Wipes \u2013 Protetivo Anticorrosivo para Armas \u2013 CLARUS Tactical \u2013 50 toalhas &ndash; CLARUS Tactical - Loja Oficial<\/title>\n<meta name=\"robots\" content=\"index, follow, max-snippet:-1, max-image-preview:large, max-video-preview:-1\" \/>\n<link rel=\"canonical\" href=\"https:\/\/clarustactical.com\/loja\/produto\/vegelub-protection-k1-wipes-protetivo-anticorrosivo-para-armas-clarus-tactical-75-toalhas\/\" \/>\n<meta property=\"og:locale\" content=\"pt_BR\" \/>\n<meta property=\"og:type\" content=\"article\" \/>\n<meta property=\"og:title\" content=\"VegeLub Protection K1 Wipes \u2013 Protetivo Anticorrosivo para Armas \u2013 CLARUS Tactical \u2013 50 toalhas &ndash; CLARUS Tactical - Loja Oficial\" \/>\n<meta property=\"og:description\" content=\"Toalhas umedecidas para prote\u00e7\u00e3o de armas e cutelaria. Pote com 50 toalhas.\" \/>\n<meta property=\"og:url\" content=\"https:\/\/clarustactical.com\/loja\/produto\/vegelub-protection-k1-wipes-protetivo-anticorrosivo-para-armas-clarus-tactical-75-toalhas\/\" \/>\n<meta property=\"og:site_name\" content=\"CLARUS Tactical - Loja Oficial\" \/>\n<meta property=\"article:modified_time\" content=\"2026-03-02T20:26:17+00:00\" \/>\n<meta property=\"og:image\" content=\"https:\/\/clarustactical.com\/loja\/wp-content\/uploads\/2025\/07\/protetivo-anticorrosivo-wipes.png\" \/>\n\t<meta property=\"og:image:width\" content=\"950\" \/>\n\t<meta property=\"og:image:height\" content=\"950\" \/>\n<meta name=\"twitter:card\" content=\"summary_large_image\" \/>\n<meta name=\"twitter:label1\" content=\"Est. reading time\" \/>\n\t<meta name=\"twitter:data1\" content=\"2 minutos\" \/>\n<script type=\"application\/ld+json\" class=\"yoast-schema-graph\">{\"@context\":\"https:\/\/schema.org\",\"@graph\":[{\"@type\":\"WebSite\",\"@id\":\"https:\/\/clarustactical.com\/loja\/#website\",\"url\":\"https:\/\/clarustactical.com\/loja\/\",\"name\":\"ProArmas by CLARUS Tactical\",\"description\":\"Produtos para Manuten\\u00e7\\u00e3o de Armas\",\"potentialAction\":[{\"@type\":\"SearchAction\",\"target\":{\"@type\":\"EntryPoint\",\"urlTemplate\":\"https:\/\/clarustactical.com\/loja\/?s={search_term_string}\"},\"query-input\":\"required name=search_term_string\"}],\"inLanguage\":\"pt-BR\"},{\"@type\":\"ImageObject\",\"@id\":\"https:\/\/clarustactical.com\/loja\/produto\/vegelub-protection-k1-wipes-protetivo-anticorrosivo-para-armas-clarus-tactical-75-toalhas\/#primaryimage\",\"inLanguage\":\"pt-BR\",\"url\":\"https:\/\/clarustactical.com\/loja\/wp-content\/uploads\/2025\/07\/protetivo-anticorrosivo-wipes.png\",\"contentUrl\":\"https:\/\/clarustactical.com\/loja\/wp-content\/uploads\/2025\/07\/protetivo-anticorrosivo-wipes.png\",\"width\":950,\"height\":950},{\"@type\":\"WebPage\",\"@id\":\"https:\/\/clarustactical.com\/loja\/produto\/vegelub-protection-k1-wipes-protetivo-anticorrosivo-para-armas-clarus-tactical-75-toalhas\/#webpage\",\"url\":\"https:\/\/clarustactical.com\/loja\/produto\/vegelub-protection-k1-wipes-protetivo-anticorrosivo-para-armas-clarus-tactical-75-toalhas\/\",\"name\":\"VegeLub Protection K1 Wipes \\u2013 Protetivo Anticorrosivo para Armas \\u2013 CLARUS Tactical \\u2013 50 toalhas &ndash; CLARUS Tactical - Loja Oficial\",\"isPartOf\":{\"@id\":\"https:\/\/clarustactical.com\/loja\/#website\"},\"primaryImageOfPage\":{\"@id\":\"https:\/\/clarustactical.com\/loja\/produto\/vegelub-protection-k1-wipes-protetivo-anticorrosivo-para-armas-clarus-tactical-75-toalhas\/#primaryimage\"},\"datePublished\":\"2025-07-04T12:30:07+00:00\",\"dateModified\":\"2026-03-02T20:26:17+00:00\",\"breadcrumb\":{\"@id\":\"https:\/\/clarustactical.com\/loja\/produto\/vegelub-protection-k1-wipes-protetivo-anticorrosivo-para-armas-clarus-tactical-75-toalhas\/#breadcrumb\"},\"inLanguage\":\"pt-BR\",\"potentialAction\":[{\"@type\":\"ReadAction\",\"target\":[\"https:\/\/clarustactical.com\/loja\/produto\/vegelub-protection-k1-wipes-protetivo-anticorrosivo-para-armas-clarus-tactical-75-toalhas\/\"]}]},{\"@type\":\"BreadcrumbList\",\"@id\":\"https:\/\/clarustactical.com\/loja\/produto\/vegelub-protection-k1-wipes-protetivo-anticorrosivo-para-armas-clarus-tactical-75-toalhas\/#breadcrumb\",\"itemListElement\":[{\"@type\":\"ListItem\",\"position\":1,\"name\":\"Home\",\"item\":\"https:\/\/clarustactical.com\/loja\/\"},{\"@type\":\"ListItem\",\"position\":2,\"name\":\"Shop\",\"item\":\"https:\/\/clarustactical.com\/loja\/shop\/\"},{\"@type\":\"ListItem\",\"position\":3,\"name\":\"VegeLub Protection K1 Wipes \\u2013 Protetivo Anticorrosivo para Armas \\u2013 CLARUS Tactical \\u2013 50 toalhas\"}]}]}<\/script>\n<!-- \/ Yoast SEO plugin. -->","yoast_head_json":{"title":"VegeLub Protection K1 Wipes \u2013 Protetivo Anticorrosivo para Armas \u2013 CLARUS Tactical \u2013 50 toalhas &ndash; CLARUS Tactical - Loja Oficial","robots":{"index":"index","follow":"follow","max-snippet":"max-snippet:-1","max-image-preview":"max-image-preview:large","max-video-preview":"max-video-preview:-1"},"canonical":"https:\/\/clarustactical.com\/loja\/produto\/vegelub-protection-k1-wipes-protetivo-anticorrosivo-para-armas-clarus-tactical-75-toalhas\/","og_locale":"pt_BR","og_type":"article","og_title":"VegeLub Protection K1 Wipes \u2013 Protetivo Anticorrosivo para Armas \u2013 CLARUS Tactical \u2013 50 toalhas &ndash; CLARUS Tactical - Loja Oficial","og_description":"Toalhas umedecidas para prote\u00e7\u00e3o de armas e cutelaria. Pote com 50 toalhas.","og_url":"https:\/\/clarustactical.com\/loja\/produto\/vegelub-protection-k1-wipes-protetivo-anticorrosivo-para-armas-clarus-tactical-75-toalhas\/","og_site_name":"CLARUS Tactical - Loja Oficial","article_modified_time":"2026-03-02T20:26:17+00:00","og_image":[{"width":950,"height":950,"filesize":438059,"url":"https:\/\/clarustactical.com\/loja\/wp-content\/uploads\/2025\/07\/protetivo-anticorrosivo-wipes.png","path":"\/var\/www\/html\/w3-clarustactical\/loja\/wp-content\/uploads\/2025\/07\/protetivo-anticorrosivo-wipes.png","size":"full","id":11569,"alt":"","pixels":902500,"type":"image\/png"}],"twitter_card":"summary_large_image","twitter_misc":{"Est. reading time":"2 minutos"},"schema":{"@context":"https:\/\/schema.org","@graph":[{"@type":"WebSite","@id":"https:\/\/clarustactical.com\/loja\/#website","url":"https:\/\/clarustactical.com\/loja\/","name":"ProArmas by CLARUS Tactical","description":"Produtos para Manuten\u00e7\u00e3o de Armas","potentialAction":[{"@type":"SearchAction","target":{"@type":"EntryPoint","urlTemplate":"https:\/\/clarustactical.com\/loja\/?s={search_term_string}"},"query-input":"required name=search_term_string"}],"inLanguage":"pt-BR"},{"@type":"ImageObject","@id":"https:\/\/clarustactical.com\/loja\/produto\/vegelub-protection-k1-wipes-protetivo-anticorrosivo-para-armas-clarus-tactical-75-toalhas\/#primaryimage","inLanguage":"pt-BR","url":"https:\/\/clarustactical.com\/loja\/wp-content\/uploads\/2025\/07\/protetivo-anticorrosivo-wipes.png","contentUrl":"https:\/\/clarustactical.com\/loja\/wp-content\/uploads\/2025\/07\/protetivo-anticorrosivo-wipes.png","width":950,"height":950},{"@type":"WebPage","@id":"https:\/\/clarustactical.com\/loja\/produto\/vegelub-protection-k1-wipes-protetivo-anticorrosivo-para-armas-clarus-tactical-75-toalhas\/#webpage","url":"https:\/\/clarustactical.com\/loja\/produto\/vegelub-protection-k1-wipes-protetivo-anticorrosivo-para-armas-clarus-tactical-75-toalhas\/","name":"VegeLub Protection K1 Wipes \u2013 Protetivo Anticorrosivo para Armas \u2013 CLARUS Tactical \u2013 50 toalhas &ndash; CLARUS Tactical - Loja Oficial","isPartOf":{"@id":"https:\/\/clarustactical.com\/loja\/#website"},"primaryImageOfPage":{"@id":"https:\/\/clarustactical.com\/loja\/produto\/vegelub-protection-k1-wipes-protetivo-anticorrosivo-para-armas-clarus-tactical-75-toalhas\/#primaryimage"},"datePublished":"2025-07-04T12:30:07+00:00","dateModified":"2026-03-02T20:26:17+00:00","breadcrumb":{"@id":"https:\/\/clarustactical.com\/loja\/produto\/vegelub-protection-k1-wipes-protetivo-anticorrosivo-para-armas-clarus-tactical-75-toalhas\/#breadcrumb"},"inLanguage":"pt-BR","potentialAction":[{"@type":"ReadAction","target":["https:\/\/clarustactical.com\/loja\/produto\/vegelub-protection-k1-wipes-protetivo-anticorrosivo-para-armas-clarus-tactical-75-toalhas\/"]}]},{"@type":"BreadcrumbList","@id":"https:\/\/clarustactical.com\/loja\/produto\/vegelub-protection-k1-wipes-protetivo-anticorrosivo-para-armas-clarus-tactical-75-toalhas\/#breadcrumb","itemListElement":[{"@type":"ListItem","position":1,"name":"Home","item":"https:\/\/clarustactical.com\/loja\/"},{"@type":"ListItem","position":2,"name":"Shop","item":"https:\/\/clarustactical.com\/loja\/shop\/"},{"@type":"ListItem","position":3,"name":"VegeLub Protection K1 Wipes \u2013 Protetivo Anticorrosivo para Armas \u2013 CLARUS Tactical \u2013 50 toalhas"}]}]}},"_links":{"self":[{"href":"https:\/\/clarustactical.com\/loja\/wp-json\/wp\/v2\/product\/11570"}],"collection":[{"href":"https:\/\/clarustactical.com\/loja\/wp-json\/wp\/v2\/product"}],"about":[{"href":"https:\/\/clarustactical.com\/loja\/wp-json\/wp\/v2\/types\/product"}],"replies":[{"embeddable":true,"href":"https:\/\/clarustactical.com\/loja\/wp-json\/wp\/v2\/comments?post=11570"}],"wp:featuredmedia":[{"embeddable":true,"href":"https:\/\/clarustactical.com\/loja\/wp-json\/wp\/v2\/media\/11569"}],"wp:attachment":[{"href":"https:\/\/clarustactical.com\/loja\/wp-json\/wp\/v2\/media?parent=11570"}],"wp:term":[{"taxonomy":"product_cat","embeddable":true,"href":"https:\/\/clarustactical.com\/loja\/wp-json\/wp\/v2\/product_cat?post=11570"},{"taxonomy":"product_tag","embeddable":true,"href":"https:\/\/clarustactical.com\/loja\/wp-json\/wp\/v2\/product_tag?post=11570"}],"curies":[{"name":"wp","href":"https:\/\/api.w.org\/{rel}","templated":true}]}}