{"id":11187,"date":"2025-02-28T22:14:12","date_gmt":"2025-03-01T01:14:12","guid":{"rendered":"https:\/\/clarustactical.com\/loja\/?post_type=product&#038;p=11187"},"modified":"2026-04-01T16:11:52","modified_gmt":"2026-04-01T19:11:52","slug":"vegelub-graphene-g7-lubrificante-para-armas-com-grafeno-clarus-tactical-35-ml","status":"publish","type":"product","link":"https:\/\/clarustactical.com\/loja\/produto\/vegelub-graphene-g7-lubrificante-para-armas-com-grafeno-clarus-tactical-35-ml\/","title":{"rendered":"VegeLub Graphene G7 \u2013 Lubrificante para armas com Grafeno \u2013 CLARUS Tactical \u2013 35 mL"},"content":{"rendered":"<p><strong>VegeLub Graphene G7 \u2013 Lubrificante para armas com Grafeno &#8211; CLARUS Tactical <\/strong>proporciona desempenho m\u00e1ximo na lubrifica\u00e7\u00e3o de armas. Ideal para fuzis, rifles, ferrolhos rotativos, e outros.<br \/>\nForma pel\u00edcula bidimensional de nanopart\u00edculas de grafeno extremamente resistente e deslizante.<\/p>\n<ul>\n<li><strong>Grafeno:<\/strong>\u00a0a \u00faltima tecnologia em aditivos para lubrifica\u00e7\u00e3o.<\/li>\n<li><strong>Desempenho m\u00e1ximo<\/strong>\u00a0na lubrifica\u00e7\u00e3o de armas.<\/li>\n<li>Ideal para <strong>rev\u00f3lveres, pistolas, fuzis, carabinas, rifles e espingardas<\/strong>.<\/li>\n<li>Insuper\u00e1vel em <strong>rev\u00f3lveres e fuzis<\/strong>.<\/li>\n<\/ul>\n<p><strong>Propriedades:<\/strong><\/p>\n<ul>\n<li>Evita emperramento, e proporciona acionamento mais r\u00e1pido, inclusive em climas frios;<\/li>\n<li>Evita corros\u00e3o de componentes expostos ao clima;<\/li>\n<li>Repele \u00e1gua;<\/li>\n<li>Evita incrusta\u00e7\u00f5es de carbono, chumbo e cobre;<\/li>\n<li>Facilita a limpeza e manuten\u00e7\u00e3o ap\u00f3s uso.<\/li>\n<\/ul>\n<p>&nbsp;<\/p>\n<p><strong>Envio:<\/strong><\/p>\n<p>Seu pedido ser\u00e1 enviado \u00e0 transportadora em at\u00e9 2 dias \u00fateis ap\u00f3s a confirma\u00e7\u00e3o do pagamento. O prazo de entrega poder\u00e1 variar dependendo da regi\u00e3o e forma de envio escolhida. Sujeito a disponibilidade do Fornecedor.<\/p>\n","protected":false},"excerpt":{"rendered":"<p>Lubrificante para m\u00e1ximo desempenho aditivado com Grafeno<\/p>\n","protected":false},"featured_media":11227,"comment_status":"closed","ping_status":"closed","template":"","meta":[],"product_cat":[134,24],"product_tag":[],"brands":[{"id":190,"name":"CLARUS Tactical","slug":"clarus-tactical"}],"yoast_head":"<!-- This site is optimized with the Yoast SEO plugin v17.1 - https:\/\/yoast.com\/wordpress\/plugins\/seo\/ -->\n<title>VegeLub Graphene G7 \u2013 Lubrificante para armas com Grafeno \u2013 CLARUS Tactical \u2013 35 mL &ndash; CLARUS Tactical - Loja Oficial<\/title>\n<meta name=\"robots\" content=\"index, follow, max-snippet:-1, max-image-preview:large, max-video-preview:-1\" \/>\n<link rel=\"canonical\" href=\"https:\/\/clarustactical.com\/loja\/produto\/vegelub-graphene-g7-lubrificante-para-armas-com-grafeno-clarus-tactical-35-ml\/\" \/>\n<meta property=\"og:locale\" content=\"pt_BR\" \/>\n<meta property=\"og:type\" content=\"article\" \/>\n<meta property=\"og:title\" content=\"VegeLub Graphene G7 \u2013 Lubrificante para armas com Grafeno \u2013 CLARUS Tactical \u2013 35 mL &ndash; CLARUS Tactical - Loja Oficial\" \/>\n<meta property=\"og:description\" content=\"Lubrificante para m\u00e1ximo desempenho aditivado com Grafeno\" \/>\n<meta property=\"og:url\" content=\"https:\/\/clarustactical.com\/loja\/produto\/vegelub-graphene-g7-lubrificante-para-armas-com-grafeno-clarus-tactical-35-ml\/\" \/>\n<meta property=\"og:site_name\" content=\"CLARUS Tactical - Loja Oficial\" \/>\n<meta property=\"article:modified_time\" content=\"2026-04-01T19:11:52+00:00\" \/>\n<meta property=\"og:image\" content=\"https:\/\/clarustactical.com\/loja\/wp-content\/uploads\/2025\/02\/vegelub-graphene-g7-35ml-min.png\" \/>\n\t<meta property=\"og:image:width\" content=\"754\" \/>\n\t<meta property=\"og:image:height\" content=\"754\" \/>\n<meta name=\"twitter:card\" content=\"summary_large_image\" \/>\n<meta name=\"twitter:label1\" content=\"Est. reading time\" \/>\n\t<meta name=\"twitter:data1\" content=\"1 minuto\" \/>\n<script type=\"application\/ld+json\" class=\"yoast-schema-graph\">{\"@context\":\"https:\/\/schema.org\",\"@graph\":[{\"@type\":\"WebSite\",\"@id\":\"https:\/\/clarustactical.com\/loja\/#website\",\"url\":\"https:\/\/clarustactical.com\/loja\/\",\"name\":\"ProArmas by CLARUS Tactical\",\"description\":\"Produtos para Manuten\\u00e7\\u00e3o de Armas\",\"potentialAction\":[{\"@type\":\"SearchAction\",\"target\":{\"@type\":\"EntryPoint\",\"urlTemplate\":\"https:\/\/clarustactical.com\/loja\/?s={search_term_string}\"},\"query-input\":\"required name=search_term_string\"}],\"inLanguage\":\"pt-BR\"},{\"@type\":\"ImageObject\",\"@id\":\"https:\/\/clarustactical.com\/loja\/produto\/vegelub-graphene-g7-lubrificante-para-armas-com-grafeno-clarus-tactical-35-ml\/#primaryimage\",\"inLanguage\":\"pt-BR\",\"url\":\"https:\/\/clarustactical.com\/loja\/wp-content\/uploads\/2025\/02\/vegelub-graphene-g7-35ml-min.png\",\"contentUrl\":\"https:\/\/clarustactical.com\/loja\/wp-content\/uploads\/2025\/02\/vegelub-graphene-g7-35ml-min.png\",\"width\":754,\"height\":754},{\"@type\":\"WebPage\",\"@id\":\"https:\/\/clarustactical.com\/loja\/produto\/vegelub-graphene-g7-lubrificante-para-armas-com-grafeno-clarus-tactical-35-ml\/#webpage\",\"url\":\"https:\/\/clarustactical.com\/loja\/produto\/vegelub-graphene-g7-lubrificante-para-armas-com-grafeno-clarus-tactical-35-ml\/\",\"name\":\"VegeLub Graphene G7 \\u2013 Lubrificante para armas com Grafeno \\u2013 CLARUS Tactical \\u2013 35 mL &ndash; CLARUS Tactical - Loja Oficial\",\"isPartOf\":{\"@id\":\"https:\/\/clarustactical.com\/loja\/#website\"},\"primaryImageOfPage\":{\"@id\":\"https:\/\/clarustactical.com\/loja\/produto\/vegelub-graphene-g7-lubrificante-para-armas-com-grafeno-clarus-tactical-35-ml\/#primaryimage\"},\"datePublished\":\"2025-03-01T01:14:12+00:00\",\"dateModified\":\"2026-04-01T19:11:52+00:00\",\"breadcrumb\":{\"@id\":\"https:\/\/clarustactical.com\/loja\/produto\/vegelub-graphene-g7-lubrificante-para-armas-com-grafeno-clarus-tactical-35-ml\/#breadcrumb\"},\"inLanguage\":\"pt-BR\",\"potentialAction\":[{\"@type\":\"ReadAction\",\"target\":[\"https:\/\/clarustactical.com\/loja\/produto\/vegelub-graphene-g7-lubrificante-para-armas-com-grafeno-clarus-tactical-35-ml\/\"]}]},{\"@type\":\"BreadcrumbList\",\"@id\":\"https:\/\/clarustactical.com\/loja\/produto\/vegelub-graphene-g7-lubrificante-para-armas-com-grafeno-clarus-tactical-35-ml\/#breadcrumb\",\"itemListElement\":[{\"@type\":\"ListItem\",\"position\":1,\"name\":\"Home\",\"item\":\"https:\/\/clarustactical.com\/loja\/\"},{\"@type\":\"ListItem\",\"position\":2,\"name\":\"Shop\",\"item\":\"https:\/\/clarustactical.com\/loja\/shop\/\"},{\"@type\":\"ListItem\",\"position\":3,\"name\":\"VegeLub Graphene G7 \\u2013 Lubrificante para armas com Grafeno \\u2013 CLARUS Tactical \\u2013 35 mL\"}]}]}<\/script>\n<!-- \/ Yoast SEO plugin. -->","yoast_head_json":{"title":"VegeLub Graphene G7 \u2013 Lubrificante para armas com Grafeno \u2013 CLARUS Tactical \u2013 35 mL &ndash; CLARUS Tactical - Loja Oficial","robots":{"index":"index","follow":"follow","max-snippet":"max-snippet:-1","max-image-preview":"max-image-preview:large","max-video-preview":"max-video-preview:-1"},"canonical":"https:\/\/clarustactical.com\/loja\/produto\/vegelub-graphene-g7-lubrificante-para-armas-com-grafeno-clarus-tactical-35-ml\/","og_locale":"pt_BR","og_type":"article","og_title":"VegeLub Graphene G7 \u2013 Lubrificante para armas com Grafeno \u2013 CLARUS Tactical \u2013 35 mL &ndash; CLARUS Tactical - Loja Oficial","og_description":"Lubrificante para m\u00e1ximo desempenho aditivado com Grafeno","og_url":"https:\/\/clarustactical.com\/loja\/produto\/vegelub-graphene-g7-lubrificante-para-armas-com-grafeno-clarus-tactical-35-ml\/","og_site_name":"CLARUS Tactical - Loja Oficial","article_modified_time":"2026-04-01T19:11:52+00:00","og_image":[{"width":754,"height":754,"filesize":59113,"url":"https:\/\/clarustactical.com\/loja\/wp-content\/uploads\/2025\/02\/vegelub-graphene-g7-35ml-min.png","path":"\/var\/www\/html\/w3-clarustactical\/loja\/wp-content\/uploads\/2025\/02\/vegelub-graphene-g7-35ml-min.png","size":"full","id":11227,"alt":"","pixels":568516,"type":"image\/png"}],"twitter_card":"summary_large_image","twitter_misc":{"Est. reading time":"1 minuto"},"schema":{"@context":"https:\/\/schema.org","@graph":[{"@type":"WebSite","@id":"https:\/\/clarustactical.com\/loja\/#website","url":"https:\/\/clarustactical.com\/loja\/","name":"ProArmas by CLARUS Tactical","description":"Produtos para Manuten\u00e7\u00e3o de Armas","potentialAction":[{"@type":"SearchAction","target":{"@type":"EntryPoint","urlTemplate":"https:\/\/clarustactical.com\/loja\/?s={search_term_string}"},"query-input":"required name=search_term_string"}],"inLanguage":"pt-BR"},{"@type":"ImageObject","@id":"https:\/\/clarustactical.com\/loja\/produto\/vegelub-graphene-g7-lubrificante-para-armas-com-grafeno-clarus-tactical-35-ml\/#primaryimage","inLanguage":"pt-BR","url":"https:\/\/clarustactical.com\/loja\/wp-content\/uploads\/2025\/02\/vegelub-graphene-g7-35ml-min.png","contentUrl":"https:\/\/clarustactical.com\/loja\/wp-content\/uploads\/2025\/02\/vegelub-graphene-g7-35ml-min.png","width":754,"height":754},{"@type":"WebPage","@id":"https:\/\/clarustactical.com\/loja\/produto\/vegelub-graphene-g7-lubrificante-para-armas-com-grafeno-clarus-tactical-35-ml\/#webpage","url":"https:\/\/clarustactical.com\/loja\/produto\/vegelub-graphene-g7-lubrificante-para-armas-com-grafeno-clarus-tactical-35-ml\/","name":"VegeLub Graphene G7 \u2013 Lubrificante para armas com Grafeno \u2013 CLARUS Tactical \u2013 35 mL &ndash; CLARUS Tactical - Loja Oficial","isPartOf":{"@id":"https:\/\/clarustactical.com\/loja\/#website"},"primaryImageOfPage":{"@id":"https:\/\/clarustactical.com\/loja\/produto\/vegelub-graphene-g7-lubrificante-para-armas-com-grafeno-clarus-tactical-35-ml\/#primaryimage"},"datePublished":"2025-03-01T01:14:12+00:00","dateModified":"2026-04-01T19:11:52+00:00","breadcrumb":{"@id":"https:\/\/clarustactical.com\/loja\/produto\/vegelub-graphene-g7-lubrificante-para-armas-com-grafeno-clarus-tactical-35-ml\/#breadcrumb"},"inLanguage":"pt-BR","potentialAction":[{"@type":"ReadAction","target":["https:\/\/clarustactical.com\/loja\/produto\/vegelub-graphene-g7-lubrificante-para-armas-com-grafeno-clarus-tactical-35-ml\/"]}]},{"@type":"BreadcrumbList","@id":"https:\/\/clarustactical.com\/loja\/produto\/vegelub-graphene-g7-lubrificante-para-armas-com-grafeno-clarus-tactical-35-ml\/#breadcrumb","itemListElement":[{"@type":"ListItem","position":1,"name":"Home","item":"https:\/\/clarustactical.com\/loja\/"},{"@type":"ListItem","position":2,"name":"Shop","item":"https:\/\/clarustactical.com\/loja\/shop\/"},{"@type":"ListItem","position":3,"name":"VegeLub Graphene G7 \u2013 Lubrificante para armas com Grafeno \u2013 CLARUS Tactical \u2013 35 mL"}]}]}},"_links":{"self":[{"href":"https:\/\/clarustactical.com\/loja\/wp-json\/wp\/v2\/product\/11187"}],"collection":[{"href":"https:\/\/clarustactical.com\/loja\/wp-json\/wp\/v2\/product"}],"about":[{"href":"https:\/\/clarustactical.com\/loja\/wp-json\/wp\/v2\/types\/product"}],"replies":[{"embeddable":true,"href":"https:\/\/clarustactical.com\/loja\/wp-json\/wp\/v2\/comments?post=11187"}],"wp:featuredmedia":[{"embeddable":true,"href":"https:\/\/clarustactical.com\/loja\/wp-json\/wp\/v2\/media\/11227"}],"wp:attachment":[{"href":"https:\/\/clarustactical.com\/loja\/wp-json\/wp\/v2\/media?parent=11187"}],"wp:term":[{"taxonomy":"product_cat","embeddable":true,"href":"https:\/\/clarustactical.com\/loja\/wp-json\/wp\/v2\/product_cat?post=11187"},{"taxonomy":"product_tag","embeddable":true,"href":"https:\/\/clarustactical.com\/loja\/wp-json\/wp\/v2\/product_tag?post=11187"}],"curies":[{"name":"wp","href":"https:\/\/api.w.org\/{rel}","templated":true}]}}