{"id":11183,"date":"2025-02-28T22:13:54","date_gmt":"2025-03-01T01:13:54","guid":{"rendered":"https:\/\/clarustactical.com\/loja\/?post_type=product&#038;p=11183"},"modified":"2026-04-02T09:13:25","modified_gmt":"2026-04-02T12:13:25","slug":"vegelub-protection-k1-protetivo-anticorrosivo-para-armas-clarus-tactical-spray-60ml","status":"publish","type":"product","link":"https:\/\/clarustactical.com\/loja\/produto\/vegelub-protection-k1-protetivo-anticorrosivo-para-armas-clarus-tactical-spray-60ml\/","title":{"rendered":"VegeLub Protection K1 \u2013 Protetivo Anticorrosivo para Armas \u2013 CLARUS Tactical \u2013 Frasco 60ml"},"content":{"rendered":"<p><strong>VegeLub Protection K1 &#8211; Protetivo Anticorrosivo &#8211; CLARUS Tactical. Prote\u00e7\u00e3o para Armas e Cutelaria. Ideal para armazenamento e colecionismo. Pel\u00edcula protetiva de longa dura\u00e7\u00e3o. Repele umidade.<\/strong> At\u00f3xico e N\u00e3o Inflam\u00e1vel. Embalagem: frasco de 60ml.<\/p>\n<p><strong>Informa\u00e7\u00f5es sobre o produto:<\/strong><\/p>\n<p>Protetivo Anticorrosivo para Armas &#8211; L\u00edquido proporciona prote\u00e7\u00e3o anticorrosiva de longa dura\u00e7\u00e3o, ideal para armas, equipamentos t\u00e1ticos (EDC) e cutelaria, inclusive para uso de colecionadores. Ideal para prote\u00e7\u00e3o de partes internas e externas das armas, inclusive cano e mecanismos. M\u00faltipla a\u00e7\u00e3o: forma uma pel\u00edcula lubrificante e protetiva. Ideal mesmo em ambientes corrosivos ou quando sujeitas a intemp\u00e9ries severas.<\/p>\n<p><strong>Propriedades:<\/strong><\/p>\n<ul>\n<li>N\u00e3o inflam\u00e1vel. (atende NR-16 e 20);<\/li>\n<li>N\u00e3o insalubre. At\u00f3xico. (atende NR-15);<\/li>\n<li>Biodegrad\u00e1vel. Isento de \u00f3leos minerais;<\/li>\n<li>Protetivo Anticorrosivo Extremo: alta ader\u00eancia e resist\u00eancia, inclusive a maresia.<\/li>\n<li>Devido \u00e0 sua colora\u00e7\u00e3o, permite a visualiza\u00e7\u00e3o das \u00e1reas j\u00e1 protegidas;<\/li>\n<li>Forma\u00e7\u00e3o de um filme protetivo resistente em ambientes de alta corrosividade;<\/li>\n<li>Resistente a intemp\u00e9ries salinas;<\/li>\n<li>Protege as superf\u00edcies durante longos per\u00edodos de exposi\u00e7\u00e3o cont\u00ednua;<\/li>\n<li>N\u00e3o ataca as superf\u00edcies em geral. (pinturas, pl\u00e1sticos, borrachas e metais);<\/li>\n<li>Diferente de protetivos de pel\u00edcula seca, pode ser facilmente removido com solvente ecol\u00f3gico ap\u00f3s a utiliza\u00e7\u00e3o.<\/li>\n<\/ul>\n<p><strong>Campo de aplica\u00e7\u00e3o:<\/strong><\/p>\n<p>Ideal para prote\u00e7\u00e3o de partes internas das armas, inclusive cano e mecanismos;<br \/>\nM\u00faltipla a\u00e7\u00e3o: forma uma pel\u00edcula lubrificante e protetiva.<br \/>\nIdeal mesmo em ambientes corrosivos ou quando sujeitas a intemp\u00e9ries severas.<\/p>\n<p><strong>Embalagem:<\/strong> frasco de 60ml.<\/p>\n<p><strong style=\"line-height: 1.5;\">Especifica\u00e7\u00e3o T\u00e9cnica:<\/strong><\/p>\n<p>Classifica\u00e7\u00e3o do produto: N\u00e3o classificado.<br \/>\nFabricante: CLARUS Technology do Brasil.<\/p>\n<p><strong style=\"line-height: 1.5;\">Envio:<\/strong><\/p>\n<p>Seu pedido ser\u00e1 enviado \u00e0 transportadora em at\u00e9 5 dias \u00fateis ap\u00f3s a confirma\u00e7\u00e3o do pagamento. O prazo de entrega poder\u00e1 variar dependendo da regi\u00e3o e forma de envio escolhida. Sujeito a disponibilidade do Fornecedor.<\/p>\n","protected":false},"excerpt":{"rendered":"<p>Spray protetivo anticorrosivo. Prote\u00e7\u00e3o para Armas e Cutelaria. At\u00f3xico e N\u00e3o Inflam\u00e1vel. Embalagem: 60ml.<\/p>\n","protected":false},"featured_media":11230,"comment_status":"closed","ping_status":"closed","template":"","meta":[],"product_cat":[24,97],"product_tag":[],"brands":[{"id":190,"name":"CLARUS Tactical","slug":"clarus-tactical"}],"yoast_head":"<!-- This site is optimized with the Yoast SEO plugin v17.1 - https:\/\/yoast.com\/wordpress\/plugins\/seo\/ -->\n<title>VegeLub Protection K1 \u2013 Protetivo Anticorrosivo para Armas \u2013 CLARUS Tactical \u2013 Frasco 60ml &ndash; CLARUS Tactical - Loja Oficial<\/title>\n<meta name=\"robots\" content=\"index, follow, max-snippet:-1, max-image-preview:large, max-video-preview:-1\" \/>\n<link rel=\"canonical\" href=\"https:\/\/clarustactical.com\/loja\/produto\/vegelub-protection-k1-protetivo-anticorrosivo-para-armas-clarus-tactical-spray-60ml\/\" \/>\n<meta property=\"og:locale\" content=\"pt_BR\" \/>\n<meta property=\"og:type\" content=\"article\" \/>\n<meta property=\"og:title\" content=\"VegeLub Protection K1 \u2013 Protetivo Anticorrosivo para Armas \u2013 CLARUS Tactical \u2013 Frasco 60ml &ndash; CLARUS Tactical - Loja Oficial\" \/>\n<meta property=\"og:description\" content=\"Spray protetivo anticorrosivo. Prote\u00e7\u00e3o para Armas e Cutelaria. At\u00f3xico e N\u00e3o Inflam\u00e1vel. Embalagem: 60ml.\" \/>\n<meta property=\"og:url\" content=\"https:\/\/clarustactical.com\/loja\/produto\/vegelub-protection-k1-protetivo-anticorrosivo-para-armas-clarus-tactical-spray-60ml\/\" \/>\n<meta property=\"og:site_name\" content=\"CLARUS Tactical - Loja Oficial\" \/>\n<meta property=\"article:modified_time\" content=\"2026-04-02T12:13:25+00:00\" \/>\n<meta property=\"og:image\" content=\"https:\/\/clarustactical.com\/loja\/wp-content\/uploads\/2025\/02\/vegelub-protection-k1-min.png\" \/>\n\t<meta property=\"og:image:width\" content=\"754\" \/>\n\t<meta property=\"og:image:height\" content=\"754\" \/>\n<meta name=\"twitter:card\" content=\"summary_large_image\" \/>\n<meta name=\"twitter:label1\" content=\"Est. reading time\" \/>\n\t<meta name=\"twitter:data1\" content=\"2 minutos\" \/>\n<script type=\"application\/ld+json\" class=\"yoast-schema-graph\">{\"@context\":\"https:\/\/schema.org\",\"@graph\":[{\"@type\":\"WebSite\",\"@id\":\"https:\/\/clarustactical.com\/loja\/#website\",\"url\":\"https:\/\/clarustactical.com\/loja\/\",\"name\":\"ProArmas by CLARUS Tactical\",\"description\":\"Produtos para Manuten\\u00e7\\u00e3o de Armas\",\"potentialAction\":[{\"@type\":\"SearchAction\",\"target\":{\"@type\":\"EntryPoint\",\"urlTemplate\":\"https:\/\/clarustactical.com\/loja\/?s={search_term_string}\"},\"query-input\":\"required name=search_term_string\"}],\"inLanguage\":\"pt-BR\"},{\"@type\":\"ImageObject\",\"@id\":\"https:\/\/clarustactical.com\/loja\/produto\/vegelub-protection-k1-protetivo-anticorrosivo-para-armas-clarus-tactical-spray-60ml\/#primaryimage\",\"inLanguage\":\"pt-BR\",\"url\":\"https:\/\/clarustactical.com\/loja\/wp-content\/uploads\/2025\/02\/vegelub-protection-k1-min.png\",\"contentUrl\":\"https:\/\/clarustactical.com\/loja\/wp-content\/uploads\/2025\/02\/vegelub-protection-k1-min.png\",\"width\":754,\"height\":754},{\"@type\":\"WebPage\",\"@id\":\"https:\/\/clarustactical.com\/loja\/produto\/vegelub-protection-k1-protetivo-anticorrosivo-para-armas-clarus-tactical-spray-60ml\/#webpage\",\"url\":\"https:\/\/clarustactical.com\/loja\/produto\/vegelub-protection-k1-protetivo-anticorrosivo-para-armas-clarus-tactical-spray-60ml\/\",\"name\":\"VegeLub Protection K1 \\u2013 Protetivo Anticorrosivo para Armas \\u2013 CLARUS Tactical \\u2013 Frasco 60ml &ndash; CLARUS Tactical - Loja Oficial\",\"isPartOf\":{\"@id\":\"https:\/\/clarustactical.com\/loja\/#website\"},\"primaryImageOfPage\":{\"@id\":\"https:\/\/clarustactical.com\/loja\/produto\/vegelub-protection-k1-protetivo-anticorrosivo-para-armas-clarus-tactical-spray-60ml\/#primaryimage\"},\"datePublished\":\"2025-03-01T01:13:54+00:00\",\"dateModified\":\"2026-04-02T12:13:25+00:00\",\"breadcrumb\":{\"@id\":\"https:\/\/clarustactical.com\/loja\/produto\/vegelub-protection-k1-protetivo-anticorrosivo-para-armas-clarus-tactical-spray-60ml\/#breadcrumb\"},\"inLanguage\":\"pt-BR\",\"potentialAction\":[{\"@type\":\"ReadAction\",\"target\":[\"https:\/\/clarustactical.com\/loja\/produto\/vegelub-protection-k1-protetivo-anticorrosivo-para-armas-clarus-tactical-spray-60ml\/\"]}]},{\"@type\":\"BreadcrumbList\",\"@id\":\"https:\/\/clarustactical.com\/loja\/produto\/vegelub-protection-k1-protetivo-anticorrosivo-para-armas-clarus-tactical-spray-60ml\/#breadcrumb\",\"itemListElement\":[{\"@type\":\"ListItem\",\"position\":1,\"name\":\"Home\",\"item\":\"https:\/\/clarustactical.com\/loja\/\"},{\"@type\":\"ListItem\",\"position\":2,\"name\":\"Shop\",\"item\":\"https:\/\/clarustactical.com\/loja\/shop\/\"},{\"@type\":\"ListItem\",\"position\":3,\"name\":\"VegeLub Protection K1 \\u2013 Protetivo Anticorrosivo para Armas \\u2013 CLARUS Tactical \\u2013 Frasco 60ml\"}]}]}<\/script>\n<!-- \/ Yoast SEO plugin. -->","yoast_head_json":{"title":"VegeLub Protection K1 \u2013 Protetivo Anticorrosivo para Armas \u2013 CLARUS Tactical \u2013 Frasco 60ml &ndash; CLARUS Tactical - Loja Oficial","robots":{"index":"index","follow":"follow","max-snippet":"max-snippet:-1","max-image-preview":"max-image-preview:large","max-video-preview":"max-video-preview:-1"},"canonical":"https:\/\/clarustactical.com\/loja\/produto\/vegelub-protection-k1-protetivo-anticorrosivo-para-armas-clarus-tactical-spray-60ml\/","og_locale":"pt_BR","og_type":"article","og_title":"VegeLub Protection K1 \u2013 Protetivo Anticorrosivo para Armas \u2013 CLARUS Tactical \u2013 Frasco 60ml &ndash; CLARUS Tactical - Loja Oficial","og_description":"Spray protetivo anticorrosivo. Prote\u00e7\u00e3o para Armas e Cutelaria. At\u00f3xico e N\u00e3o Inflam\u00e1vel. Embalagem: 60ml.","og_url":"https:\/\/clarustactical.com\/loja\/produto\/vegelub-protection-k1-protetivo-anticorrosivo-para-armas-clarus-tactical-spray-60ml\/","og_site_name":"CLARUS Tactical - Loja Oficial","article_modified_time":"2026-04-02T12:13:25+00:00","og_image":[{"width":754,"height":754,"filesize":44506,"url":"https:\/\/clarustactical.com\/loja\/wp-content\/uploads\/2025\/02\/vegelub-protection-k1-min.png","path":"\/var\/www\/html\/w3-clarustactical\/loja\/wp-content\/uploads\/2025\/02\/vegelub-protection-k1-min.png","size":"full","id":11230,"alt":"","pixels":568516,"type":"image\/png"}],"twitter_card":"summary_large_image","twitter_misc":{"Est. reading time":"2 minutos"},"schema":{"@context":"https:\/\/schema.org","@graph":[{"@type":"WebSite","@id":"https:\/\/clarustactical.com\/loja\/#website","url":"https:\/\/clarustactical.com\/loja\/","name":"ProArmas by CLARUS Tactical","description":"Produtos para Manuten\u00e7\u00e3o de Armas","potentialAction":[{"@type":"SearchAction","target":{"@type":"EntryPoint","urlTemplate":"https:\/\/clarustactical.com\/loja\/?s={search_term_string}"},"query-input":"required name=search_term_string"}],"inLanguage":"pt-BR"},{"@type":"ImageObject","@id":"https:\/\/clarustactical.com\/loja\/produto\/vegelub-protection-k1-protetivo-anticorrosivo-para-armas-clarus-tactical-spray-60ml\/#primaryimage","inLanguage":"pt-BR","url":"https:\/\/clarustactical.com\/loja\/wp-content\/uploads\/2025\/02\/vegelub-protection-k1-min.png","contentUrl":"https:\/\/clarustactical.com\/loja\/wp-content\/uploads\/2025\/02\/vegelub-protection-k1-min.png","width":754,"height":754},{"@type":"WebPage","@id":"https:\/\/clarustactical.com\/loja\/produto\/vegelub-protection-k1-protetivo-anticorrosivo-para-armas-clarus-tactical-spray-60ml\/#webpage","url":"https:\/\/clarustactical.com\/loja\/produto\/vegelub-protection-k1-protetivo-anticorrosivo-para-armas-clarus-tactical-spray-60ml\/","name":"VegeLub Protection K1 \u2013 Protetivo Anticorrosivo para Armas \u2013 CLARUS Tactical \u2013 Frasco 60ml &ndash; CLARUS Tactical - Loja Oficial","isPartOf":{"@id":"https:\/\/clarustactical.com\/loja\/#website"},"primaryImageOfPage":{"@id":"https:\/\/clarustactical.com\/loja\/produto\/vegelub-protection-k1-protetivo-anticorrosivo-para-armas-clarus-tactical-spray-60ml\/#primaryimage"},"datePublished":"2025-03-01T01:13:54+00:00","dateModified":"2026-04-02T12:13:25+00:00","breadcrumb":{"@id":"https:\/\/clarustactical.com\/loja\/produto\/vegelub-protection-k1-protetivo-anticorrosivo-para-armas-clarus-tactical-spray-60ml\/#breadcrumb"},"inLanguage":"pt-BR","potentialAction":[{"@type":"ReadAction","target":["https:\/\/clarustactical.com\/loja\/produto\/vegelub-protection-k1-protetivo-anticorrosivo-para-armas-clarus-tactical-spray-60ml\/"]}]},{"@type":"BreadcrumbList","@id":"https:\/\/clarustactical.com\/loja\/produto\/vegelub-protection-k1-protetivo-anticorrosivo-para-armas-clarus-tactical-spray-60ml\/#breadcrumb","itemListElement":[{"@type":"ListItem","position":1,"name":"Home","item":"https:\/\/clarustactical.com\/loja\/"},{"@type":"ListItem","position":2,"name":"Shop","item":"https:\/\/clarustactical.com\/loja\/shop\/"},{"@type":"ListItem","position":3,"name":"VegeLub Protection K1 \u2013 Protetivo Anticorrosivo para Armas \u2013 CLARUS Tactical \u2013 Frasco 60ml"}]}]}},"_links":{"self":[{"href":"https:\/\/clarustactical.com\/loja\/wp-json\/wp\/v2\/product\/11183"}],"collection":[{"href":"https:\/\/clarustactical.com\/loja\/wp-json\/wp\/v2\/product"}],"about":[{"href":"https:\/\/clarustactical.com\/loja\/wp-json\/wp\/v2\/types\/product"}],"replies":[{"embeddable":true,"href":"https:\/\/clarustactical.com\/loja\/wp-json\/wp\/v2\/comments?post=11183"}],"wp:featuredmedia":[{"embeddable":true,"href":"https:\/\/clarustactical.com\/loja\/wp-json\/wp\/v2\/media\/11230"}],"wp:attachment":[{"href":"https:\/\/clarustactical.com\/loja\/wp-json\/wp\/v2\/media?parent=11183"}],"wp:term":[{"taxonomy":"product_cat","embeddable":true,"href":"https:\/\/clarustactical.com\/loja\/wp-json\/wp\/v2\/product_cat?post=11183"},{"taxonomy":"product_tag","embeddable":true,"href":"https:\/\/clarustactical.com\/loja\/wp-json\/wp\/v2\/product_tag?post=11183"}],"curies":[{"name":"wp","href":"https:\/\/api.w.org\/{rel}","templated":true}]}}