{"id":11182,"date":"2025-02-28T22:13:49","date_gmt":"2025-03-01T01:13:49","guid":{"rendered":"https:\/\/clarustactical.com\/loja\/?post_type=product&#038;p=11182"},"modified":"2026-04-03T11:54:10","modified_gmt":"2026-04-03T14:54:10","slug":"bore-foam-cleaner-espuma-limpadora-para-canos-de-armas-clarus-tactical-335ml","status":"publish","type":"product","link":"https:\/\/clarustactical.com\/loja\/produto\/bore-foam-cleaner-espuma-limpadora-para-canos-de-armas-clarus-tactical-335ml\/","title":{"rendered":"Bore Foam Cleaner \u2013 Espuma limpadora para canos de armas \u2013 CLARUS Tactical \u2013 335ml"},"content":{"rendered":"<p><strong>Espuma limpadora de armas<\/strong>, ideal para limpeza de\u00a0<strong>canos\u00a0<\/strong>e partes met\u00e1licas com m\u00e1xima praticidade e efici\u00eancia. Dissolve e remove rapidamente res\u00edduos de p\u00f3lvora.<br \/>\nProporciona limpeza f\u00e1cil, com excelentes resultados.<\/p>\n<ul>\n<li>Ideal para limpeza de canos de armas longas, curtas e partes met\u00e1licas de armas.<\/li>\n<li>Perfeito para rifles, carabinas, espingardas, rev\u00f3lveres e pistolas.<\/li>\n<li>Dissolve e remove rapidamente res\u00edduos de propelente.<\/li>\n<li>Proporciona limpeza f\u00e1cil<\/li>\n<li>At\u00f3xico (atende NR-15). Biodegrad\u00e1vel.<\/li>\n<li>Excelente poder desengraxante<\/li>\n<\/ul>\n<p><strong>Envio:<\/strong><\/p>\n<p>Seu pedido ser\u00e1 enviado \u00e0 transportadora em at\u00e9 2 dias \u00fateis ap\u00f3s a confirma\u00e7\u00e3o do pagamento. O prazo de entrega poder\u00e1 variar dependendo da regi\u00e3o e forma de envio escolhida. Sujeito a disponibilidade do Fornecedor.<\/p>\n","protected":false},"excerpt":{"rendered":"<p>Espuma limpadora para canos de armas. 500ml<\/p>\n","protected":false},"featured_media":11231,"comment_status":"closed","ping_status":"closed","template":"","meta":[],"product_cat":[136,24],"product_tag":[],"brands":[{"id":190,"name":"CLARUS Tactical","slug":"clarus-tactical"}],"yoast_head":"<!-- This site is optimized with the Yoast SEO plugin v17.1 - https:\/\/yoast.com\/wordpress\/plugins\/seo\/ -->\n<title>Bore Foam Cleaner \u2013 Espuma limpadora para canos de armas \u2013 CLARUS Tactical \u2013 335ml &ndash; CLARUS Tactical - Loja Oficial<\/title>\n<meta name=\"robots\" content=\"index, follow, max-snippet:-1, max-image-preview:large, max-video-preview:-1\" \/>\n<link rel=\"canonical\" href=\"https:\/\/clarustactical.com\/loja\/produto\/bore-foam-cleaner-espuma-limpadora-para-canos-de-armas-clarus-tactical-335ml\/\" \/>\n<meta property=\"og:locale\" content=\"pt_BR\" \/>\n<meta property=\"og:type\" content=\"article\" \/>\n<meta property=\"og:title\" content=\"Bore Foam Cleaner \u2013 Espuma limpadora para canos de armas \u2013 CLARUS Tactical \u2013 335ml &ndash; CLARUS Tactical - Loja Oficial\" \/>\n<meta property=\"og:description\" content=\"Espuma limpadora para canos de armas. 500ml\" \/>\n<meta property=\"og:url\" content=\"https:\/\/clarustactical.com\/loja\/produto\/bore-foam-cleaner-espuma-limpadora-para-canos-de-armas-clarus-tactical-335ml\/\" \/>\n<meta property=\"og:site_name\" content=\"CLARUS Tactical - Loja Oficial\" \/>\n<meta property=\"article:modified_time\" content=\"2026-04-03T14:54:10+00:00\" \/>\n<meta property=\"og:image\" content=\"https:\/\/clarustactical.com\/loja\/wp-content\/uploads\/2025\/02\/bore-foam-cleaner-min.png\" \/>\n\t<meta property=\"og:image:width\" content=\"754\" \/>\n\t<meta property=\"og:image:height\" content=\"754\" \/>\n<meta name=\"twitter:card\" content=\"summary_large_image\" \/>\n<meta name=\"twitter:label1\" content=\"Est. reading time\" \/>\n\t<meta name=\"twitter:data1\" content=\"1 minuto\" \/>\n<script type=\"application\/ld+json\" class=\"yoast-schema-graph\">{\"@context\":\"https:\/\/schema.org\",\"@graph\":[{\"@type\":\"WebSite\",\"@id\":\"https:\/\/clarustactical.com\/loja\/#website\",\"url\":\"https:\/\/clarustactical.com\/loja\/\",\"name\":\"ProArmas by CLARUS Tactical\",\"description\":\"Produtos para Manuten\\u00e7\\u00e3o de Armas\",\"potentialAction\":[{\"@type\":\"SearchAction\",\"target\":{\"@type\":\"EntryPoint\",\"urlTemplate\":\"https:\/\/clarustactical.com\/loja\/?s={search_term_string}\"},\"query-input\":\"required name=search_term_string\"}],\"inLanguage\":\"pt-BR\"},{\"@type\":\"ImageObject\",\"@id\":\"https:\/\/clarustactical.com\/loja\/produto\/bore-foam-cleaner-espuma-limpadora-para-canos-de-armas-clarus-tactical-335ml\/#primaryimage\",\"inLanguage\":\"pt-BR\",\"url\":\"https:\/\/clarustactical.com\/loja\/wp-content\/uploads\/2025\/02\/bore-foam-cleaner-min.png\",\"contentUrl\":\"https:\/\/clarustactical.com\/loja\/wp-content\/uploads\/2025\/02\/bore-foam-cleaner-min.png\",\"width\":754,\"height\":754},{\"@type\":\"WebPage\",\"@id\":\"https:\/\/clarustactical.com\/loja\/produto\/bore-foam-cleaner-espuma-limpadora-para-canos-de-armas-clarus-tactical-335ml\/#webpage\",\"url\":\"https:\/\/clarustactical.com\/loja\/produto\/bore-foam-cleaner-espuma-limpadora-para-canos-de-armas-clarus-tactical-335ml\/\",\"name\":\"Bore Foam Cleaner \\u2013 Espuma limpadora para canos de armas \\u2013 CLARUS Tactical \\u2013 335ml &ndash; CLARUS Tactical - Loja Oficial\",\"isPartOf\":{\"@id\":\"https:\/\/clarustactical.com\/loja\/#website\"},\"primaryImageOfPage\":{\"@id\":\"https:\/\/clarustactical.com\/loja\/produto\/bore-foam-cleaner-espuma-limpadora-para-canos-de-armas-clarus-tactical-335ml\/#primaryimage\"},\"datePublished\":\"2025-03-01T01:13:49+00:00\",\"dateModified\":\"2026-04-03T14:54:10+00:00\",\"breadcrumb\":{\"@id\":\"https:\/\/clarustactical.com\/loja\/produto\/bore-foam-cleaner-espuma-limpadora-para-canos-de-armas-clarus-tactical-335ml\/#breadcrumb\"},\"inLanguage\":\"pt-BR\",\"potentialAction\":[{\"@type\":\"ReadAction\",\"target\":[\"https:\/\/clarustactical.com\/loja\/produto\/bore-foam-cleaner-espuma-limpadora-para-canos-de-armas-clarus-tactical-335ml\/\"]}]},{\"@type\":\"BreadcrumbList\",\"@id\":\"https:\/\/clarustactical.com\/loja\/produto\/bore-foam-cleaner-espuma-limpadora-para-canos-de-armas-clarus-tactical-335ml\/#breadcrumb\",\"itemListElement\":[{\"@type\":\"ListItem\",\"position\":1,\"name\":\"Home\",\"item\":\"https:\/\/clarustactical.com\/loja\/\"},{\"@type\":\"ListItem\",\"position\":2,\"name\":\"Shop\",\"item\":\"https:\/\/clarustactical.com\/loja\/shop\/\"},{\"@type\":\"ListItem\",\"position\":3,\"name\":\"Bore Foam Cleaner \\u2013 Espuma limpadora para canos de armas \\u2013 CLARUS Tactical \\u2013 335ml\"}]}]}<\/script>\n<!-- \/ Yoast SEO plugin. -->","yoast_head_json":{"title":"Bore Foam Cleaner \u2013 Espuma limpadora para canos de armas \u2013 CLARUS Tactical \u2013 335ml &ndash; CLARUS Tactical - Loja Oficial","robots":{"index":"index","follow":"follow","max-snippet":"max-snippet:-1","max-image-preview":"max-image-preview:large","max-video-preview":"max-video-preview:-1"},"canonical":"https:\/\/clarustactical.com\/loja\/produto\/bore-foam-cleaner-espuma-limpadora-para-canos-de-armas-clarus-tactical-335ml\/","og_locale":"pt_BR","og_type":"article","og_title":"Bore Foam Cleaner \u2013 Espuma limpadora para canos de armas \u2013 CLARUS Tactical \u2013 335ml &ndash; CLARUS Tactical - Loja Oficial","og_description":"Espuma limpadora para canos de armas. 500ml","og_url":"https:\/\/clarustactical.com\/loja\/produto\/bore-foam-cleaner-espuma-limpadora-para-canos-de-armas-clarus-tactical-335ml\/","og_site_name":"CLARUS Tactical - Loja Oficial","article_modified_time":"2026-04-03T14:54:10+00:00","og_image":[{"width":754,"height":754,"filesize":49882,"url":"https:\/\/clarustactical.com\/loja\/wp-content\/uploads\/2025\/02\/bore-foam-cleaner-min.png","path":"\/var\/www\/html\/w3-clarustactical\/loja\/wp-content\/uploads\/2025\/02\/bore-foam-cleaner-min.png","size":"full","id":11231,"alt":"","pixels":568516,"type":"image\/png"}],"twitter_card":"summary_large_image","twitter_misc":{"Est. reading time":"1 minuto"},"schema":{"@context":"https:\/\/schema.org","@graph":[{"@type":"WebSite","@id":"https:\/\/clarustactical.com\/loja\/#website","url":"https:\/\/clarustactical.com\/loja\/","name":"ProArmas by CLARUS Tactical","description":"Produtos para Manuten\u00e7\u00e3o de Armas","potentialAction":[{"@type":"SearchAction","target":{"@type":"EntryPoint","urlTemplate":"https:\/\/clarustactical.com\/loja\/?s={search_term_string}"},"query-input":"required name=search_term_string"}],"inLanguage":"pt-BR"},{"@type":"ImageObject","@id":"https:\/\/clarustactical.com\/loja\/produto\/bore-foam-cleaner-espuma-limpadora-para-canos-de-armas-clarus-tactical-335ml\/#primaryimage","inLanguage":"pt-BR","url":"https:\/\/clarustactical.com\/loja\/wp-content\/uploads\/2025\/02\/bore-foam-cleaner-min.png","contentUrl":"https:\/\/clarustactical.com\/loja\/wp-content\/uploads\/2025\/02\/bore-foam-cleaner-min.png","width":754,"height":754},{"@type":"WebPage","@id":"https:\/\/clarustactical.com\/loja\/produto\/bore-foam-cleaner-espuma-limpadora-para-canos-de-armas-clarus-tactical-335ml\/#webpage","url":"https:\/\/clarustactical.com\/loja\/produto\/bore-foam-cleaner-espuma-limpadora-para-canos-de-armas-clarus-tactical-335ml\/","name":"Bore Foam Cleaner \u2013 Espuma limpadora para canos de armas \u2013 CLARUS Tactical \u2013 335ml &ndash; CLARUS Tactical - Loja Oficial","isPartOf":{"@id":"https:\/\/clarustactical.com\/loja\/#website"},"primaryImageOfPage":{"@id":"https:\/\/clarustactical.com\/loja\/produto\/bore-foam-cleaner-espuma-limpadora-para-canos-de-armas-clarus-tactical-335ml\/#primaryimage"},"datePublished":"2025-03-01T01:13:49+00:00","dateModified":"2026-04-03T14:54:10+00:00","breadcrumb":{"@id":"https:\/\/clarustactical.com\/loja\/produto\/bore-foam-cleaner-espuma-limpadora-para-canos-de-armas-clarus-tactical-335ml\/#breadcrumb"},"inLanguage":"pt-BR","potentialAction":[{"@type":"ReadAction","target":["https:\/\/clarustactical.com\/loja\/produto\/bore-foam-cleaner-espuma-limpadora-para-canos-de-armas-clarus-tactical-335ml\/"]}]},{"@type":"BreadcrumbList","@id":"https:\/\/clarustactical.com\/loja\/produto\/bore-foam-cleaner-espuma-limpadora-para-canos-de-armas-clarus-tactical-335ml\/#breadcrumb","itemListElement":[{"@type":"ListItem","position":1,"name":"Home","item":"https:\/\/clarustactical.com\/loja\/"},{"@type":"ListItem","position":2,"name":"Shop","item":"https:\/\/clarustactical.com\/loja\/shop\/"},{"@type":"ListItem","position":3,"name":"Bore Foam Cleaner \u2013 Espuma limpadora para canos de armas \u2013 CLARUS Tactical \u2013 335ml"}]}]}},"_links":{"self":[{"href":"https:\/\/clarustactical.com\/loja\/wp-json\/wp\/v2\/product\/11182"}],"collection":[{"href":"https:\/\/clarustactical.com\/loja\/wp-json\/wp\/v2\/product"}],"about":[{"href":"https:\/\/clarustactical.com\/loja\/wp-json\/wp\/v2\/types\/product"}],"replies":[{"embeddable":true,"href":"https:\/\/clarustactical.com\/loja\/wp-json\/wp\/v2\/comments?post=11182"}],"wp:featuredmedia":[{"embeddable":true,"href":"https:\/\/clarustactical.com\/loja\/wp-json\/wp\/v2\/media\/11231"}],"wp:attachment":[{"href":"https:\/\/clarustactical.com\/loja\/wp-json\/wp\/v2\/media?parent=11182"}],"wp:term":[{"taxonomy":"product_cat","embeddable":true,"href":"https:\/\/clarustactical.com\/loja\/wp-json\/wp\/v2\/product_cat?post=11182"},{"taxonomy":"product_tag","embeddable":true,"href":"https:\/\/clarustactical.com\/loja\/wp-json\/wp\/v2\/product_tag?post=11182"}],"curies":[{"name":"wp","href":"https:\/\/api.w.org\/{rel}","templated":true}]}}