{"id":11181,"date":"2025-02-28T22:13:47","date_gmt":"2025-03-01T01:13:47","guid":{"rendered":"https:\/\/clarustactical.com\/loja\/?post_type=product&#038;p=11181"},"modified":"2026-03-27T02:31:26","modified_gmt":"2026-03-27T05:31:26","slug":"vegelub-case-slick-lubrificante-para-calibrar-estojos-de-municao-clarus-tactical-100ml","status":"publish","type":"product","link":"https:\/\/clarustactical.com\/loja\/produto\/vegelub-case-slick-lubrificante-para-calibrar-estojos-de-municao-clarus-tactical-100ml\/","title":{"rendered":"VegeLub Case Slick &#8211; Lubrificante para calibrar estojos de muni\u00e7\u00e3o \u2013 CLARUS Tactical \u2013 100ml"},"content":{"rendered":"<p>Lubrificante para calibrar\u00a0estojos de muni\u00e7\u00e3o, ideal para resizing.<br \/>\nEvita que\u00a0o estojo fique\u00a0preso na prensa.<br \/>\nSol\u00favel em \u00e1gua:\u00a0lav\u00e1vel.<\/p>\n<p><strong>Caracter\u00edsticas:<\/strong><\/p>\n<ul>\n<li>Sol\u00favel em \u00e1gua, lav\u00e1vel, sem deixar res\u00edduos pegajosos ap\u00f3s a prensagem;<\/li>\n<li>N\u00e3o inflam\u00e1vel. (atende NR-16 e 20);<\/li>\n<li>N\u00e3o insalubre. At\u00f3xico. (atende NR-15);<\/li>\n<li>Biodegrad\u00e1vel.<\/li>\n<li>N\u00e3o ataca as superf\u00edcies em geral. (cobre, lat\u00e3o e metais)<\/li>\n<li>Lubrificante para prensagem de estojos de cartuchos.<\/li>\n<li>Auxilia no redimensionamento do estojo na prensa, facilitando o processo e reduzindo a for\u00e7a necess\u00e1ria.<\/li>\n<li>Flui de maneira uniforme sobre a superf\u00edcie do estojo.<\/li>\n<li>Reduz o risco de amassar o estojo.<\/li>\n<li>Evita que os estojos fiquem presos.<\/li>\n<\/ul>\n<p><strong>Envio:<\/strong><\/p>\n<p>Seu pedido ser\u00e1 enviado \u00e0 transportadora em at\u00e9 2 dias \u00fateis ap\u00f3s a confirma\u00e7\u00e3o do pagamento. O prazo de entrega poder\u00e1 variar dependendo da regi\u00e3o e forma de envio escolhida. Sujeito a disponibilidade do Fornecedor.<\/p>\n<p>Refer\u00eancia do nome\u00a0anterior do produto: <strong>CLARUS Tactical VegeLub Case Slick<\/strong><\/p>\n","protected":false},"excerpt":{"rendered":"<p>Lubrificante para calibrar estojos de muni\u00e7\u00e3o. 35 mL<\/p>\n","protected":false},"featured_media":11232,"comment_status":"closed","ping_status":"closed","template":"","meta":[],"product_cat":[138,24],"product_tag":[],"brands":[{"id":190,"name":"CLARUS Tactical","slug":"clarus-tactical"}],"yoast_head":"<!-- This site is optimized with the Yoast SEO plugin v17.1 - https:\/\/yoast.com\/wordpress\/plugins\/seo\/ -->\n<title>VegeLub Case Slick - Lubrificante para calibrar estojos de muni\u00e7\u00e3o \u2013 CLARUS Tactical \u2013 100ml &ndash; CLARUS Tactical - Loja Oficial<\/title>\n<meta name=\"robots\" content=\"index, follow, max-snippet:-1, max-image-preview:large, max-video-preview:-1\" \/>\n<link rel=\"canonical\" href=\"https:\/\/clarustactical.com\/loja\/produto\/vegelub-case-slick-lubrificante-para-calibrar-estojos-de-municao-clarus-tactical-100ml\/\" \/>\n<meta property=\"og:locale\" content=\"pt_BR\" \/>\n<meta property=\"og:type\" content=\"article\" \/>\n<meta property=\"og:title\" content=\"VegeLub Case Slick - Lubrificante para calibrar estojos de muni\u00e7\u00e3o \u2013 CLARUS Tactical \u2013 100ml &ndash; CLARUS Tactical - Loja Oficial\" \/>\n<meta property=\"og:description\" content=\"Lubrificante para calibrar estojos de muni\u00e7\u00e3o. 35 mL\" \/>\n<meta property=\"og:url\" content=\"https:\/\/clarustactical.com\/loja\/produto\/vegelub-case-slick-lubrificante-para-calibrar-estojos-de-municao-clarus-tactical-100ml\/\" \/>\n<meta property=\"og:site_name\" content=\"CLARUS Tactical - Loja Oficial\" \/>\n<meta property=\"article:modified_time\" content=\"2026-03-27T05:31:26+00:00\" \/>\n<meta property=\"og:image\" content=\"https:\/\/clarustactical.com\/loja\/wp-content\/uploads\/2025\/02\/vegelub-case-slick-liquido-min.png\" \/>\n\t<meta property=\"og:image:width\" content=\"754\" \/>\n\t<meta property=\"og:image:height\" content=\"754\" \/>\n<meta name=\"twitter:card\" content=\"summary_large_image\" \/>\n<meta name=\"twitter:label1\" content=\"Est. reading time\" \/>\n\t<meta name=\"twitter:data1\" content=\"1 minuto\" \/>\n<script type=\"application\/ld+json\" class=\"yoast-schema-graph\">{\"@context\":\"https:\/\/schema.org\",\"@graph\":[{\"@type\":\"WebSite\",\"@id\":\"https:\/\/clarustactical.com\/loja\/#website\",\"url\":\"https:\/\/clarustactical.com\/loja\/\",\"name\":\"ProArmas by CLARUS Tactical\",\"description\":\"Produtos para Manuten\\u00e7\\u00e3o de Armas\",\"potentialAction\":[{\"@type\":\"SearchAction\",\"target\":{\"@type\":\"EntryPoint\",\"urlTemplate\":\"https:\/\/clarustactical.com\/loja\/?s={search_term_string}\"},\"query-input\":\"required name=search_term_string\"}],\"inLanguage\":\"pt-BR\"},{\"@type\":\"ImageObject\",\"@id\":\"https:\/\/clarustactical.com\/loja\/produto\/vegelub-case-slick-lubrificante-para-calibrar-estojos-de-municao-clarus-tactical-100ml\/#primaryimage\",\"inLanguage\":\"pt-BR\",\"url\":\"https:\/\/clarustactical.com\/loja\/wp-content\/uploads\/2025\/02\/vegelub-case-slick-liquido-min.png\",\"contentUrl\":\"https:\/\/clarustactical.com\/loja\/wp-content\/uploads\/2025\/02\/vegelub-case-slick-liquido-min.png\",\"width\":754,\"height\":754},{\"@type\":\"WebPage\",\"@id\":\"https:\/\/clarustactical.com\/loja\/produto\/vegelub-case-slick-lubrificante-para-calibrar-estojos-de-municao-clarus-tactical-100ml\/#webpage\",\"url\":\"https:\/\/clarustactical.com\/loja\/produto\/vegelub-case-slick-lubrificante-para-calibrar-estojos-de-municao-clarus-tactical-100ml\/\",\"name\":\"VegeLub Case Slick - Lubrificante para calibrar estojos de muni\\u00e7\\u00e3o \\u2013 CLARUS Tactical \\u2013 100ml &ndash; CLARUS Tactical - Loja Oficial\",\"isPartOf\":{\"@id\":\"https:\/\/clarustactical.com\/loja\/#website\"},\"primaryImageOfPage\":{\"@id\":\"https:\/\/clarustactical.com\/loja\/produto\/vegelub-case-slick-lubrificante-para-calibrar-estojos-de-municao-clarus-tactical-100ml\/#primaryimage\"},\"datePublished\":\"2025-03-01T01:13:47+00:00\",\"dateModified\":\"2026-03-27T05:31:26+00:00\",\"breadcrumb\":{\"@id\":\"https:\/\/clarustactical.com\/loja\/produto\/vegelub-case-slick-lubrificante-para-calibrar-estojos-de-municao-clarus-tactical-100ml\/#breadcrumb\"},\"inLanguage\":\"pt-BR\",\"potentialAction\":[{\"@type\":\"ReadAction\",\"target\":[\"https:\/\/clarustactical.com\/loja\/produto\/vegelub-case-slick-lubrificante-para-calibrar-estojos-de-municao-clarus-tactical-100ml\/\"]}]},{\"@type\":\"BreadcrumbList\",\"@id\":\"https:\/\/clarustactical.com\/loja\/produto\/vegelub-case-slick-lubrificante-para-calibrar-estojos-de-municao-clarus-tactical-100ml\/#breadcrumb\",\"itemListElement\":[{\"@type\":\"ListItem\",\"position\":1,\"name\":\"Home\",\"item\":\"https:\/\/clarustactical.com\/loja\/\"},{\"@type\":\"ListItem\",\"position\":2,\"name\":\"Shop\",\"item\":\"https:\/\/clarustactical.com\/loja\/shop\/\"},{\"@type\":\"ListItem\",\"position\":3,\"name\":\"VegeLub Case Slick &#8211; Lubrificante para calibrar estojos de muni\\u00e7\\u00e3o \\u2013 CLARUS Tactical \\u2013 100ml\"}]}]}<\/script>\n<!-- \/ Yoast SEO plugin. -->","yoast_head_json":{"title":"VegeLub Case Slick - Lubrificante para calibrar estojos de muni\u00e7\u00e3o \u2013 CLARUS Tactical \u2013 100ml &ndash; CLARUS Tactical - Loja Oficial","robots":{"index":"index","follow":"follow","max-snippet":"max-snippet:-1","max-image-preview":"max-image-preview:large","max-video-preview":"max-video-preview:-1"},"canonical":"https:\/\/clarustactical.com\/loja\/produto\/vegelub-case-slick-lubrificante-para-calibrar-estojos-de-municao-clarus-tactical-100ml\/","og_locale":"pt_BR","og_type":"article","og_title":"VegeLub Case Slick - Lubrificante para calibrar estojos de muni\u00e7\u00e3o \u2013 CLARUS Tactical \u2013 100ml &ndash; CLARUS Tactical - Loja Oficial","og_description":"Lubrificante para calibrar estojos de muni\u00e7\u00e3o. 35 mL","og_url":"https:\/\/clarustactical.com\/loja\/produto\/vegelub-case-slick-lubrificante-para-calibrar-estojos-de-municao-clarus-tactical-100ml\/","og_site_name":"CLARUS Tactical - Loja Oficial","article_modified_time":"2026-03-27T05:31:26+00:00","og_image":[{"width":754,"height":754,"filesize":77447,"url":"https:\/\/clarustactical.com\/loja\/wp-content\/uploads\/2025\/02\/vegelub-case-slick-liquido-min.png","path":"\/var\/www\/html\/w3-clarustactical\/loja\/wp-content\/uploads\/2025\/02\/vegelub-case-slick-liquido-min.png","size":"full","id":11232,"alt":"","pixels":568516,"type":"image\/png"}],"twitter_card":"summary_large_image","twitter_misc":{"Est. reading time":"1 minuto"},"schema":{"@context":"https:\/\/schema.org","@graph":[{"@type":"WebSite","@id":"https:\/\/clarustactical.com\/loja\/#website","url":"https:\/\/clarustactical.com\/loja\/","name":"ProArmas by CLARUS Tactical","description":"Produtos para Manuten\u00e7\u00e3o de Armas","potentialAction":[{"@type":"SearchAction","target":{"@type":"EntryPoint","urlTemplate":"https:\/\/clarustactical.com\/loja\/?s={search_term_string}"},"query-input":"required name=search_term_string"}],"inLanguage":"pt-BR"},{"@type":"ImageObject","@id":"https:\/\/clarustactical.com\/loja\/produto\/vegelub-case-slick-lubrificante-para-calibrar-estojos-de-municao-clarus-tactical-100ml\/#primaryimage","inLanguage":"pt-BR","url":"https:\/\/clarustactical.com\/loja\/wp-content\/uploads\/2025\/02\/vegelub-case-slick-liquido-min.png","contentUrl":"https:\/\/clarustactical.com\/loja\/wp-content\/uploads\/2025\/02\/vegelub-case-slick-liquido-min.png","width":754,"height":754},{"@type":"WebPage","@id":"https:\/\/clarustactical.com\/loja\/produto\/vegelub-case-slick-lubrificante-para-calibrar-estojos-de-municao-clarus-tactical-100ml\/#webpage","url":"https:\/\/clarustactical.com\/loja\/produto\/vegelub-case-slick-lubrificante-para-calibrar-estojos-de-municao-clarus-tactical-100ml\/","name":"VegeLub Case Slick - Lubrificante para calibrar estojos de muni\u00e7\u00e3o \u2013 CLARUS Tactical \u2013 100ml &ndash; CLARUS Tactical - Loja Oficial","isPartOf":{"@id":"https:\/\/clarustactical.com\/loja\/#website"},"primaryImageOfPage":{"@id":"https:\/\/clarustactical.com\/loja\/produto\/vegelub-case-slick-lubrificante-para-calibrar-estojos-de-municao-clarus-tactical-100ml\/#primaryimage"},"datePublished":"2025-03-01T01:13:47+00:00","dateModified":"2026-03-27T05:31:26+00:00","breadcrumb":{"@id":"https:\/\/clarustactical.com\/loja\/produto\/vegelub-case-slick-lubrificante-para-calibrar-estojos-de-municao-clarus-tactical-100ml\/#breadcrumb"},"inLanguage":"pt-BR","potentialAction":[{"@type":"ReadAction","target":["https:\/\/clarustactical.com\/loja\/produto\/vegelub-case-slick-lubrificante-para-calibrar-estojos-de-municao-clarus-tactical-100ml\/"]}]},{"@type":"BreadcrumbList","@id":"https:\/\/clarustactical.com\/loja\/produto\/vegelub-case-slick-lubrificante-para-calibrar-estojos-de-municao-clarus-tactical-100ml\/#breadcrumb","itemListElement":[{"@type":"ListItem","position":1,"name":"Home","item":"https:\/\/clarustactical.com\/loja\/"},{"@type":"ListItem","position":2,"name":"Shop","item":"https:\/\/clarustactical.com\/loja\/shop\/"},{"@type":"ListItem","position":3,"name":"VegeLub Case Slick &#8211; Lubrificante para calibrar estojos de muni\u00e7\u00e3o \u2013 CLARUS Tactical \u2013 100ml"}]}]}},"_links":{"self":[{"href":"https:\/\/clarustactical.com\/loja\/wp-json\/wp\/v2\/product\/11181"}],"collection":[{"href":"https:\/\/clarustactical.com\/loja\/wp-json\/wp\/v2\/product"}],"about":[{"href":"https:\/\/clarustactical.com\/loja\/wp-json\/wp\/v2\/types\/product"}],"replies":[{"embeddable":true,"href":"https:\/\/clarustactical.com\/loja\/wp-json\/wp\/v2\/comments?post=11181"}],"wp:featuredmedia":[{"embeddable":true,"href":"https:\/\/clarustactical.com\/loja\/wp-json\/wp\/v2\/media\/11232"}],"wp:attachment":[{"href":"https:\/\/clarustactical.com\/loja\/wp-json\/wp\/v2\/media?parent=11181"}],"wp:term":[{"taxonomy":"product_cat","embeddable":true,"href":"https:\/\/clarustactical.com\/loja\/wp-json\/wp\/v2\/product_cat?post=11181"},{"taxonomy":"product_tag","embeddable":true,"href":"https:\/\/clarustactical.com\/loja\/wp-json\/wp\/v2\/product_tag?post=11181"}],"curies":[{"name":"wp","href":"https:\/\/api.w.org\/{rel}","templated":true}]}}