{"id":11175,"date":"2025-02-28T22:13:22","date_gmt":"2025-03-01T01:13:22","guid":{"rendered":"https:\/\/clarustactical.com\/loja\/?post_type=product&#038;p=11175"},"modified":"2026-04-03T11:54:10","modified_gmt":"2026-04-03T14:54:10","slug":"solventmax-stx-08-limpador-extremo-clarus-tactical-440ml","status":"publish","type":"product","link":"https:\/\/clarustactical.com\/loja\/produto\/solventmax-stx-08-limpador-extremo-clarus-tactical-440ml\/","title":{"rendered":"SolventMax STX-08 &#8211; Limpeza Extrema &#8211; CLARUS Tactical &#8211; 440ml"},"content":{"rendered":"<p><strong>Informa\u00e7\u00f5es sobre o produto:<\/strong><\/p>\n<ul>\n<li>Limpeza extrema e manuten\u00e7\u00e3o em armas de fogo.<\/li>\n<li>M\u00e1ximo desempenho: ideal para<strong> uso profissional por armeiros.<\/strong><\/li>\n<li>Remove chumbamentos, incrusta\u00e7\u00f5es de carbono queimado e de fuligem. Dissolve res\u00edduos de p\u00f3lvora, lubrificantes sujos e detritos pegajosos.<\/li>\n<li>Alto poder de remo\u00e7\u00e3o de borrachas e pol\u00edmeros de muni\u00e7\u00f5es de baixa letalidade em lan\u00e7adores de granadas e similares.<\/li>\n<li>Ideal para todos os tipos de armas: pistolas, rev\u00f3lveres, fuzis, espingardas e carabinas.<\/li>\n<li>Remove tintas de marcadores de paintball.<\/li>\n<\/ul>\n<p><strong>Modo de usar:<\/strong><\/p>\n<ul>\n<li>Agitar o tubo. Distanciar 15 cm do local de aspers\u00e3o em posi\u00e7\u00e3o vertical. Aplique o produto diretamente sobre a parte a limpar.<\/li>\n<li>Utilize somente em armas descarregadas.<\/li>\n<li>Evite contato com partes pintadas, de pol\u00edmero ou madeira. Evitar contato prolongado com as superf\u00edcies.<\/li>\n<li>Ap\u00f3s a limpeza, recomenda-se utilizar o protetivo Prote\u00e7\u00e3o Total PTFE Shield para evitar ferrugem.<\/li>\n<\/ul>\n<p>&nbsp;<\/p>\n<p><strong>Embalagem:<\/strong>\u00a0Aerossol 440ml. Produto inflam\u00e1vel.<\/p>\n","protected":false},"excerpt":{"rendered":"<p>Limpeza Extrema para Armas. Ideal para uso por Armeiros.<\/p>\n","protected":false},"featured_media":11236,"comment_status":"open","ping_status":"closed","template":"","meta":[],"product_cat":[136,24],"product_tag":[],"brands":[{"id":190,"name":"CLARUS Tactical","slug":"clarus-tactical"}],"yoast_head":"<!-- This site is optimized with the Yoast SEO plugin v17.1 - https:\/\/yoast.com\/wordpress\/plugins\/seo\/ -->\n<title>SolventMax STX-08 - Limpeza Extrema - CLARUS Tactical - 440ml &ndash; CLARUS Tactical - Loja Oficial<\/title>\n<meta name=\"robots\" content=\"index, follow, max-snippet:-1, max-image-preview:large, max-video-preview:-1\" \/>\n<link rel=\"canonical\" href=\"https:\/\/clarustactical.com\/loja\/produto\/solventmax-stx-08-limpador-extremo-clarus-tactical-440ml\/\" \/>\n<meta property=\"og:locale\" content=\"pt_BR\" \/>\n<meta property=\"og:type\" content=\"article\" \/>\n<meta property=\"og:title\" content=\"SolventMax STX-08 - Limpeza Extrema - CLARUS Tactical - 440ml &ndash; CLARUS Tactical - Loja Oficial\" \/>\n<meta property=\"og:description\" content=\"Limpeza Extrema para Armas. Ideal para uso por Armeiros.\" \/>\n<meta property=\"og:url\" content=\"https:\/\/clarustactical.com\/loja\/produto\/solventmax-stx-08-limpador-extremo-clarus-tactical-440ml\/\" \/>\n<meta property=\"og:site_name\" content=\"CLARUS Tactical - Loja Oficial\" \/>\n<meta property=\"article:modified_time\" content=\"2026-04-03T14:54:10+00:00\" \/>\n<meta property=\"og:image\" content=\"https:\/\/clarustactical.com\/loja\/wp-content\/uploads\/2025\/02\/solventmax-stx-08-min.png\" \/>\n\t<meta property=\"og:image:width\" content=\"754\" \/>\n\t<meta property=\"og:image:height\" content=\"754\" \/>\n<meta name=\"twitter:card\" content=\"summary_large_image\" \/>\n<meta name=\"twitter:label1\" content=\"Est. reading time\" \/>\n\t<meta name=\"twitter:data1\" content=\"1 minuto\" \/>\n<script type=\"application\/ld+json\" class=\"yoast-schema-graph\">{\"@context\":\"https:\/\/schema.org\",\"@graph\":[{\"@type\":\"WebSite\",\"@id\":\"https:\/\/clarustactical.com\/loja\/#website\",\"url\":\"https:\/\/clarustactical.com\/loja\/\",\"name\":\"ProArmas by CLARUS Tactical\",\"description\":\"Produtos para Manuten\\u00e7\\u00e3o de Armas\",\"potentialAction\":[{\"@type\":\"SearchAction\",\"target\":{\"@type\":\"EntryPoint\",\"urlTemplate\":\"https:\/\/clarustactical.com\/loja\/?s={search_term_string}\"},\"query-input\":\"required name=search_term_string\"}],\"inLanguage\":\"pt-BR\"},{\"@type\":\"ImageObject\",\"@id\":\"https:\/\/clarustactical.com\/loja\/produto\/solventmax-stx-08-limpador-extremo-clarus-tactical-440ml\/#primaryimage\",\"inLanguage\":\"pt-BR\",\"url\":\"https:\/\/clarustactical.com\/loja\/wp-content\/uploads\/2025\/02\/solventmax-stx-08-min.png\",\"contentUrl\":\"https:\/\/clarustactical.com\/loja\/wp-content\/uploads\/2025\/02\/solventmax-stx-08-min.png\",\"width\":754,\"height\":754},{\"@type\":\"WebPage\",\"@id\":\"https:\/\/clarustactical.com\/loja\/produto\/solventmax-stx-08-limpador-extremo-clarus-tactical-440ml\/#webpage\",\"url\":\"https:\/\/clarustactical.com\/loja\/produto\/solventmax-stx-08-limpador-extremo-clarus-tactical-440ml\/\",\"name\":\"SolventMax STX-08 - Limpeza Extrema - CLARUS Tactical - 440ml &ndash; CLARUS Tactical - Loja Oficial\",\"isPartOf\":{\"@id\":\"https:\/\/clarustactical.com\/loja\/#website\"},\"primaryImageOfPage\":{\"@id\":\"https:\/\/clarustactical.com\/loja\/produto\/solventmax-stx-08-limpador-extremo-clarus-tactical-440ml\/#primaryimage\"},\"datePublished\":\"2025-03-01T01:13:22+00:00\",\"dateModified\":\"2026-04-03T14:54:10+00:00\",\"breadcrumb\":{\"@id\":\"https:\/\/clarustactical.com\/loja\/produto\/solventmax-stx-08-limpador-extremo-clarus-tactical-440ml\/#breadcrumb\"},\"inLanguage\":\"pt-BR\",\"potentialAction\":[{\"@type\":\"ReadAction\",\"target\":[\"https:\/\/clarustactical.com\/loja\/produto\/solventmax-stx-08-limpador-extremo-clarus-tactical-440ml\/\"]}]},{\"@type\":\"BreadcrumbList\",\"@id\":\"https:\/\/clarustactical.com\/loja\/produto\/solventmax-stx-08-limpador-extremo-clarus-tactical-440ml\/#breadcrumb\",\"itemListElement\":[{\"@type\":\"ListItem\",\"position\":1,\"name\":\"Home\",\"item\":\"https:\/\/clarustactical.com\/loja\/\"},{\"@type\":\"ListItem\",\"position\":2,\"name\":\"Shop\",\"item\":\"https:\/\/clarustactical.com\/loja\/shop\/\"},{\"@type\":\"ListItem\",\"position\":3,\"name\":\"SolventMax STX-08 &#8211; Limpeza Extrema &#8211; CLARUS Tactical &#8211; 440ml\"}]}]}<\/script>\n<!-- \/ Yoast SEO plugin. -->","yoast_head_json":{"title":"SolventMax STX-08 - Limpeza Extrema - CLARUS Tactical - 440ml &ndash; CLARUS Tactical - Loja Oficial","robots":{"index":"index","follow":"follow","max-snippet":"max-snippet:-1","max-image-preview":"max-image-preview:large","max-video-preview":"max-video-preview:-1"},"canonical":"https:\/\/clarustactical.com\/loja\/produto\/solventmax-stx-08-limpador-extremo-clarus-tactical-440ml\/","og_locale":"pt_BR","og_type":"article","og_title":"SolventMax STX-08 - Limpeza Extrema - CLARUS Tactical - 440ml &ndash; CLARUS Tactical - Loja Oficial","og_description":"Limpeza Extrema para Armas. Ideal para uso por Armeiros.","og_url":"https:\/\/clarustactical.com\/loja\/produto\/solventmax-stx-08-limpador-extremo-clarus-tactical-440ml\/","og_site_name":"CLARUS Tactical - Loja Oficial","article_modified_time":"2026-04-03T14:54:10+00:00","og_image":[{"width":754,"height":754,"filesize":55411,"url":"https:\/\/clarustactical.com\/loja\/wp-content\/uploads\/2025\/02\/solventmax-stx-08-min.png","path":"\/var\/www\/html\/w3-clarustactical\/loja\/wp-content\/uploads\/2025\/02\/solventmax-stx-08-min.png","size":"full","id":11236,"alt":"","pixels":568516,"type":"image\/png"}],"twitter_card":"summary_large_image","twitter_misc":{"Est. reading time":"1 minuto"},"schema":{"@context":"https:\/\/schema.org","@graph":[{"@type":"WebSite","@id":"https:\/\/clarustactical.com\/loja\/#website","url":"https:\/\/clarustactical.com\/loja\/","name":"ProArmas by CLARUS Tactical","description":"Produtos para Manuten\u00e7\u00e3o de Armas","potentialAction":[{"@type":"SearchAction","target":{"@type":"EntryPoint","urlTemplate":"https:\/\/clarustactical.com\/loja\/?s={search_term_string}"},"query-input":"required name=search_term_string"}],"inLanguage":"pt-BR"},{"@type":"ImageObject","@id":"https:\/\/clarustactical.com\/loja\/produto\/solventmax-stx-08-limpador-extremo-clarus-tactical-440ml\/#primaryimage","inLanguage":"pt-BR","url":"https:\/\/clarustactical.com\/loja\/wp-content\/uploads\/2025\/02\/solventmax-stx-08-min.png","contentUrl":"https:\/\/clarustactical.com\/loja\/wp-content\/uploads\/2025\/02\/solventmax-stx-08-min.png","width":754,"height":754},{"@type":"WebPage","@id":"https:\/\/clarustactical.com\/loja\/produto\/solventmax-stx-08-limpador-extremo-clarus-tactical-440ml\/#webpage","url":"https:\/\/clarustactical.com\/loja\/produto\/solventmax-stx-08-limpador-extremo-clarus-tactical-440ml\/","name":"SolventMax STX-08 - Limpeza Extrema - CLARUS Tactical - 440ml &ndash; CLARUS Tactical - Loja Oficial","isPartOf":{"@id":"https:\/\/clarustactical.com\/loja\/#website"},"primaryImageOfPage":{"@id":"https:\/\/clarustactical.com\/loja\/produto\/solventmax-stx-08-limpador-extremo-clarus-tactical-440ml\/#primaryimage"},"datePublished":"2025-03-01T01:13:22+00:00","dateModified":"2026-04-03T14:54:10+00:00","breadcrumb":{"@id":"https:\/\/clarustactical.com\/loja\/produto\/solventmax-stx-08-limpador-extremo-clarus-tactical-440ml\/#breadcrumb"},"inLanguage":"pt-BR","potentialAction":[{"@type":"ReadAction","target":["https:\/\/clarustactical.com\/loja\/produto\/solventmax-stx-08-limpador-extremo-clarus-tactical-440ml\/"]}]},{"@type":"BreadcrumbList","@id":"https:\/\/clarustactical.com\/loja\/produto\/solventmax-stx-08-limpador-extremo-clarus-tactical-440ml\/#breadcrumb","itemListElement":[{"@type":"ListItem","position":1,"name":"Home","item":"https:\/\/clarustactical.com\/loja\/"},{"@type":"ListItem","position":2,"name":"Shop","item":"https:\/\/clarustactical.com\/loja\/shop\/"},{"@type":"ListItem","position":3,"name":"SolventMax STX-08 &#8211; Limpeza Extrema &#8211; CLARUS Tactical &#8211; 440ml"}]}]}},"_links":{"self":[{"href":"https:\/\/clarustactical.com\/loja\/wp-json\/wp\/v2\/product\/11175"}],"collection":[{"href":"https:\/\/clarustactical.com\/loja\/wp-json\/wp\/v2\/product"}],"about":[{"href":"https:\/\/clarustactical.com\/loja\/wp-json\/wp\/v2\/types\/product"}],"replies":[{"embeddable":true,"href":"https:\/\/clarustactical.com\/loja\/wp-json\/wp\/v2\/comments?post=11175"}],"wp:featuredmedia":[{"embeddable":true,"href":"https:\/\/clarustactical.com\/loja\/wp-json\/wp\/v2\/media\/11236"}],"wp:attachment":[{"href":"https:\/\/clarustactical.com\/loja\/wp-json\/wp\/v2\/media?parent=11175"}],"wp:term":[{"taxonomy":"product_cat","embeddable":true,"href":"https:\/\/clarustactical.com\/loja\/wp-json\/wp\/v2\/product_cat?post=11175"},{"taxonomy":"product_tag","embeddable":true,"href":"https:\/\/clarustactical.com\/loja\/wp-json\/wp\/v2\/product_tag?post=11175"}],"curies":[{"name":"wp","href":"https:\/\/api.w.org\/{rel}","templated":true}]}}