{"id":11169,"date":"2025-02-28T17:43:48","date_gmt":"2025-02-28T20:43:48","guid":{"rendered":"https:\/\/clarustactical.com\/loja\/?post_type=product&#038;p=11169"},"modified":"2026-03-25T10:19:45","modified_gmt":"2026-03-25T13:19:45","slug":"vegelub-tactical-desengripante-limpador-de-armas-clarus-tactical-aerossol-440ml","status":"publish","type":"product","link":"https:\/\/clarustactical.com\/loja\/produto\/vegelub-tactical-desengripante-limpador-de-armas-clarus-tactical-aerossol-440ml\/","title":{"rendered":"VegeLub Tactical Desengripante \u2013 Limpador de Armas \u2013 CLARUS Tactical Aerossol 440ml"},"content":{"rendered":"<p>Desengripante para Armas. Inodoro. At\u00f3xico. Embalagem: 440 ml.<\/p>\n<p><strong>Informa\u00e7\u00f5es sobre o produto:<\/strong><\/p>\n<p><strong>VegeLub Tactical Desengripante CLARUS Tactical: produto totalmente inodoro<\/strong>:\u00a0<strong>n\u00e3o deixa cheiro algum<\/strong>. Ideal para limpeza cotidiana de armas dentro de casa. Desengripa, limpa, solta partes emperradas e repele umidade. At\u00f3xico (atende NR-15). Biodegrad\u00e1vel.\u00a0Compat\u00edvel com materiais em geral. Substituto de desengripantes t\u00f3xicos. Dissolve res\u00edduos de p\u00f3lvora, cobre, chumbo, lat\u00e3o e zinco.\u00a0N\u00e3o atrai poeira e n\u00e3o deixa res\u00edduos pegajosos<\/p>\n<p><strong>Campo de aplica\u00e7\u00e3o:<\/strong><\/p>\n<ul>\n<li>Limpa todas as partes da arma.<\/li>\n<li>Totalmente inodoro: ideal para limpeza da armas dentro de casa.<\/li>\n<li>Repele umidade<\/li>\n<li>At\u00f3xico. N\u00e3o insalubre. (atende NR-15).<\/li>\n<li>N\u00e3o ataca materiais.<\/li>\n<li>Biodegrad\u00e1vel.<\/li>\n<li>Ideal para ser utilizado junto \u00e0 escova de limpeza.<\/li>\n<li>Remove adesivos.<\/li>\n<li>Pode ser utilizado em armas de fogo, airsoft, press\u00e3o, paintball e cutelaria, na limpeza e manuten\u00e7\u00e3o.<\/li>\n<li>Limpa e d\u00e1 brilho em superf\u00edcies de a\u00e7o inox e cromadas.<\/li>\n<li>Solta pe\u00e7as, parafusos e partes emperradas.<\/li>\n<li>Elimina a umidade de equipamentos el\u00e9tricos e eletr\u00f4nicos.<\/li>\n<li>Ideal para limpeza de food trucks.<\/li>\n<li>Pode ser utilizado em aplica\u00e7\u00f5es dom\u00e9sticas, profissionais,de lazer, ou industriais.<\/li>\n<\/ul>\n<p>Embalagem: Aerossol de 440 mL.<\/p>\n<p>Agitar o tubo. Distanciar 15 cm do local de aspers\u00e3o em posi\u00e7\u00e3o vertical. Aplique o produto diretamente sobre o sistema a limpar ou desengripar..<\/p>\n<p><strong style=\"line-height: 1.5;\">Especifica\u00e7\u00e3o T\u00e9cnica:<\/strong><\/p>\n<p>Fabricante: CLARUS Technology do Brasil.<\/p>\n<p><strong style=\"line-height: 1.5;\">Envio:<\/strong><\/p>\n<p>Seu pedido ser\u00e1 enviado \u00e0 transportadora em at\u00e9 5 dias \u00fateis ap\u00f3s a confirma\u00e7\u00e3o do pagamento. O prazo de entrega poder\u00e1 variar dependendo da regi\u00e3o e forma de envio escolhida. Sujeito a disponibilidade do Fornecedor.<\/p>\n","protected":false},"excerpt":{"rendered":"<p>Desengripante para Armas. Inodoro e At\u00f3xico. Embalagem: 440 ml.<\/p>\n","protected":false},"featured_media":11238,"comment_status":"closed","ping_status":"closed","template":"","meta":[],"product_cat":[137,136,24],"product_tag":[],"brands":[{"id":190,"name":"CLARUS Tactical","slug":"clarus-tactical"}],"yoast_head":"<!-- This site is optimized with the Yoast SEO plugin v17.1 - https:\/\/yoast.com\/wordpress\/plugins\/seo\/ -->\n<title>VegeLub Tactical Desengripante \u2013 Limpador de Armas \u2013 CLARUS Tactical Aerossol 440ml &ndash; CLARUS Tactical - Loja Oficial<\/title>\n<meta name=\"robots\" content=\"index, follow, max-snippet:-1, max-image-preview:large, max-video-preview:-1\" \/>\n<link rel=\"canonical\" href=\"https:\/\/clarustactical.com\/loja\/produto\/vegelub-tactical-desengripante-limpador-de-armas-clarus-tactical-aerossol-440ml\/\" \/>\n<meta property=\"og:locale\" content=\"pt_BR\" \/>\n<meta property=\"og:type\" content=\"article\" \/>\n<meta property=\"og:title\" content=\"VegeLub Tactical Desengripante \u2013 Limpador de Armas \u2013 CLARUS Tactical Aerossol 440ml &ndash; CLARUS Tactical - Loja Oficial\" \/>\n<meta property=\"og:description\" content=\"Desengripante para Armas. Inodoro e At\u00f3xico. Embalagem: 440 ml.\" \/>\n<meta property=\"og:url\" content=\"https:\/\/clarustactical.com\/loja\/produto\/vegelub-tactical-desengripante-limpador-de-armas-clarus-tactical-aerossol-440ml\/\" \/>\n<meta property=\"og:site_name\" content=\"CLARUS Tactical - Loja Oficial\" \/>\n<meta property=\"article:modified_time\" content=\"2026-03-25T13:19:45+00:00\" \/>\n<meta property=\"og:image\" content=\"https:\/\/clarustactical.com\/loja\/wp-content\/uploads\/2025\/02\/vegelub-tactical-desengripante-min.png\" \/>\n\t<meta property=\"og:image:width\" content=\"754\" \/>\n\t<meta property=\"og:image:height\" content=\"754\" \/>\n<meta name=\"twitter:card\" content=\"summary_large_image\" \/>\n<meta name=\"twitter:label1\" content=\"Est. reading time\" \/>\n\t<meta name=\"twitter:data1\" content=\"1 minuto\" \/>\n<script type=\"application\/ld+json\" class=\"yoast-schema-graph\">{\"@context\":\"https:\/\/schema.org\",\"@graph\":[{\"@type\":\"WebSite\",\"@id\":\"https:\/\/clarustactical.com\/loja\/#website\",\"url\":\"https:\/\/clarustactical.com\/loja\/\",\"name\":\"ProArmas by CLARUS Tactical\",\"description\":\"Produtos para Manuten\\u00e7\\u00e3o de Armas\",\"potentialAction\":[{\"@type\":\"SearchAction\",\"target\":{\"@type\":\"EntryPoint\",\"urlTemplate\":\"https:\/\/clarustactical.com\/loja\/?s={search_term_string}\"},\"query-input\":\"required name=search_term_string\"}],\"inLanguage\":\"pt-BR\"},{\"@type\":\"ImageObject\",\"@id\":\"https:\/\/clarustactical.com\/loja\/produto\/vegelub-tactical-desengripante-limpador-de-armas-clarus-tactical-aerossol-440ml\/#primaryimage\",\"inLanguage\":\"pt-BR\",\"url\":\"https:\/\/clarustactical.com\/loja\/wp-content\/uploads\/2025\/02\/vegelub-tactical-desengripante-min.png\",\"contentUrl\":\"https:\/\/clarustactical.com\/loja\/wp-content\/uploads\/2025\/02\/vegelub-tactical-desengripante-min.png\",\"width\":754,\"height\":754},{\"@type\":\"WebPage\",\"@id\":\"https:\/\/clarustactical.com\/loja\/produto\/vegelub-tactical-desengripante-limpador-de-armas-clarus-tactical-aerossol-440ml\/#webpage\",\"url\":\"https:\/\/clarustactical.com\/loja\/produto\/vegelub-tactical-desengripante-limpador-de-armas-clarus-tactical-aerossol-440ml\/\",\"name\":\"VegeLub Tactical Desengripante \\u2013 Limpador de Armas \\u2013 CLARUS Tactical Aerossol 440ml &ndash; CLARUS Tactical - Loja Oficial\",\"isPartOf\":{\"@id\":\"https:\/\/clarustactical.com\/loja\/#website\"},\"primaryImageOfPage\":{\"@id\":\"https:\/\/clarustactical.com\/loja\/produto\/vegelub-tactical-desengripante-limpador-de-armas-clarus-tactical-aerossol-440ml\/#primaryimage\"},\"datePublished\":\"2025-02-28T20:43:48+00:00\",\"dateModified\":\"2026-03-25T13:19:45+00:00\",\"breadcrumb\":{\"@id\":\"https:\/\/clarustactical.com\/loja\/produto\/vegelub-tactical-desengripante-limpador-de-armas-clarus-tactical-aerossol-440ml\/#breadcrumb\"},\"inLanguage\":\"pt-BR\",\"potentialAction\":[{\"@type\":\"ReadAction\",\"target\":[\"https:\/\/clarustactical.com\/loja\/produto\/vegelub-tactical-desengripante-limpador-de-armas-clarus-tactical-aerossol-440ml\/\"]}]},{\"@type\":\"BreadcrumbList\",\"@id\":\"https:\/\/clarustactical.com\/loja\/produto\/vegelub-tactical-desengripante-limpador-de-armas-clarus-tactical-aerossol-440ml\/#breadcrumb\",\"itemListElement\":[{\"@type\":\"ListItem\",\"position\":1,\"name\":\"Home\",\"item\":\"https:\/\/clarustactical.com\/loja\/\"},{\"@type\":\"ListItem\",\"position\":2,\"name\":\"Shop\",\"item\":\"https:\/\/clarustactical.com\/loja\/shop\/\"},{\"@type\":\"ListItem\",\"position\":3,\"name\":\"VegeLub Tactical Desengripante \\u2013 Limpador de Armas \\u2013 CLARUS Tactical Aerossol 440ml\"}]}]}<\/script>\n<!-- \/ Yoast SEO plugin. -->","yoast_head_json":{"title":"VegeLub Tactical Desengripante \u2013 Limpador de Armas \u2013 CLARUS Tactical Aerossol 440ml &ndash; CLARUS Tactical - Loja Oficial","robots":{"index":"index","follow":"follow","max-snippet":"max-snippet:-1","max-image-preview":"max-image-preview:large","max-video-preview":"max-video-preview:-1"},"canonical":"https:\/\/clarustactical.com\/loja\/produto\/vegelub-tactical-desengripante-limpador-de-armas-clarus-tactical-aerossol-440ml\/","og_locale":"pt_BR","og_type":"article","og_title":"VegeLub Tactical Desengripante \u2013 Limpador de Armas \u2013 CLARUS Tactical Aerossol 440ml &ndash; CLARUS Tactical - Loja Oficial","og_description":"Desengripante para Armas. Inodoro e At\u00f3xico. Embalagem: 440 ml.","og_url":"https:\/\/clarustactical.com\/loja\/produto\/vegelub-tactical-desengripante-limpador-de-armas-clarus-tactical-aerossol-440ml\/","og_site_name":"CLARUS Tactical - Loja Oficial","article_modified_time":"2026-03-25T13:19:45+00:00","og_image":[{"width":754,"height":754,"filesize":55817,"url":"https:\/\/clarustactical.com\/loja\/wp-content\/uploads\/2025\/02\/vegelub-tactical-desengripante-min.png","path":"\/var\/www\/html\/w3-clarustactical\/loja\/wp-content\/uploads\/2025\/02\/vegelub-tactical-desengripante-min.png","size":"full","id":11238,"alt":"","pixels":568516,"type":"image\/png"}],"twitter_card":"summary_large_image","twitter_misc":{"Est. reading time":"1 minuto"},"schema":{"@context":"https:\/\/schema.org","@graph":[{"@type":"WebSite","@id":"https:\/\/clarustactical.com\/loja\/#website","url":"https:\/\/clarustactical.com\/loja\/","name":"ProArmas by CLARUS Tactical","description":"Produtos para Manuten\u00e7\u00e3o de Armas","potentialAction":[{"@type":"SearchAction","target":{"@type":"EntryPoint","urlTemplate":"https:\/\/clarustactical.com\/loja\/?s={search_term_string}"},"query-input":"required name=search_term_string"}],"inLanguage":"pt-BR"},{"@type":"ImageObject","@id":"https:\/\/clarustactical.com\/loja\/produto\/vegelub-tactical-desengripante-limpador-de-armas-clarus-tactical-aerossol-440ml\/#primaryimage","inLanguage":"pt-BR","url":"https:\/\/clarustactical.com\/loja\/wp-content\/uploads\/2025\/02\/vegelub-tactical-desengripante-min.png","contentUrl":"https:\/\/clarustactical.com\/loja\/wp-content\/uploads\/2025\/02\/vegelub-tactical-desengripante-min.png","width":754,"height":754},{"@type":"WebPage","@id":"https:\/\/clarustactical.com\/loja\/produto\/vegelub-tactical-desengripante-limpador-de-armas-clarus-tactical-aerossol-440ml\/#webpage","url":"https:\/\/clarustactical.com\/loja\/produto\/vegelub-tactical-desengripante-limpador-de-armas-clarus-tactical-aerossol-440ml\/","name":"VegeLub Tactical Desengripante \u2013 Limpador de Armas \u2013 CLARUS Tactical Aerossol 440ml &ndash; CLARUS Tactical - Loja Oficial","isPartOf":{"@id":"https:\/\/clarustactical.com\/loja\/#website"},"primaryImageOfPage":{"@id":"https:\/\/clarustactical.com\/loja\/produto\/vegelub-tactical-desengripante-limpador-de-armas-clarus-tactical-aerossol-440ml\/#primaryimage"},"datePublished":"2025-02-28T20:43:48+00:00","dateModified":"2026-03-25T13:19:45+00:00","breadcrumb":{"@id":"https:\/\/clarustactical.com\/loja\/produto\/vegelub-tactical-desengripante-limpador-de-armas-clarus-tactical-aerossol-440ml\/#breadcrumb"},"inLanguage":"pt-BR","potentialAction":[{"@type":"ReadAction","target":["https:\/\/clarustactical.com\/loja\/produto\/vegelub-tactical-desengripante-limpador-de-armas-clarus-tactical-aerossol-440ml\/"]}]},{"@type":"BreadcrumbList","@id":"https:\/\/clarustactical.com\/loja\/produto\/vegelub-tactical-desengripante-limpador-de-armas-clarus-tactical-aerossol-440ml\/#breadcrumb","itemListElement":[{"@type":"ListItem","position":1,"name":"Home","item":"https:\/\/clarustactical.com\/loja\/"},{"@type":"ListItem","position":2,"name":"Shop","item":"https:\/\/clarustactical.com\/loja\/shop\/"},{"@type":"ListItem","position":3,"name":"VegeLub Tactical Desengripante \u2013 Limpador de Armas \u2013 CLARUS Tactical Aerossol 440ml"}]}]}},"_links":{"self":[{"href":"https:\/\/clarustactical.com\/loja\/wp-json\/wp\/v2\/product\/11169"}],"collection":[{"href":"https:\/\/clarustactical.com\/loja\/wp-json\/wp\/v2\/product"}],"about":[{"href":"https:\/\/clarustactical.com\/loja\/wp-json\/wp\/v2\/types\/product"}],"replies":[{"embeddable":true,"href":"https:\/\/clarustactical.com\/loja\/wp-json\/wp\/v2\/comments?post=11169"}],"wp:featuredmedia":[{"embeddable":true,"href":"https:\/\/clarustactical.com\/loja\/wp-json\/wp\/v2\/media\/11238"}],"wp:attachment":[{"href":"https:\/\/clarustactical.com\/loja\/wp-json\/wp\/v2\/media?parent=11169"}],"wp:term":[{"taxonomy":"product_cat","embeddable":true,"href":"https:\/\/clarustactical.com\/loja\/wp-json\/wp\/v2\/product_cat?post=11169"},{"taxonomy":"product_tag","embeddable":true,"href":"https:\/\/clarustactical.com\/loja\/wp-json\/wp\/v2\/product_tag?post=11169"}],"curies":[{"name":"wp","href":"https:\/\/api.w.org\/{rel}","templated":true}]}}