{"id":6,"date":"2021-07-22T09:32:00","date_gmt":"2021-07-22T12:32:00","guid":{"rendered":"https:\/\/homologacao.clarustactical.com.br\/wordpress\/?page_id=6"},"modified":"2021-07-29T13:57:19","modified_gmt":"2021-07-29T16:57:19","slug":"sobre","status":"publish","type":"page","link":"https:\/\/clarustactical.com\/loja\/sobre\/","title":{"rendered":"Sobre"},"content":{"rendered":"<h2>CLARUS TACTICAL: TIRO CERTO. BRASILEIRO. TECNOL\u00d3GICO. ECOL\u00d3GICO.<\/h2>\n<p>A\u00a0<strong>CLARUS Tactical<\/strong>\u00a0\u00e9 uma divis\u00e3o da\u00a0<strong>CLARUS Technology do Brasil<\/strong>\u00a0especializada em produtos qu\u00edmicos ecol\u00f3gicos para manuten\u00e7\u00e3o de armas de fogo, equipamentos t\u00e1ticos e cutelaria.<\/p>\n<p>Uma empresa 100% nacional, que traz uma abordagem diferenciada para o mercado de limpeza, manuten\u00e7\u00e3o e lubrifica\u00e7\u00e3o de armas. Sua linha de produtos de alt\u00edssimo desempenho, at\u00f3xicos e ecol\u00f3gicos, proporcionam m\u00e1xima seguran\u00e7a operacional para o usu\u00e1rio.<\/p>\n<p>Estes produtos s\u00e3o o resultado de anos de expertise com tecnologias de ponta, inclusive utilizadas em aplica\u00e7\u00f5es aeroespaciais, garantindo excepcional efici\u00eancia e compatibilidade t\u00e9cnica com materiais utilizados na fabrica\u00e7\u00e3o das armas, inclusive pol\u00edmeros, e que, ao mesmo tempo, s\u00e3o menos agressivos para a sa\u00fade do usu\u00e1rio e ao meio ambiente.<\/p>\n<p>Conhe\u00e7a os produtos que v\u00eam conquistando atiradores e armeiros em todo o Brasil, al\u00e9m de excepcionais avalia\u00e7\u00f5es junto a profissionais do setor.<\/p>\n<h2>Sobre a CLARUS Technology<\/h2>\n<p>A CLARUS Technology do Brasil \u00e9 uma empresa com mais de 40 anos de hist\u00f3ria no desenvolvimento de solu\u00e7\u00f5es qu\u00edmicas tecnol\u00f3gicas para aplica\u00e7\u00f5es industriais de alta demanda, fornecendo produtos para as mais variadas \u00e1reas de atua\u00e7\u00e3o, inclusive automotiva, rob\u00f3tica, avia\u00e7\u00e3o, minera\u00e7\u00e3o e militar. Certificada ISO-9001 e ISO-14001, desde o final dos anos 90, desenvolve seus produtos com foco ecol\u00f3gico e com mais seguran\u00e7a operacional e sa\u00fade para o usu\u00e1rio, fornecendo solu\u00e7\u00f5es de alta tecnologia e m\u00e1ximo desempenho.<\/p>\n","protected":false},"excerpt":{"rendered":"<p>CLARUS TACTICAL: TIRO CERTO. BRASILEIRO. TECNOL\u00d3GICO. ECOL\u00d3GICO. A\u00a0CLARUS Tactical\u00a0\u00e9 uma divis\u00e3o da\u00a0CLARUS Technology do Brasil\u00a0especializada em produtos qu\u00edmicos ecol\u00f3gicos para manuten\u00e7\u00e3o de armas de fogo, equipamentos t\u00e1ticos e cutelaria. Uma empresa 100% nacional, que traz uma abordagem diferenciada para o mercado de limpeza, manuten\u00e7\u00e3o e lubrifica\u00e7\u00e3o de armas. Sua linha de produtos de alt\u00edssimo desempenho, [&hellip;]<\/p>\n","protected":false},"author":1,"featured_media":0,"parent":0,"menu_order":0,"comment_status":"closed","ping_status":"closed","template":"template-fullwidth.php","meta":[],"yoast_head":"<!-- This site is optimized with the Yoast SEO plugin v17.1 - https:\/\/yoast.com\/wordpress\/plugins\/seo\/ -->\n<title>Sobre &ndash; CLARUS Tactical - Loja Oficial<\/title>\n<meta name=\"robots\" content=\"index, follow, max-snippet:-1, max-image-preview:large, max-video-preview:-1\" \/>\n<link rel=\"canonical\" href=\"https:\/\/clarustactical.com\/loja\/sobre\/\" \/>\n<meta property=\"og:locale\" content=\"pt_BR\" \/>\n<meta property=\"og:type\" content=\"article\" \/>\n<meta property=\"og:title\" content=\"Sobre &ndash; CLARUS Tactical - Loja Oficial\" \/>\n<meta property=\"og:description\" content=\"CLARUS TACTICAL: TIRO CERTO. BRASILEIRO. TECNOL\u00d3GICO. ECOL\u00d3GICO. A\u00a0CLARUS Tactical\u00a0\u00e9 uma divis\u00e3o da\u00a0CLARUS Technology do Brasil\u00a0especializada em produtos qu\u00edmicos ecol\u00f3gicos para manuten\u00e7\u00e3o de armas de fogo, equipamentos t\u00e1ticos e cutelaria. Uma empresa 100% nacional, que traz uma abordagem diferenciada para o mercado de limpeza, manuten\u00e7\u00e3o e lubrifica\u00e7\u00e3o de armas. Sua linha de produtos de alt\u00edssimo desempenho, [&hellip;]\" \/>\n<meta property=\"og:url\" content=\"https:\/\/clarustactical.com\/loja\/sobre\/\" \/>\n<meta property=\"og:site_name\" content=\"CLARUS Tactical - Loja Oficial\" \/>\n<meta property=\"article:modified_time\" content=\"2021-07-29T16:57:19+00:00\" \/>\n<meta name=\"twitter:card\" content=\"summary_large_image\" \/>\n<meta name=\"twitter:label1\" content=\"Est. reading time\" \/>\n\t<meta name=\"twitter:data1\" content=\"1 minuto\" \/>\n<script type=\"application\/ld+json\" class=\"yoast-schema-graph\">{\"@context\":\"https:\/\/schema.org\",\"@graph\":[{\"@type\":\"WebSite\",\"@id\":\"https:\/\/clarustactical.com\/loja\/#website\",\"url\":\"https:\/\/clarustactical.com\/loja\/\",\"name\":\"ProArmas by CLARUS Tactical\",\"description\":\"Produtos para Manuten\\u00e7\\u00e3o de Armas\",\"potentialAction\":[{\"@type\":\"SearchAction\",\"target\":{\"@type\":\"EntryPoint\",\"urlTemplate\":\"https:\/\/clarustactical.com\/loja\/?s={search_term_string}\"},\"query-input\":\"required name=search_term_string\"}],\"inLanguage\":\"pt-BR\"},{\"@type\":\"WebPage\",\"@id\":\"https:\/\/clarustactical.com\/loja\/sobre\/#webpage\",\"url\":\"https:\/\/clarustactical.com\/loja\/sobre\/\",\"name\":\"Sobre &ndash; CLARUS Tactical - Loja Oficial\",\"isPartOf\":{\"@id\":\"https:\/\/clarustactical.com\/loja\/#website\"},\"datePublished\":\"2021-07-22T12:32:00+00:00\",\"dateModified\":\"2021-07-29T16:57:19+00:00\",\"breadcrumb\":{\"@id\":\"https:\/\/clarustactical.com\/loja\/sobre\/#breadcrumb\"},\"inLanguage\":\"pt-BR\",\"potentialAction\":[{\"@type\":\"ReadAction\",\"target\":[\"https:\/\/clarustactical.com\/loja\/sobre\/\"]}]},{\"@type\":\"BreadcrumbList\",\"@id\":\"https:\/\/clarustactical.com\/loja\/sobre\/#breadcrumb\",\"itemListElement\":[{\"@type\":\"ListItem\",\"position\":1,\"name\":\"Home\",\"item\":\"https:\/\/clarustactical.com\/loja\/\"},{\"@type\":\"ListItem\",\"position\":2,\"name\":\"Sobre\"}]}]}<\/script>\n<!-- \/ Yoast SEO plugin. -->","yoast_head_json":{"title":"Sobre &ndash; CLARUS Tactical - Loja Oficial","robots":{"index":"index","follow":"follow","max-snippet":"max-snippet:-1","max-image-preview":"max-image-preview:large","max-video-preview":"max-video-preview:-1"},"canonical":"https:\/\/clarustactical.com\/loja\/sobre\/","og_locale":"pt_BR","og_type":"article","og_title":"Sobre &ndash; CLARUS Tactical - Loja Oficial","og_description":"CLARUS TACTICAL: TIRO CERTO. BRASILEIRO. TECNOL\u00d3GICO. ECOL\u00d3GICO. A\u00a0CLARUS Tactical\u00a0\u00e9 uma divis\u00e3o da\u00a0CLARUS Technology do Brasil\u00a0especializada em produtos qu\u00edmicos ecol\u00f3gicos para manuten\u00e7\u00e3o de armas de fogo, equipamentos t\u00e1ticos e cutelaria. Uma empresa 100% nacional, que traz uma abordagem diferenciada para o mercado de limpeza, manuten\u00e7\u00e3o e lubrifica\u00e7\u00e3o de armas. Sua linha de produtos de alt\u00edssimo desempenho, [&hellip;]","og_url":"https:\/\/clarustactical.com\/loja\/sobre\/","og_site_name":"CLARUS Tactical - Loja Oficial","article_modified_time":"2021-07-29T16:57:19+00:00","twitter_card":"summary_large_image","twitter_misc":{"Est. reading time":"1 minuto"},"schema":{"@context":"https:\/\/schema.org","@graph":[{"@type":"WebSite","@id":"https:\/\/clarustactical.com\/loja\/#website","url":"https:\/\/clarustactical.com\/loja\/","name":"ProArmas by CLARUS Tactical","description":"Produtos para Manuten\u00e7\u00e3o de Armas","potentialAction":[{"@type":"SearchAction","target":{"@type":"EntryPoint","urlTemplate":"https:\/\/clarustactical.com\/loja\/?s={search_term_string}"},"query-input":"required name=search_term_string"}],"inLanguage":"pt-BR"},{"@type":"WebPage","@id":"https:\/\/clarustactical.com\/loja\/sobre\/#webpage","url":"https:\/\/clarustactical.com\/loja\/sobre\/","name":"Sobre &ndash; CLARUS Tactical - Loja Oficial","isPartOf":{"@id":"https:\/\/clarustactical.com\/loja\/#website"},"datePublished":"2021-07-22T12:32:00+00:00","dateModified":"2021-07-29T16:57:19+00:00","breadcrumb":{"@id":"https:\/\/clarustactical.com\/loja\/sobre\/#breadcrumb"},"inLanguage":"pt-BR","potentialAction":[{"@type":"ReadAction","target":["https:\/\/clarustactical.com\/loja\/sobre\/"]}]},{"@type":"BreadcrumbList","@id":"https:\/\/clarustactical.com\/loja\/sobre\/#breadcrumb","itemListElement":[{"@type":"ListItem","position":1,"name":"Home","item":"https:\/\/clarustactical.com\/loja\/"},{"@type":"ListItem","position":2,"name":"Sobre"}]}]}},"_links":{"self":[{"href":"https:\/\/clarustactical.com\/loja\/wp-json\/wp\/v2\/pages\/6"}],"collection":[{"href":"https:\/\/clarustactical.com\/loja\/wp-json\/wp\/v2\/pages"}],"about":[{"href":"https:\/\/clarustactical.com\/loja\/wp-json\/wp\/v2\/types\/page"}],"author":[{"embeddable":true,"href":"https:\/\/clarustactical.com\/loja\/wp-json\/wp\/v2\/users\/1"}],"replies":[{"embeddable":true,"href":"https:\/\/clarustactical.com\/loja\/wp-json\/wp\/v2\/comments?post=6"}],"version-history":[{"count":4,"href":"https:\/\/clarustactical.com\/loja\/wp-json\/wp\/v2\/pages\/6\/revisions"}],"predecessor-version":[{"id":1020,"href":"https:\/\/clarustactical.com\/loja\/wp-json\/wp\/v2\/pages\/6\/revisions\/1020"}],"wp:attachment":[{"href":"https:\/\/clarustactical.com\/loja\/wp-json\/wp\/v2\/media?parent=6"}],"curies":[{"name":"wp","href":"https:\/\/api.w.org\/{rel}","templated":true}]}}